{"id":1043,"date":"2023-09-21T12:06:35","date_gmt":"2023-09-21T10:06:35","guid":{"rendered":"https:\/\/diversityspace.de\/?page_id=1043"},"modified":"2024-02-07T09:52:09","modified_gmt":"2024-02-07T08:52:09","slug":"was-leisten-die-musteranalysen-analysemethoden","status":"publish","type":"page","link":"https:\/\/diversityspace.de\/?page_id=1043","title":{"rendered":"Was leisten die Analysemethoden?"},"content":{"rendered":"\n<p>Die Musteranalysen wurden von Expert*innen, sowie Studierenden erstellt und sind das Produkt der analysierten Materialien. Sie k\u00f6nnen als Impuls und Inspiration genutzt werden. Um einen Einblick in die verschiedenen Analysemethoden zu erhalten, befindet sich auf dieser Seite eine \u00dcbersicht zu der Artefaktanalyse, der Bilderbuchanalyse, der didaktischen sowie der spieltheoretischen Analyse. Die Punkte orientieren sich an der Frage, was die Musteranalysen leisten und was sie nicht abdecken k\u00f6nnen.  In der ersten Tabelle sind die forschungsorientierten und in der zweiten die didaktisch-forschendorientierten Methoden abgebildet. <\/p>\n\n\n\n<p class=\"has-medium-font-size\">Forschungsorientiert: Artefaktanalyse und Bilderbuchanalyse<\/p>\n\n\n\n<figure class=\"wp-block-table aligncenter is-style-regular has-small-font-size\"><table class=\"has-pale-ocean-gradient-background has-background\"><tbody><tr><td class=\"has-text-align-center\" data-align=\"center\"><\/td><td><\/td><\/tr><tr><td class=\"has-text-align-center\" data-align=\"center\"><strong>Artefaktanalyse (Lueger &amp; Froschauer 2018)<\/strong><\/td><td><strong>Bilderbuchanalyse (Staiger 2022)<\/strong><\/td><\/tr><tr><td class=\"has-text-align-center\" data-align=\"center\">Die Artefaktanalyse eignet sich f\u00fcr die Analyse und Rekonstruktion von Materialien und ihrer sozialen Eingebundenheit. <\/td><td>Die Bilderbuchanalyse dient zur kritischen Untersuchung und Analyse von Bilderb\u00fcchern.<\/td><\/tr><tr><td class=\"has-text-align-center\" data-align=\"center\">+ Die Analyse von Artefakten dient der Bewertung der Wirksamkeit von Bildungsinhalten und p\u00e4dagogischen Praktiken.<\/td><td>+ Die Bilderbuchanalyse erleichtert die p\u00e4dagogische Materialauswahl, da sie Impulse f\u00fcr geeignete B\u00fccher hinsichtlich der Altersgruppe, p\u00e4dagogischer Ziele und Inhalte liefert.<\/td><\/tr><tr><td class=\"has-text-align-center\" data-align=\"center\">+ Mithilfe dessen k\u00f6nnen historische und kulturelle Kontextualisierung, Bildungsentwicklungen und der Einfluss gesellschaftlicher Ver\u00e4nderungen abgebildet werden.<\/td><td>+ Mithilfe der Analyse entsteht ein besseres Verst\u00e4ndnis f\u00fcr Buchinhalte, wie Werte und Lernziele.<\/td><\/tr><tr><td class=\"has-text-align-center\" data-align=\"center\">+ Zudem k\u00f6nnen Auswirkungen politischer Ma\u00dfnahmen erkannt und benannt werden.<\/td><td>+ Besonders f\u00fcr das Projekt von Relevanz ist die kritische Beurteilung \u00fcber die Darstellung von Differenz (Geschlecht, natio-ethno-kultureller Hintergrund, Klasse, K\u00f6rper usw.). <\/td><\/tr><tr><td class=\"has-text-align-center\" data-align=\"center\">+ Das Ergebnis er Analyse kann f\u00fcr die  Entwicklung von Lern- und Lehrmaterial (Grenzen und Schwachstellen identifizieren und Empfehlungen geben, Qualit\u00e4tssteigerung, Evaluation) genutzt werden und bildet so eine Forschungsgrundlage.<\/td><td>+ Zudem unterst\u00fctzt die Analyse die Forschung und Theoriebildung, die Entwicklung von Lehrmaterial sowie die Identifizierung von Lesekompetenz. <\/td><\/tr><tr><td class=\"has-text-align-center\" data-align=\"center\"><strong>Neben dem hohen Erkenntnisgewinn der Analysemethoden kommen sie in einigen Bereichen an ihre Grenzen. Hier einige Beispiele:  <\/strong><\/td><td><\/td><\/tr><tr><td class=\"has-text-align-center\" data-align=\"center\">&#8211; Da die Artefaktanalyse nicht mit empirischen Daten, wie Beobachtungen oder Interviews arbeitet, kann sie kein Verst\u00e4ndnis f\u00fcr p\u00e4dagogische Prozesse leisten. <\/td><td>&#8211; Trotz der Reflexion und Beurteilung der Bilderb\u00fccher, k\u00f6nnen die Ergebnisse der Analyse nicht generalisiert werden. Sie sind kein Anreiz daf\u00fcr, dass Fachkr\u00e4fte ihre Haltung reflektieren, da in Bilderb\u00fcchern keine Handlungsanweisungen stattfinden.<\/td><\/tr><tr><td class=\"has-text-align-center\" data-align=\"center\">&#8211; Zudem k\u00f6nnen kontextuelle Einschr\u00e4nkungen auftauchen auf Grund von fehlenden Informationen.<\/td><td>&#8211; die Erz\u00e4hlungen und Geschichten verschaffen nur einen begrenzten Einblick in soziale Kontexte, wie reale soziale Dynamiken und Interaktionen.<\/td><\/tr><tr><td class=\"has-text-align-center\" data-align=\"center\">&#8211;  Die Analyse ist nicht dazu ausgelegt neue Informationen zu generieren oder verallgemeinernde Aussagen zu treffen. Die Forschungsorientierheit beschr\u00e4nkt die praktische Anwendbarkeit. <\/td><td>&#8211; Die Analysen zeigen, dass die Vielfalt der Lernenden nicht immer ber\u00fccksichtigt wird.<\/td><\/tr><\/tbody><\/table><\/figure>\n\n\n\n<p><\/p>\n\n\n\n<p class=\"has-medium-font-size\">Didaktisch orientiert: Spieltheoretische und didaktische Analyse &#8211; entwickelt und erprobt durch Peter Cloos und Svenja Garbade in Anlehnung an Neu\u00df (2018) sowie Baar (2020)<\/p>\n\n\n\n<figure class=\"wp-block-table has-small-font-size\"><table class=\"has-pale-ocean-gradient-background has-background\"><tbody><tr><td><\/td><td><\/td><\/tr><tr><td><strong>Didaktische Analyse (Neu\u00df 2018)<\/strong><\/td><td><strong>Spieltheoretische Analyse (Baar 2020)<\/strong><\/td><\/tr><tr><td>Die didaktische Analyse wird f\u00fcr die Zielsetzung und Planung von p\u00e4dagogischen Zielen f\u00fcr die Bildungsarbeit von Kindern genutzt. <\/td><td>Mithilfe der spieltheoretischen Analyse k\u00f6nnen Interaktionen von Kindern im Spiel und Gruppensituationen analysiert werden. <\/td><\/tr><tr><td>+ Das Konzept der didaktischen Analyse erm\u00f6glicht eine Orientierung an Bed\u00fcrfnissen und W\u00fcnschen der Kindern mit Ber\u00fccksichtigung der Entwicklungsstufen. <\/td><td>+ Die Analysemethode erm\u00f6glicht  die F\u00f6rderung der sozialen Kompetenz der Kinder hinsichtlich der Reduzierung von Konflikten, F\u00f6rderung von Teamarbeit und Entwicklung von Empathie sowie Ressourcenvermittlung. <\/td><\/tr><tr><td>+ Sie erleichtert die Auswahl geeigneter Lehrmittel und Begr\u00fcndung p\u00e4dagogischer Mittel und Ziele sowie der Evaluierung und Verbesserung der p\u00e4dagogischen Arbeit. <\/td><td>+ Spielprozesse k\u00f6nnen nachgezeichnet und verstanden werden, indem eine Identifizierung von Entscheidungsfindungen stattfindet. <\/td><\/tr><tr><td>+ In der Auseinandersetzung mit der Analyse finden Prozesse von Reflexion und Professionalisierung statt.<\/td><td>+ Die Erg\u00e4nzung des Memos kann reflexive Prozesse anregen und die Rolle des Spielenden abbilden und so zur Dekonstruktion des Materials f\u00fchren. <\/td><\/tr><tr><td><strong>Dennoch k\u00f6nnen die Analysemethoden nicht jeden Bereich abdecken, weshalb einige Grenzen genannt werden. <\/strong><\/td><td><\/td><\/tr><tr><td>&#8211; Die individuellen Bed\u00fcrfnisse und F\u00e4higkeiten jedes Kindes k\u00f6nnen nicht immer ber\u00fccksichtigt werden. Dadurch werden sozial-emotionale Aspekte vernachl\u00e4ssigt, da die Analyseform den Schwerpunkt auf die Didaktik setzt. Dasselbe gilt auch f\u00fcr kontextuelle Faktoren wie der Familienkultur oder kulturellen Vielfalt. Didaktische Entscheidungen decken nicht immer ethische und moralische Fragen ab. <\/td><td>&#8211; Die Bandbreite der Bildungsdynamik und Komplexit\u00e4t kann durch die Analyse nicht abgedeckt werden.  <\/td><\/tr><tr><td>&#8211; Zwar liegt der Fokus auf der Zielsetzung von p\u00e4dagogischen Zielen, allerdings handelt es sich um kurzfristige Ziele, weshalb langfristige Auswirkungen nicht gemessen werden k\u00f6nnen.  <\/td><td>&#8211; Trotz des Memos k\u00f6nnen zwischenmenschliche Faktoren nicht mit eingebunden werden, da realit\u00e4tsnahe Spielprozesse nicht beobachtet werden. <br>Das Memo wird aus der Erwachsenenperspektive verfasst, weshalb die Rolle des spielenden Kindes nicht vollst\u00e4ndig eingenommen werden kann. <\/td><\/tr><\/tbody><\/table><\/figure>\n\n\n\n<p class=\"has-medium-font-size\"><strong>Wie stehen die Analysemethoden zueinander?<\/strong><\/p>\n\n\n\n<p>Im Folgenden wurde eine Tabelle in Zusammenarbeit mit dem Masterkurs &#8222;Diversit\u00e4tsreflexive Materialien in der Kindheitsp\u00e4dagogik&#8220; im Sommersemester 2023 entwickelt. Diese stellt gegen\u00fcber, wie die Analysen zueinander stehen, welche Vor- und Nachteile diese also aufweisen. Die Vorteile von der jeweiligen Analysemethode auf der linken Spalte werden zu den Analysemethoden in der oberen Spalte ins Verh\u00e4ltnis gesetzt.<\/p>\n\n\n\n<p>Beispielhaft bedeutet das im Fall der Bilderbuchanalyse (Spalte links) und der Artefaktanalyse (Spalte oben), dass die Bilderbuchanalyse &#8230; to be continued&#8230;<\/p>\n\n\n<div class=\"wp-block-image\">\n<figure class=\"aligncenter size-full\"><img fetchpriority=\"high\" decoding=\"async\" width=\"907\" height=\"955\" src=\"https:\/\/diversityspace.de\/wp-content\/uploads\/2024\/02\/Methoden_Vor_Nachteile-2.png\" alt=\"\" class=\"wp-image-1173\" srcset=\"https:\/\/diversityspace.de\/wp-content\/uploads\/2024\/02\/Methoden_Vor_Nachteile-2.png 907w, https:\/\/diversityspace.de\/wp-content\/uploads\/2024\/02\/Methoden_Vor_Nachteile-2-285x300.png 285w, https:\/\/diversityspace.de\/wp-content\/uploads\/2024\/02\/Methoden_Vor_Nachteile-2-768x809.png 768w, https:\/\/diversityspace.de\/wp-content\/uploads\/2024\/02\/Methoden_Vor_Nachteile-2-200x211.png 200w, https:\/\/diversityspace.de\/wp-content\/uploads\/2024\/02\/Methoden_Vor_Nachteile-2-416x438.png 416w\" sizes=\"(max-width: 907px) 100vw, 907px\" \/><\/figure>\n<\/div>\n\n\n<div class=\"wp-block-buttons is-layout-flex wp-block-buttons-is-layout-flex\">\n<div class=\"wp-block-button\"><a class=\"wp-block-button__link has-pale-ocean-gradient-background has-background wp-element-button\" href=\"https:\/\/diversityspace.de\/?page_id=120\">N\u00e4chste Seite<\/a><\/div>\n<\/div>\n","protected":false},"excerpt":{"rendered":"<p>Die Musteranalysen wurden von Expert*innen, sowie Studierenden erstellt und sind das Produkt der analysierten Materialien. Sie k\u00f6nnen als Impuls und Inspiration genutzt werden. Um einen Einblick in die verschiedenen Analysemethoden zu erhalten, befindet sich auf dieser Seite eine \u00dcbersicht zu der Artefaktanalyse, der Bilderbuchanalyse, der didaktischen sowie der spieltheoretischen Analyse. Die Punkte orientieren sich an [&hellip;]<\/p>\n","protected":false},"author":74,"featured_media":0,"parent":1006,"menu_order":0,"comment_status":"closed","ping_status":"closed","template":"","meta":{"footnotes":""},"class_list":["post-1043","page","type-page","status-publish","hentry"],"_links":{"self":[{"href":"https:\/\/diversityspace.de\/index.php?rest_route=\/wp\/v2\/pages\/1043","targetHints":{"allow":["GET"]}}],"collection":[{"href":"https:\/\/diversityspace.de\/index.php?rest_route=\/wp\/v2\/pages"}],"about":[{"href":"https:\/\/diversityspace.de\/index.php?rest_route=\/wp\/v2\/types\/page"}],"author":[{"embeddable":true,"href":"https:\/\/diversityspace.de\/index.php?rest_route=\/wp\/v2\/users\/74"}],"replies":[{"embeddable":true,"href":"https:\/\/diversityspace.de\/index.php?rest_route=%2Fwp%2Fv2%2Fcomments&post=1043"}],"version-history":[{"count":12,"href":"https:\/\/diversityspace.de\/index.php?rest_route=\/wp\/v2\/pages\/1043\/revisions"}],"predecessor-version":[{"id":1177,"href":"https:\/\/diversityspace.de\/index.php?rest_route=\/wp\/v2\/pages\/1043\/revisions\/1177"}],"up":[{"embeddable":true,"href":"https:\/\/diversityspace.de\/index.php?rest_route=\/wp\/v2\/pages\/1006"}],"wp:attachment":[{"href":"https:\/\/diversityspace.de\/index.php?rest_route=%2Fwp%2Fv2%2Fmedia&parent=1043"}],"curies":[{"name":"wp","href":"https:\/\/api.w.org\/{rel}","templated":true}]}}