{"id":1070,"date":"2024-01-17T13:05:28","date_gmt":"2024-01-17T12:05:28","guid":{"rendered":"https:\/\/diversityspace.de\/?page_id=1070"},"modified":"2025-11-07T10:17:38","modified_gmt":"2025-11-07T09:17:38","slug":"was-bietet-die-mobile-diversitaetswerkstatt-divspace","status":"publish","type":"page","link":"https:\/\/diversityspace.de\/","title":{"rendered":"Was bietet die mobile Diversit\u00e4tswerkstatt DivSpace?"},"content":{"rendered":"\t\t<div data-elementor-type=\"wp-page\" data-elementor-id=\"1070\" class=\"elementor elementor-1070\">\n\t\t\t\t\t\t<section class=\"elementor-section elementor-top-section elementor-element elementor-element-54615b0b elementor-section-boxed elementor-section-height-default elementor-section-height-default\" data-id=\"54615b0b\" data-element_type=\"section\" data-e-type=\"section\">\n\t\t\t\t\t\t<div class=\"elementor-container elementor-column-gap-default\">\n\t\t\t\t\t<div class=\"elementor-column elementor-col-100 elementor-top-column elementor-element elementor-element-65f50e80\" data-id=\"65f50e80\" data-element_type=\"column\" data-e-type=\"column\">\n\t\t\t<div class=\"elementor-widget-wrap elementor-element-populated\">\n\t\t\t\t\t\t<div class=\"elementor-element elementor-element-3d57e3ad elementor-widget elementor-widget-text-editor\" data-id=\"3d57e3ad\" data-element_type=\"widget\" data-e-type=\"widget\" data-widget_type=\"text-editor.default\">\n\t\t\t\t<div class=\"elementor-widget-container\">\n\t\t\t\t\t\t\t\t\t<div class=\"wp-block-media-text is-stacked-on-mobile\">\n<figure class=\"wp-block-media-text__media\"><img fetchpriority=\"high\" decoding=\"async\" width=\"1024\" height=\"768\" class=\"wp-image-872 size-full\" src=\"https:\/\/diversityspace.de\/wp-content\/uploads\/2023\/04\/FR6TmZrWUAARVy_-3.jpg\" alt=\"\" srcset=\"https:\/\/diversityspace.de\/wp-content\/uploads\/2023\/04\/FR6TmZrWUAARVy_-3.jpg 1024w, https:\/\/diversityspace.de\/wp-content\/uploads\/2023\/04\/FR6TmZrWUAARVy_-3-300x225.jpg 300w, https:\/\/diversityspace.de\/wp-content\/uploads\/2023\/04\/FR6TmZrWUAARVy_-3-768x576.jpg 768w, https:\/\/diversityspace.de\/wp-content\/uploads\/2023\/04\/FR6TmZrWUAARVy_-3-416x312.jpg 416w\" sizes=\"(max-width: 1024px) 100vw, 1024px\" \/><\/figure>\n<div class=\"wp-block-media-text__content\">\n<p><\/p>\n<p>DiversitySpace bietet eine Bandbreite an Materialien f\u00fcr Studierende, Lehrende und p\u00e4dagogische Fachkr\u00e4fte zum kostenlosen Verleih im Raum Hildesheim an. Darunter fallen B\u00fccher, Spiel- und Besch\u00e4ftigungsmaterialien sowie Methodenpapiere.<\/p>\n<p><\/p>\n<\/div>\n<\/div>\n<p><!-- \/wp:media-text --><!-- wp:buttons {\"layout\":{\"type\":\"flex\",\"justifyContent\":\"right\"}} --><\/p>\n<div class=\"wp-block-buttons\">\n<p><!-- wp:button {\"gradient\":\"pale-ocean\"} --><\/p>\n<div class=\"wp-block-button\"><a class=\"wp-block-button__link has-pale-ocean-gradient-background has-background wp-element-button\" href=\"https:\/\/diversityspace.de\/?post_type=product\">zum Verleih<\/a><\/div>\n<p><!-- \/wp:button --><\/p>\n<\/div>\n<p><!-- \/wp:buttons --><!-- wp:media-text {\"mediaId\":1131,\"mediaLink\":\"https:\/\/diversityspace.de\/?attachment_id=1131\",\"mediaType\":\"image\"} --><\/p>\n<div class=\"wp-block-media-text is-stacked-on-mobile\">\n<figure class=\"wp-block-media-text__media\"><img decoding=\"async\" width=\"775\" height=\"720\" class=\"wp-image-1131 size-full\" src=\"https:\/\/diversityspace.de\/wp-content\/uploads\/2024\/01\/Analysemethoden.png\" alt=\"\" srcset=\"https:\/\/diversityspace.de\/wp-content\/uploads\/2024\/01\/Analysemethoden.png 775w, https:\/\/diversityspace.de\/wp-content\/uploads\/2024\/01\/Analysemethoden-300x279.png 300w, https:\/\/diversityspace.de\/wp-content\/uploads\/2024\/01\/Analysemethoden-768x713.png 768w, https:\/\/diversityspace.de\/wp-content\/uploads\/2024\/01\/Analysemethoden-200x186.png 200w, https:\/\/diversityspace.de\/wp-content\/uploads\/2024\/01\/Analysemethoden-416x386.png 416w\" sizes=\"(max-width: 775px) 100vw, 775px\" \/><\/figure>\n<div class=\"wp-block-media-text__content\">\n<p><!-- wp:paragraph {\"placeholder\":\"Inhalt\u2026\"} --><\/p>\n<p>Zu ausgew\u00e4hlten Materialien wurden Analysen angefertigt. Hierf\u00fcr wurde eine der vier Analysemethoden genutzt, sowie das Trilemma der Inklusion nach Boger (2019) einbezogen. F\u00fcr weitere Details dem Button folgen.<\/p>\n<p><!-- \/wp:paragraph --><\/p>\n<\/div>\n<\/div>\n<p><!-- \/wp:media-text --><!-- wp:buttons {\"layout\":{\"type\":\"flex\",\"verticalAlignment\":\"center\",\"justifyContent\":\"right\"}} --><\/p>\n<div class=\"wp-block-buttons\">\n<p><!-- wp:button {\"gradient\":\"pale-ocean\",\"className\":\"is-style-fill\"} --><\/p>\n<div class=\"wp-block-button is-style-fill\"><a class=\"wp-block-button__link has-pale-ocean-gradient-background has-background wp-element-button\" href=\"https:\/\/diversityspace.de\/?page_id=1414\">zu den Analysen<\/a><\/div>\n<p><!-- \/wp:button --><\/p>\n<\/div>\n<p><!-- \/wp:buttons --><\/p>\t\t\t\t\t\t\t\t<\/div>\n\t\t\t\t<\/div>\n\t\t\t\t\t<\/div>\n\t\t<\/div>\n\t\t\t\t\t<\/div>\n\t\t<\/section>\n\t\t\t\t<\/div>\n\t\t","protected":false},"excerpt":{"rendered":"<p>DiversitySpace bietet eine Bandbreite an Materialien f\u00fcr Studierende, Lehrende und p\u00e4dagogische Fachkr\u00e4fte zum kostenlosen Verleih im Raum Hildesheim an. Darunter fallen B\u00fccher, Spiel- und Besch\u00e4ftigungsmaterialien sowie Methodenpapiere. zum Verleih Zu ausgew\u00e4hlten Materialien wurden Analysen angefertigt. Hierf\u00fcr wurde eine der vier Analysemethoden genutzt, sowie das Trilemma der Inklusion nach Boger (2019) einbezogen. F\u00fcr weitere Details dem [&hellip;]<\/p>\n","protected":false},"author":74,"featured_media":0,"parent":0,"menu_order":0,"comment_status":"closed","ping_status":"closed","template":"","meta":{"footnotes":""},"class_list":["post-1070","page","type-page","status-publish","hentry"],"_links":{"self":[{"href":"https:\/\/diversityspace.de\/index.php?rest_route=\/wp\/v2\/pages\/1070","targetHints":{"allow":["GET"]}}],"collection":[{"href":"https:\/\/diversityspace.de\/index.php?rest_route=\/wp\/v2\/pages"}],"about":[{"href":"https:\/\/diversityspace.de\/index.php?rest_route=\/wp\/v2\/types\/page"}],"author":[{"embeddable":true,"href":"https:\/\/diversityspace.de\/index.php?rest_route=\/wp\/v2\/users\/74"}],"replies":[{"embeddable":true,"href":"https:\/\/diversityspace.de\/index.php?rest_route=%2Fwp%2Fv2%2Fcomments&post=1070"}],"version-history":[{"count":19,"href":"https:\/\/diversityspace.de\/index.php?rest_route=\/wp\/v2\/pages\/1070\/revisions"}],"predecessor-version":[{"id":1713,"href":"https:\/\/diversityspace.de\/index.php?rest_route=\/wp\/v2\/pages\/1070\/revisions\/1713"}],"wp:attachment":[{"href":"https:\/\/diversityspace.de\/index.php?rest_route=%2Fwp%2Fv2%2Fmedia&parent=1070"}],"curies":[{"name":"wp","href":"https:\/\/api.w.org\/{rel}","templated":true}]}}