{"id":120,"date":"2020-10-27T10:04:18","date_gmt":"2020-10-27T09:04:18","guid":{"rendered":"https:\/\/diversityspace.de\/?page_id=120"},"modified":"2024-01-19T11:32:36","modified_gmt":"2024-01-19T10:32:36","slug":"informationen-zum-diversity-koffer","status":"publish","type":"page","link":"https:\/\/diversityspace.de\/?page_id=120","title":{"rendered":"Infos zu den Materialien"},"content":{"rendered":"\n<p>Die Mobile Diversit\u00e4tswerkstatt online (DivSpace) an der Universit\u00e4t Hildesheim setzt sich aus unterschiedlichen Materialien zusammen. Zum Einen wurde ein Koffer von Klische*esc von der Abteilung Allgemeine Erziehungswissenschaft angeschafft. Dieser bildete den ersten Grundstock f\u00fcr Materialien. Zum Anderen wurden gezielt Materialien eingekauft, die explizit Diversit\u00e4tsreflexivit\u00e4t f\u00fcr sich ausweisen. <\/p>\n\n\n\n<p>Der Diversity-Koffer ist ein Medienkoffer der durch den Verein <a href=\"https:\/\/klischeesc.de\/\" data-type=\"URL\" data-id=\"https:\/\/klischeesc.de\/\">Klische*esc e.V.<\/a> zusammengestellt und vertrieben wird und in dem komplexen Angebot der verf\u00fcgbaren Literatur unterst\u00fctzend wirkt, indem entsprechende p\u00e4dagogische Werke f\u00fcr die Praxis aufgezeigt werden. Der Medienkoffer bietet eine gezielte Sammlung an B\u00fcchern f\u00fcr 0-6j\u00e4hrige und die Thematisierung von inklusiver p\u00e4dagogischer Praxis, welche Stereotype und Klischees kritisch in den Blick nehmen. Insgesamt enth\u00e4lt der Koffer 30 Kinderb\u00fccher und 10 Ratgeber, die Differenzkategorien auf die eine oder andere Art und Weise thematisieren sowie eine Handpuppe, ein 4er Maxi-Puzzle und ein Begleitheft. Der Inhalt des Koffers regt dazu an, sich gemeinsam mit Kindern und\/oder Kolleg*innen mit den Geschichten auseinanderzusetzen und diversit\u00e4tsreflexive Handlungsperspektiven abzuleiten. Er befasst sich gr\u00f6\u00dftenteils mit B\u00fcchern und begleitenden Materialien. Der Koffer wird immer wieder aktualisiert und das Angebot wird erweitert. <\/p>\n\n\n\n<p>Um die Dimension des Spielmaterials komplett abzudecken, wurde in einem Shop f\u00fcr diversit\u00e4tsreflexive Materialien weitere Spielmaterialien bestellt, die f\u00fcr sich ausweisen, Repr\u00e4sentationen von Vielfalt abzudecken. Nach erstellten Kategorien sowie Altersgruppen wurden Materialien und B\u00fccher bestellt, die in DivSpace verf\u00fcgbar sind. <br><\/p>\n\n\n\n<div class=\"wp-block-columns is-layout-flex wp-container-core-columns-is-layout-28f84493 wp-block-columns-is-layout-flex\">\n<div class=\"wp-block-column is-layout-flow wp-block-column-is-layout-flow\">\n<figure class=\"wp-block-image size-full\"><img fetchpriority=\"high\" decoding=\"async\" width=\"1024\" height=\"768\" src=\"https:\/\/diversityspace.de\/wp-content\/uploads\/2023\/04\/FR6TmZrWUAARVy_-3.jpg\" alt=\"\" class=\"wp-image-872\" srcset=\"https:\/\/diversityspace.de\/wp-content\/uploads\/2023\/04\/FR6TmZrWUAARVy_-3.jpg 1024w, https:\/\/diversityspace.de\/wp-content\/uploads\/2023\/04\/FR6TmZrWUAARVy_-3-300x225.jpg 300w, https:\/\/diversityspace.de\/wp-content\/uploads\/2023\/04\/FR6TmZrWUAARVy_-3-768x576.jpg 768w, https:\/\/diversityspace.de\/wp-content\/uploads\/2023\/04\/FR6TmZrWUAARVy_-3-416x312.jpg 416w\" sizes=\"(max-width: 1024px) 100vw, 1024px\" \/><\/figure>\n<\/div>\n<\/div>\n\n\n\n<h4 class=\"wp-block-heading\"><strong>Anwendbarkeit<\/strong><\/h4>\n\n\n\n<p>Die fr\u00fchkindliche Bildung, Erziehung und Sozialisation in au\u00dferfamili\u00e4ren Betreuungseinrichtungen nimmt eine bedeutsame Rolle bei der Repr\u00e4sentation diverser Kindheiten und der Vermittlung eines solidarischen Miteinanders ein. Um den noch bestehenden Benachteiligungen gegen\u00fcber marginalisierten  Gruppen entgegenzuwirken, sind p\u00e4dagogische Fachkr\u00e4fte mithilfe diversit\u00e4tsreflexiven Spielmaterials dazu aufgefordert, die Vielfalt von Lebensrealit\u00e4ten aufzeigen und dadurch stereotype Vorurteile und diskriminierende Ausgrenzung mit Fachkr\u00e4ften, Kindern und Sorgetragenden zu thematisieren. <\/p>\n\n\n\n<p><br>Die Inhalte von DivSpace richten sich an Fachkr\u00e4fte in kindheitsp\u00e4dagogischen Einrichtungen, Studierende sowie Lehrende an Hoch- und Fachschulen. Modulartig k\u00f6nnen registrierte Benutzende thematische Koffer zusammenstellen und diese an der Universit\u00e4t Hildesheim ausleihen. Die Materialien k\u00f6nnen in Lehre und Forschung, wie auch praktischen Kontexten z.B. von Kindertageseinrichtungen genutzt werden. Die bereitgestellten Analysen der Materialien erleichtern die Einordnung der Materialien.<\/p>\n\n\n\n<p>Liste der Materialien, die bereits eine Analyse haben:<\/p>\n\n\n\n<ul class=\"wp-block-list\">\n<li><a href=\"https:\/\/diversityspace.de\/?product=sachbuch-100-kinder-von-christoph-droesser\">Buch &#8222;100 Kinder&#8220;<\/a><\/li>\n\n\n\n<li>Buch &#8222;Du geh\u00f6rst nicht dazu&#8220;<\/li>\n\n\n\n<li>Buch &#8222;Der Ritter Namenlos&#8220;<\/li>\n\n\n\n<li>Puppe Brandy<\/li>\n\n\n\n<li>Buch &#8222;Viele liebe Lachgesichter&#8220; (2 Analysen)<\/li>\n\n\n\n<li>Familienmemory &#8222;Leona Games&#8220;<\/li>\n<\/ul>\n","protected":false},"excerpt":{"rendered":"<p>Die Mobile Diversit\u00e4tswerkstatt online (DivSpace) an der Universit\u00e4t Hildesheim setzt sich aus unterschiedlichen Materialien zusammen. Zum Einen wurde ein Koffer von Klische*esc von der Abteilung Allgemeine Erziehungswissenschaft angeschafft. Dieser bildete den ersten Grundstock f\u00fcr Materialien. Zum Anderen wurden gezielt Materialien eingekauft, die explizit Diversit\u00e4tsreflexivit\u00e4t f\u00fcr sich ausweisen. Der Diversity-Koffer ist ein Medienkoffer der durch den [&hellip;]<\/p>\n","protected":false},"author":1,"featured_media":0,"parent":0,"menu_order":0,"comment_status":"closed","ping_status":"closed","template":"","meta":{"footnotes":""},"class_list":["post-120","page","type-page","status-publish","hentry"],"_links":{"self":[{"href":"https:\/\/diversityspace.de\/index.php?rest_route=\/wp\/v2\/pages\/120","targetHints":{"allow":["GET"]}}],"collection":[{"href":"https:\/\/diversityspace.de\/index.php?rest_route=\/wp\/v2\/pages"}],"about":[{"href":"https:\/\/diversityspace.de\/index.php?rest_route=\/wp\/v2\/types\/page"}],"author":[{"embeddable":true,"href":"https:\/\/diversityspace.de\/index.php?rest_route=\/wp\/v2\/users\/1"}],"replies":[{"embeddable":true,"href":"https:\/\/diversityspace.de\/index.php?rest_route=%2Fwp%2Fv2%2Fcomments&post=120"}],"version-history":[{"count":57,"href":"https:\/\/diversityspace.de\/index.php?rest_route=\/wp\/v2\/pages\/120\/revisions"}],"predecessor-version":[{"id":1148,"href":"https:\/\/diversityspace.de\/index.php?rest_route=\/wp\/v2\/pages\/120\/revisions\/1148"}],"wp:attachment":[{"href":"https:\/\/diversityspace.de\/index.php?rest_route=%2Fwp%2Fv2%2Fmedia&parent=120"}],"curies":[{"name":"wp","href":"https:\/\/api.w.org\/{rel}","templated":true}]}}