{"id":1472,"date":"2025-06-03T08:58:00","date_gmt":"2025-06-03T06:58:00","guid":{"rendered":"https:\/\/diversityspace.de\/?page_id=1472"},"modified":"2025-07-14T11:34:23","modified_gmt":"2025-07-14T09:34:23","slug":"die-bedeutung-der-kategorie-beeintraechtigung-in-einem-legespiel","status":"publish","type":"page","link":"https:\/\/diversityspace.de\/?page_id=1472","title":{"rendered":"Die Bedeutung der Kategorie Beeintr\u00e4chtigung in einem Legespiel"},"content":{"rendered":"\n<p>Zitiervorschlag: Panske, Celine Michelle (2024): Die Bedeutung der Kategorie Beeintr\u00e4chtigung in einem Legespiel. Analysegegenstand: Geb\u00e4rden Numbers Legespiel von Plantoys. Hildesheim: Universit\u00e4tsverlag Hildesheim. https:\/\/doi.org\/10.18442\/295\u00a0<\/p>\n\n\n\n<div data-wp-interactive=\"core\/file\" class=\"wp-block-file\"><object data-wp-bind--hidden=\"!state.hasPdfPreview\" hidden class=\"wp-block-file__embed\" data=\"https:\/\/diversityspace.de\/wp-content\/uploads\/2025\/06\/2024_Panske_Legespiel_Gebaerden_Numbers_AFA.pdf\" type=\"application\/pdf\" style=\"width:100%;height:600px\" aria-label=\"Einbettung von 2024_Panske_Legespiel_Geb\u00e4rden_Numbers_AFA.\"><\/object><a id=\"wp-block-file--media-e270852e-9d80-43fd-a008-b50e3a0ef4ce\" href=\"https:\/\/diversityspace.de\/wp-content\/uploads\/2025\/06\/2024_Panske_Legespiel_Gebaerden_Numbers_AFA.pdf\">2024_Panske_Legespiel_Geb\u00e4rden_Numbers_AFA<\/a><a href=\"https:\/\/diversityspace.de\/wp-content\/uploads\/2025\/06\/2024_Panske_Legespiel_Gebaerden_Numbers_AFA.pdf\" class=\"wp-block-file__button wp-element-button\" download aria-describedby=\"wp-block-file--media-e270852e-9d80-43fd-a008-b50e3a0ef4ce\">Herunterladen<\/a><\/div>\n","protected":false},"excerpt":{"rendered":"<p>Zitiervorschlag: Panske, Celine Michelle (2024): Die Bedeutung der Kategorie Beeintr\u00e4chtigung in einem Legespiel. Analysegegenstand: Geb\u00e4rden Numbers Legespiel von Plantoys. Hildesheim: Universit\u00e4tsverlag Hildesheim. https:\/\/doi.org\/10.18442\/295\u00a0<\/p>\n","protected":false},"author":154,"featured_media":0,"parent":0,"menu_order":0,"comment_status":"closed","ping_status":"closed","template":"","meta":{"footnotes":""},"class_list":["post-1472","page","type-page","status-publish","hentry"],"_links":{"self":[{"href":"https:\/\/diversityspace.de\/index.php?rest_route=\/wp\/v2\/pages\/1472","targetHints":{"allow":["GET"]}}],"collection":[{"href":"https:\/\/diversityspace.de\/index.php?rest_route=\/wp\/v2\/pages"}],"about":[{"href":"https:\/\/diversityspace.de\/index.php?rest_route=\/wp\/v2\/types\/page"}],"author":[{"embeddable":true,"href":"https:\/\/diversityspace.de\/index.php?rest_route=\/wp\/v2\/users\/154"}],"replies":[{"embeddable":true,"href":"https:\/\/diversityspace.de\/index.php?rest_route=%2Fwp%2Fv2%2Fcomments&post=1472"}],"version-history":[{"count":2,"href":"https:\/\/diversityspace.de\/index.php?rest_route=\/wp\/v2\/pages\/1472\/revisions"}],"predecessor-version":[{"id":1533,"href":"https:\/\/diversityspace.de\/index.php?rest_route=\/wp\/v2\/pages\/1472\/revisions\/1533"}],"wp:attachment":[{"href":"https:\/\/diversityspace.de\/index.php?rest_route=%2Fwp%2Fv2%2Fmedia&parent=1472"}],"curies":[{"name":"wp","href":"https:\/\/api.w.org\/{rel}","templated":true}]}}