{"id":1494,"date":"2025-06-03T09:00:10","date_gmt":"2025-06-03T07:00:10","guid":{"rendered":"https:\/\/diversityspace.de\/?page_id=1494"},"modified":"2025-07-14T11:37:51","modified_gmt":"2025-07-14T09:37:51","slug":"repraesentationen-von-muslimisch-weiblich-gelesenen-personen-in-kinderliteratur-eine-diversitaetsbewusste-und-differenzkritische-bilderbuchanalyse","status":"publish","type":"page","link":"https:\/\/diversityspace.de\/?page_id=1494","title":{"rendered":"Repr\u00e4sentationen von muslimisch weiblich* gelesenen Personen in Kinderliteratur. Eine diversit\u00e4tsbewusste und differenzkritische Bilderbuchanalyse"},"content":{"rendered":"\n<p>Zitiervorschlag: Kaya, Eda (2024): Repr\u00e4sentationen von muslimisch weiblich* gelesenen Personen in Kinderliteratur. Eine diversit\u00e4tsbewusste und differenzkritische Bilderbuchanalyse. Hildesheim: Universit\u00e4tsverlag Hildesheim. https:\/\/doi.org\/10.18442\/291\u00a0<\/p>\n\n\n\n<div data-wp-interactive=\"core\/file\" class=\"wp-block-file\"><object data-wp-bind--hidden=\"!state.hasPdfPreview\" hidden class=\"wp-block-file__embed\" data=\"https:\/\/diversityspace.de\/wp-content\/uploads\/2025\/06\/DivSpace_Kaya_Masterarbeit_Bilderbuchanalyse.pdf\" type=\"application\/pdf\" style=\"width:100%;height:600px\" aria-label=\"Einbettung von DivSpace_Kaya_Masterarbeit_Bilderbuchanalyse.\"><\/object><a id=\"wp-block-file--media-80f8b4f9-92b1-4ffa-af9a-d9b93d1a68d1\" href=\"https:\/\/diversityspace.de\/wp-content\/uploads\/2025\/06\/DivSpace_Kaya_Masterarbeit_Bilderbuchanalyse.pdf\">DivSpace_Kaya_Masterarbeit_Bilderbuchanalyse<\/a><a href=\"https:\/\/diversityspace.de\/wp-content\/uploads\/2025\/06\/DivSpace_Kaya_Masterarbeit_Bilderbuchanalyse.pdf\" class=\"wp-block-file__button wp-element-button\" download aria-describedby=\"wp-block-file--media-80f8b4f9-92b1-4ffa-af9a-d9b93d1a68d1\">Herunterladen<\/a><\/div>\n","protected":false},"excerpt":{"rendered":"<p>Zitiervorschlag: Kaya, Eda (2024): Repr\u00e4sentationen von muslimisch weiblich* gelesenen Personen in Kinderliteratur. Eine diversit\u00e4tsbewusste und differenzkritische Bilderbuchanalyse. Hildesheim: Universit\u00e4tsverlag Hildesheim. https:\/\/doi.org\/10.18442\/291\u00a0<\/p>\n","protected":false},"author":154,"featured_media":0,"parent":0,"menu_order":0,"comment_status":"closed","ping_status":"closed","template":"","meta":{"footnotes":""},"class_list":["post-1494","page","type-page","status-publish","hentry"],"_links":{"self":[{"href":"https:\/\/diversityspace.de\/index.php?rest_route=\/wp\/v2\/pages\/1494","targetHints":{"allow":["GET"]}}],"collection":[{"href":"https:\/\/diversityspace.de\/index.php?rest_route=\/wp\/v2\/pages"}],"about":[{"href":"https:\/\/diversityspace.de\/index.php?rest_route=\/wp\/v2\/types\/page"}],"author":[{"embeddable":true,"href":"https:\/\/diversityspace.de\/index.php?rest_route=\/wp\/v2\/users\/154"}],"replies":[{"embeddable":true,"href":"https:\/\/diversityspace.de\/index.php?rest_route=%2Fwp%2Fv2%2Fcomments&post=1494"}],"version-history":[{"count":2,"href":"https:\/\/diversityspace.de\/index.php?rest_route=\/wp\/v2\/pages\/1494\/revisions"}],"predecessor-version":[{"id":1537,"href":"https:\/\/diversityspace.de\/index.php?rest_route=\/wp\/v2\/pages\/1494\/revisions\/1537"}],"wp:attachment":[{"href":"https:\/\/diversityspace.de\/index.php?rest_route=%2Fwp%2Fv2%2Fmedia&parent=1494"}],"curies":[{"name":"wp","href":"https:\/\/api.w.org\/{rel}","templated":true}]}}