{"id":1503,"date":"2025-06-03T09:01:07","date_gmt":"2025-06-03T07:01:07","guid":{"rendered":"https:\/\/diversityspace.de\/?page_id=1503"},"modified":"2025-07-14T11:41:09","modified_gmt":"2025-07-14T09:41:09","slug":"wieviel-diversitaet-steckt-in-bilderbuechern-ein-vergleich-von-zwei-wimmelbuechern","status":"publish","type":"page","link":"https:\/\/diversityspace.de\/?page_id=1503","title":{"rendered":"Wieviel Diversit\u00e4t steckt in Bilderb\u00fcchern? Ein Vergleich von zwei Wimmelb\u00fcchern"},"content":{"rendered":"\n<p>Zitiervorschlag: Weigel, Kristin (2024): Wieviel Diversit\u00e4t steckt in Bilderb\u00fcchern? Ein Vergleich von zwei Wimmelb\u00fcchern. Hildesheim: Universit\u00e4tsverlag Hildesheim.\u00a0https:\/\/doi.org\/10.18442\/293<\/p>\n\n\n\n<div data-wp-interactive=\"core\/file\" class=\"wp-block-file\"><object data-wp-bind--hidden=\"!state.hasPdfPreview\" hidden class=\"wp-block-file__embed\" data=\"https:\/\/diversityspace.de\/wp-content\/uploads\/2025\/06\/2024_Weigel_Vergleich_zweier_Wimmelbuecher_DKA.pdf\" type=\"application\/pdf\" style=\"width:100%;height:600px\" aria-label=\"Einbettung von 2024_Weigel_Vergleich_zweier_Wimmelb\u00fccher_DKA.\"><\/object><a id=\"wp-block-file--media-e34ad172-4cf1-4bcb-98fe-c27dde169a0d\" href=\"https:\/\/diversityspace.de\/wp-content\/uploads\/2025\/06\/2024_Weigel_Vergleich_zweier_Wimmelbuecher_DKA.pdf\">2024_Weigel_Vergleich_zweier_Wimmelb\u00fccher_DKA<\/a><a href=\"https:\/\/diversityspace.de\/wp-content\/uploads\/2025\/06\/2024_Weigel_Vergleich_zweier_Wimmelbuecher_DKA.pdf\" class=\"wp-block-file__button wp-element-button\" download aria-describedby=\"wp-block-file--media-e34ad172-4cf1-4bcb-98fe-c27dde169a0d\">Herunterladen<\/a><\/div>\n","protected":false},"excerpt":{"rendered":"<p>Zitiervorschlag: Weigel, Kristin (2024): Wieviel Diversit\u00e4t steckt in Bilderb\u00fcchern? Ein Vergleich von zwei Wimmelb\u00fcchern. Hildesheim: Universit\u00e4tsverlag Hildesheim.\u00a0https:\/\/doi.org\/10.18442\/293<\/p>\n","protected":false},"author":154,"featured_media":0,"parent":0,"menu_order":0,"comment_status":"closed","ping_status":"closed","template":"","meta":{"footnotes":""},"class_list":["post-1503","page","type-page","status-publish","hentry"],"_links":{"self":[{"href":"https:\/\/diversityspace.de\/index.php?rest_route=\/wp\/v2\/pages\/1503","targetHints":{"allow":["GET"]}}],"collection":[{"href":"https:\/\/diversityspace.de\/index.php?rest_route=\/wp\/v2\/pages"}],"about":[{"href":"https:\/\/diversityspace.de\/index.php?rest_route=\/wp\/v2\/types\/page"}],"author":[{"embeddable":true,"href":"https:\/\/diversityspace.de\/index.php?rest_route=\/wp\/v2\/users\/154"}],"replies":[{"embeddable":true,"href":"https:\/\/diversityspace.de\/index.php?rest_route=%2Fwp%2Fv2%2Fcomments&post=1503"}],"version-history":[{"count":3,"href":"https:\/\/diversityspace.de\/index.php?rest_route=\/wp\/v2\/pages\/1503\/revisions"}],"predecessor-version":[{"id":1544,"href":"https:\/\/diversityspace.de\/index.php?rest_route=\/wp\/v2\/pages\/1503\/revisions\/1544"}],"wp:attachment":[{"href":"https:\/\/diversityspace.de\/index.php?rest_route=%2Fwp%2Fv2%2Fmedia&parent=1503"}],"curies":[{"name":"wp","href":"https:\/\/api.w.org\/{rel}","templated":true}]}}