{"id":1506,"date":"2025-06-03T09:01:26","date_gmt":"2025-06-03T07:01:26","guid":{"rendered":"https:\/\/diversityspace.de\/?page_id=1506"},"modified":"2025-07-14T11:39:49","modified_gmt":"2025-07-14T09:39:49","slug":"didaktische-analyse-koerperdarstellungen-und-die-paedagogische-vermittlung-von-koerpergefuehl","status":"publish","type":"page","link":"https:\/\/diversityspace.de\/?page_id=1506","title":{"rendered":"Didaktische Analyse \u2013 K\u00f6rperdarstellungen und die p\u00e4dagogische Vermittlung von K\u00f6rpergef\u00fchl"},"content":{"rendered":"\n<p>Zitiervorschlag: Habenicht, Patricia (2024): Didaktische Analyse \u2013 K\u00f6rperdarstellungen und die p\u00e4dagogische Vermittlung von K\u00f6rpergef\u00fchl. Analysegegenstand: \u201eAlle haben einen Po\u201c von Anna Fiske. Hildesheim: Universit\u00e4tsverlag Hildesheim. https:\/\/doi.org\/10.18442\/292\u00a0<\/p>\n\n\n\n<div data-wp-interactive=\"core\/file\" class=\"wp-block-file\"><object data-wp-bind--hidden=\"!state.hasPdfPreview\" hidden class=\"wp-block-file__embed\" data=\"https:\/\/diversityspace.de\/wp-content\/uploads\/2025\/06\/2024_Habenicht_Alle_haben_einen_Po_DKA.pdf\" type=\"application\/pdf\" style=\"width:100%;height:600px\" aria-label=\"Einbettung von 2024_Habenicht_Alle_haben_einen_Po_DKA.\"><\/object><a id=\"wp-block-file--media-743077fa-f7f4-48c9-8d2b-ac2a6f25f0dd\" href=\"https:\/\/diversityspace.de\/wp-content\/uploads\/2025\/06\/2024_Habenicht_Alle_haben_einen_Po_DKA.pdf\">2024_Habenicht_Alle_haben_einen_Po_DKA<\/a><a href=\"https:\/\/diversityspace.de\/wp-content\/uploads\/2025\/06\/2024_Habenicht_Alle_haben_einen_Po_DKA.pdf\" class=\"wp-block-file__button wp-element-button\" download aria-describedby=\"wp-block-file--media-743077fa-f7f4-48c9-8d2b-ac2a6f25f0dd\">Herunterladen<\/a><\/div>\n","protected":false},"excerpt":{"rendered":"<p>Zitiervorschlag: Habenicht, Patricia (2024): Didaktische Analyse \u2013 K\u00f6rperdarstellungen und die p\u00e4dagogische Vermittlung von K\u00f6rpergef\u00fchl. Analysegegenstand: \u201eAlle haben einen Po\u201c von Anna Fiske. Hildesheim: Universit\u00e4tsverlag Hildesheim. https:\/\/doi.org\/10.18442\/292\u00a0<\/p>\n","protected":false},"author":154,"featured_media":0,"parent":0,"menu_order":0,"comment_status":"closed","ping_status":"closed","template":"","meta":{"footnotes":""},"class_list":["post-1506","page","type-page","status-publish","hentry"],"_links":{"self":[{"href":"https:\/\/diversityspace.de\/index.php?rest_route=\/wp\/v2\/pages\/1506","targetHints":{"allow":["GET"]}}],"collection":[{"href":"https:\/\/diversityspace.de\/index.php?rest_route=\/wp\/v2\/pages"}],"about":[{"href":"https:\/\/diversityspace.de\/index.php?rest_route=\/wp\/v2\/types\/page"}],"author":[{"embeddable":true,"href":"https:\/\/diversityspace.de\/index.php?rest_route=\/wp\/v2\/users\/154"}],"replies":[{"embeddable":true,"href":"https:\/\/diversityspace.de\/index.php?rest_route=%2Fwp%2Fv2%2Fcomments&post=1506"}],"version-history":[{"count":2,"href":"https:\/\/diversityspace.de\/index.php?rest_route=\/wp\/v2\/pages\/1506\/revisions"}],"predecessor-version":[{"id":1541,"href":"https:\/\/diversityspace.de\/index.php?rest_route=\/wp\/v2\/pages\/1506\/revisions\/1541"}],"wp:attachment":[{"href":"https:\/\/diversityspace.de\/index.php?rest_route=%2Fwp%2Fv2%2Fmedia&parent=1506"}],"curies":[{"name":"wp","href":"https:\/\/api.w.org\/{rel}","templated":true}]}}