{"id":889,"date":"2023-04-11T15:26:23","date_gmt":"2023-04-11T13:26:23","guid":{"rendered":"https:\/\/diversityspace.de\/?page_id=889"},"modified":"2024-08-27T21:06:36","modified_gmt":"2024-08-27T19:06:36","slug":"kontakt","status":"publish","type":"page","link":"https:\/\/diversityspace.de\/?page_id=889","title":{"rendered":"Kontakt"},"content":{"rendered":"\n<p>Die Mitglieder des Projekts DivSpace sind<\/p>\n\n\n\n<ul class=\"wp-block-list\">\n<li>Dr. Svenja Garbade<\/li>\n\n\n\n<li>Prof. Dr. Peter Cloos<\/li>\n\n\n\n<li>Eda Kaya, M.A. (studentische Hilfskraft 04\/22-02\/24)<\/li>\n\n\n\n<li>Gaia Selina Buddrus, M.A. (Forschungspraktikantin 10\/22-03\/23)<\/li>\n\n\n\n<li>Hanna Wente, B.A. (Forschungspraktikantin 04\/23-07\/23)<\/li>\n\n\n\n<li>Roberta M\u00fcller, B.A. (Forschungspraktikantin 05\/23-11\/23)<\/li>\n\n\n\n<li>Louisa Katharina Breuer, M.A. (studentische Hilfskraft 01\/24-06\/24)<\/li>\n<\/ul>\n\n\n\n<p>Sie erreichen uns unter der Mailadresse divspace@uni-hildesheim.de    <\/p>\n\n\n\n<p><\/p>\n\n\n\n<p><\/p>\n\n\n\n<p><\/p>\n\n\n\n<p>DivSpace ist gef\u00f6rdert durch das Nieders\u00e4chsische Kultusministerium und Teil des Kompetenzzentrums Fr\u00fche Kindheit Niedersachsen. Das Impressum f\u00fchrt die Stiftung Universit\u00e4t Hildesheim, Universit\u00e4tsplatz 1, 31141 Hildesheim. Es gelten die Datenschutzbestimmung der Universit\u00e4t Hildesheim. <\/p>\n\n\n<div class=\"wp-block-image\">\n<figure class=\"alignleft size-full\"><img fetchpriority=\"high\" decoding=\"async\" width=\"345\" height=\"244\" src=\"https:\/\/diversityspace.de\/wp-content\/uploads\/2023\/04\/HiU-1.png\" alt=\"\" class=\"wp-image-901\" srcset=\"https:\/\/diversityspace.de\/wp-content\/uploads\/2023\/04\/HiU-1.png 345w, https:\/\/diversityspace.de\/wp-content\/uploads\/2023\/04\/HiU-1-300x212.png 300w\" sizes=\"(max-width: 345px) 100vw, 345px\" \/><\/figure>\n<\/div>\n\n<div class=\"wp-block-image\">\n<figure class=\"alignleft size-full\"><img decoding=\"async\" width=\"221\" height=\"100\" src=\"https:\/\/diversityspace.de\/wp-content\/uploads\/2023\/04\/Kmpetenzzentrum.png\" alt=\"\" class=\"wp-image-902\"\/><\/figure>\n<\/div>","protected":false},"excerpt":{"rendered":"<p>Die Mitglieder des Projekts DivSpace sind Sie erreichen uns unter der Mailadresse divspace@uni-hildesheim.de DivSpace ist gef\u00f6rdert durch das Nieders\u00e4chsische Kultusministerium und Teil des Kompetenzzentrums Fr\u00fche Kindheit Niedersachsen. Das Impressum f\u00fchrt die Stiftung Universit\u00e4t Hildesheim, Universit\u00e4tsplatz 1, 31141 Hildesheim. Es gelten die Datenschutzbestimmung der Universit\u00e4t Hildesheim.<\/p>\n","protected":false},"author":1,"featured_media":0,"parent":0,"menu_order":0,"comment_status":"closed","ping_status":"closed","template":"","meta":{"footnotes":""},"class_list":["post-889","page","type-page","status-publish","hentry"],"_links":{"self":[{"href":"https:\/\/diversityspace.de\/index.php?rest_route=\/wp\/v2\/pages\/889","targetHints":{"allow":["GET"]}}],"collection":[{"href":"https:\/\/diversityspace.de\/index.php?rest_route=\/wp\/v2\/pages"}],"about":[{"href":"https:\/\/diversityspace.de\/index.php?rest_route=\/wp\/v2\/types\/page"}],"author":[{"embeddable":true,"href":"https:\/\/diversityspace.de\/index.php?rest_route=\/wp\/v2\/users\/1"}],"replies":[{"embeddable":true,"href":"https:\/\/diversityspace.de\/index.php?rest_route=%2Fwp%2Fv2%2Fcomments&post=889"}],"version-history":[{"count":7,"href":"https:\/\/diversityspace.de\/index.php?rest_route=\/wp\/v2\/pages\/889\/revisions"}],"predecessor-version":[{"id":1382,"href":"https:\/\/diversityspace.de\/index.php?rest_route=\/wp\/v2\/pages\/889\/revisions\/1382"}],"wp:attachment":[{"href":"https:\/\/diversityspace.de\/index.php?rest_route=%2Fwp%2Fv2%2Fmedia&parent=889"}],"curies":[{"name":"wp","href":"https:\/\/api.w.org\/{rel}","templated":true}]}}