{"id":996,"date":"2023-08-16T16:31:11","date_gmt":"2023-08-16T14:31:11","guid":{"rendered":"https:\/\/diversityspace.de\/?page_id=996"},"modified":"2025-07-01T11:57:14","modified_gmt":"2025-07-01T09:57:14","slug":"wer-sind-wir","status":"publish","type":"page","link":"https:\/\/diversityspace.de\/?page_id=996","title":{"rendered":"Wer sind wir?"},"content":{"rendered":"\n<p>Kontakt: divspace@uni-hildesheim.de <\/p>\n\n\n\n<p><strong>Dr. Svenja Garbade<\/strong> ist wissenschaftliche Mitarbeiterin f\u00fcr Kindheitsp\u00e4dagogik und Kindheitsforschung an der Universit\u00e4t Hildesheim, Fachbereich Erziehungs- und Sozialwissenschaften, Institut f\u00fcr Erziehungswissenschaft. Ihre Forschungsschwerpunkte sind Kindheitsp\u00e4dagogik, Herstellung von Differenz mit dem Fokus auf Geschlecht, Diversit\u00e4tsreflexive Materialien, qualitative Forschungsmethoden.<\/p>\n\n\n\n<p><strong>Prof. Dr. Peter Cloos<\/strong> ist Professor f\u00fcr die P\u00e4dagogik der fr\u00fchen Kindheit an der Universit\u00e4t Hildesheim, Fachbereich Erziehungs- und Sozialwissenschaften, Institut f\u00fcr Erziehungswissenschaft. Er ist Sprecher des Kompetenzzentrums Fr\u00fche Kindheit Niedersachsen. Seine Forschungsschwerpunkte sind Erziehung und Bildung in Kindertageseinrichtungen, Qualitative Forschungsmethoden (der P\u00e4dagogik der Kindheit), \u00dcberg\u00e4nge im Lebenslauf und Alltag von Kindern und professionelles Handeln in der Kindheitsp\u00e4dagogik.<\/p>\n\n\n\n<p class=\"has-medium-font-size\"><strong>Studentische Mitarbeiterinnen<\/strong><\/p>\n\n\n\n<p><strong>Gaia Selina Buddrus <\/strong>war als Forschungspraktikantin im Projekt DivSpace von Oktober 2022 bis M\u00e4rz 2023 t\u00e4tig. Zuvor hat sie im Bachelor Soziale Arbeit an der HAWK Hildesheim studiert und in ihrem Master der Erziehungswissenschaft an der Universit\u00e4t Hildesheim ihre Schwerpunkte auf die Psychologie und P\u00e4dagogik der Kindheit gelegt. Derzeitig forscht sie in ihrer Masterthesis zu K\u00f6rper und Reflexion. Daneben ist sie seit 2019 in einem offenen Kinder- und Jugendtreff geringf\u00fcgig besch\u00e4ftigt. Des Weiteren hat sie zuvor&nbsp;unter der Leitung von Prof. Dr. Maria Busche-Baumann im von der Max-Tr\u00e4ger Gesellschaft gef\u00f6rderten Forschungsprojekt &#8222;Einstellungen von Schulsozialarbeiter*innen zu Digitalisierung&#8220; mitgearbeitet und in dem Entwicklungs- und Forschungsprojekt &#8222;Schulsozialarbeit in digitalen Lebenswelten&#8220; als Tutorin Studierende beraten.<\/p>\n\n\n\n<p><strong>Eda Kaya<\/strong> ist seit Juli 2022 als studentische Hilfskraft im Projekt DivSpace t\u00e4tig. Zuvor hat sie den Bachelor in Erziehungswissenschaft mit dem Begleitfach Sachunterricht an der Universit\u00e4t Hildesheim studiert. Ihren Master macht sie im gleichnamigen Studiengang mit den Schwerpunkten Kindheitsp\u00e4dagogik und Diversit\u00e4t. In ihrer Masterthesis hat sie Bilderb\u00fccher hinsichtlich der Repr\u00e4sentation von muslimisch gelesenen M\u00e4dchen* und Frauen* differenz- und rassismuskritisch betrachtet. Zuvor war sie im Zeitraum von 2020 bis 2023 als p\u00e4dagogische Hilfskraft in einer Kindertageseinrichtung besch\u00e4ftigt.<\/p>\n\n\n\n<p><strong>Hanna Wente<\/strong> ist Forschungspraktikantin im Projekt DivSpace, hat im Bachelor Erziehungswissenschaft mit dem Begleitfach Wirtschaft studiert. Ihre Schwerpunkte im Masterstudiengang an der Universit\u00e4t Hildesheim sind fr\u00fche Kindheit sowie Diversit\u00e4t. Sie ist als studentische Hilfskraft an der Universit\u00e4t Hildesheim im Bereich der allgemeinen Erziehungswissenschaft sowie am Institut f\u00fcr Psychologie t\u00e4tig. Ihre praktischen Erfahrungen umfassen die T\u00e4tigkeiten als Praktikantin im Bereich der fr\u00fchkindlichen Bildung und Betreuung sowie im universit\u00e4ren Projekt \u201eMutausbruch\u201c zur Gewaltpr\u00e4vention in Kindertageseinrichtungen.<\/p>\n\n\n\n<p><strong>Roberta M\u00fcller<\/strong> ist Forschungspraktikantin im Projekt DivSpace. Den Bachelor in Kindheitsp\u00e4dagogik hat sie 2019 an der HAWK in Hildesheim absolviert. Dort hat sie als Tutorin f\u00fcr das Projekt LernKulTour \u201aBedeutungsoffene Spielmaterialien\u2018 gearbeitet. Nach einer kurzen Arbeitsphase als Schulbegleiterin, hat sie in Leipzig den erziehungswissenschaftlichen Masterstudiengang Begabungsforschung und Kompetenzermittlung begonnen, bevor sie zur\u00fcck in Hildesheim an der Universit\u00e4t Hildesheim ihre Schwerpunkte zu Kindheitsp\u00e4dagogik und Diversit\u00e4t gewechselt hat. Ihre praktischen Erfahrungen neben dem Studium sammelt sie aus der Arbeit in einer Krippe, als Erlebnisp\u00e4dagogin und als studentische Hilfskraft an der Universit\u00e4t Hildesheim.<\/p>\n\n\n\n<p><strong>Louisa Katharina Breuer<\/strong> war von Januar 2024 bis Juni 2024 als studentische Hilfskraft im Projekt DivSpace t\u00e4tig. Bevor sie f\u00fcr den Master in Erziehungswissenschaft nach Hildesheim gekommen ist, hat sie 2021 ihren Bachelor in P\u00e4dagogik der Kindheit und Familienbildung an der Hochschule D\u00fcsseldorf abgeschlossen. Praktische Erfahrungen w\u00e4hrend des Bachelorstudiums sammelte sie in Kindertageseinrichtungen, im Bereich des offenen Ganztags und in einer Inobhutnahmegruppe. Seit 2022 hat sie Dr. Svenja Garbade in der Lehre an der Universit\u00e4t Hildesheim unterst\u00fctzt und in der Sprachwerkstatt der HAWK Hildesheim unter der Leitung von Prof. Dr. Tim Rohrmann mitgewirkt. Des Weiteren absolvierte sie im Wintersemester 2023\/2024 ein Auslandssemester an der University of South-Eastern Norway und vertiefte ihr Wissen im Hinblick auf Menschenrechte und Multikulturalismus im internationalen Kontext. Im August 2024 hat sie ihre Masterarbeit zum Thema intersektionale Perspektiven auf Spielmaterialien in der Kindheitsp\u00e4dagogik beendet.<\/p>\n\n\n\n<p><strong>Ida Siebenhaar<\/strong> ist seit April 2025 als studentische Hilfskraft im Projekt DivSpace t\u00e4tig. Sie hat ihren Bachelor in Erziehungswissenschaft (Kernfach) und Deutsch als Fremd- und Zweitsprache (Erg\u00e4nzungsfach) an der Friedrich-Schiller-Universit\u00e4t Jena absolviert und kam f\u00fcr den Masterstudiengang Erziehungswissenschaft mit den Schwerpunkten Kindheitsp\u00e4dagogik und Diversit\u00e4t nach Hildesheim. Praktische Erfahrungen sammelte sie bisher unter anderem als Praktikantin in einer Kindertagesst\u00e4tte sowie in der Kita-Fachberatung. Neben ihrer T\u00e4tigkeit bei DivSpace unterst\u00fctzt sie au\u00dferdem das Kompetenzzentrum Fr\u00fche Kindheit Niedersachsen als studentische Hilfskraft.<\/p>\n","protected":false},"excerpt":{"rendered":"<p>Kontakt: divspace@uni-hildesheim.de Dr. Svenja Garbade ist wissenschaftliche Mitarbeiterin f\u00fcr Kindheitsp\u00e4dagogik und Kindheitsforschung an der Universit\u00e4t Hildesheim, Fachbereich Erziehungs- und Sozialwissenschaften, Institut f\u00fcr Erziehungswissenschaft. Ihre Forschungsschwerpunkte sind Kindheitsp\u00e4dagogik, Herstellung von Differenz mit dem Fokus auf Geschlecht, Diversit\u00e4tsreflexive Materialien, qualitative Forschungsmethoden. Prof. Dr. Peter Cloos ist Professor f\u00fcr die P\u00e4dagogik der fr\u00fchen Kindheit an der Universit\u00e4t Hildesheim, [&hellip;]<\/p>\n","protected":false},"author":1,"featured_media":0,"parent":0,"menu_order":0,"comment_status":"closed","ping_status":"closed","template":"","meta":{"footnotes":""},"class_list":["post-996","page","type-page","status-publish","hentry"],"_links":{"self":[{"href":"https:\/\/diversityspace.de\/index.php?rest_route=\/wp\/v2\/pages\/996","targetHints":{"allow":["GET"]}}],"collection":[{"href":"https:\/\/diversityspace.de\/index.php?rest_route=\/wp\/v2\/pages"}],"about":[{"href":"https:\/\/diversityspace.de\/index.php?rest_route=\/wp\/v2\/types\/page"}],"author":[{"embeddable":true,"href":"https:\/\/diversityspace.de\/index.php?rest_route=\/wp\/v2\/users\/1"}],"replies":[{"embeddable":true,"href":"https:\/\/diversityspace.de\/index.php?rest_route=%2Fwp%2Fv2%2Fcomments&post=996"}],"version-history":[{"count":9,"href":"https:\/\/diversityspace.de\/index.php?rest_route=\/wp\/v2\/pages\/996\/revisions"}],"predecessor-version":[{"id":1527,"href":"https:\/\/diversityspace.de\/index.php?rest_route=\/wp\/v2\/pages\/996\/revisions\/1527"}],"wp:attachment":[{"href":"https:\/\/diversityspace.de\/index.php?rest_route=%2Fwp%2Fv2%2Fmedia&parent=996"}],"curies":[{"name":"wp","href":"https:\/\/api.w.org\/{rel}","templated":true}]}}