{"id":1186,"date":"2024-03-26T12:28:30","date_gmt":"2024-03-26T11:28:30","guid":{"rendered":"https:\/\/diversityspace.de\/?post_type=product&#038;p=1186"},"modified":"2026-04-16T11:15:32","modified_gmt":"2026-04-16T09:15:32","slug":"buch-lilly-gehoert-dazu-von-irmgard-partmann-laura-bednarski","status":"publish","type":"product","link":"https:\/\/diversityspace.de\/?product=buch-lilly-gehoert-dazu-von-irmgard-partmann-laura-bednarski","title":{"rendered":"Buch &#8211; Lilly geh\u00f6rt dazu von Irmgard Partmann &#038; Laura Bednarski"},"content":{"rendered":"<p><strong>Verlagsbeschreibung\u00a0<\/strong><\/p>\n<p>Lilly kann nicht schnell laufen. Sie kann nicht auf B\u00e4ume klettern und auch noch nicht so gut sprechen. Aber Lilly lacht, wenn sie hoch bis zum Himmel schaukelt. Sie malt mit den Fingern wundersch\u00f6ne bunte Bilder, und sie strahlt, wenn die Sonne scheint. Manchmal ist Lilly auch etwas langsam \u2013 aber ich lasse mir selbst gern Zeit. Und manchmal ist sie bockig \u2013 so wie ich. Lilly ist meine Schwester und ich habe sie lieb &#8230;<\/p>\n<p>Unbefangen und herzerw\u00e4rmend erz\u00e4hlt Irmgard Partmann von der kleinen Lilly mit dem Downsyndrom und ihrer gro\u00dfen Schwester, und macht deutlich, dass Liebe nichts mit K\u00f6nnen oder Leistung zu tun hat. Lilly steht stellvertretend f\u00fcr andere Kinder mit geistiger oder k\u00f6rperlicher Beeintr\u00e4chtigung. Sie haben alle einen festen Platz in dieser Welt \u2013 in ihrer Familie, bei jedem von uns. \u00a9 Coppenrath<\/p>\n<p><strong>Diversit\u00e4tsreflexivit\u00e4t des Materials<\/strong><\/p>\n<p>Dieses Buch greift die Kategorie der k\u00f6rperlichen und geistigen Beeintr\u00e4chtigung auf und erz\u00e4hlt von einer Geschichte zwischen zwei Schwestern. Lilly ist ein Kind mit Trisomie 21 und steht so repr\u00e4sentativ f\u00fcr Menschen mit dieser Beeintr\u00e4chtigung. Die Geschichte der zwei Geschwister ist gepr\u00e4gt von Liebe, Zuneigung und St\u00e4rke, sodass die Behinderung von Lilly normalisiert wird und zum Alltag der Familie geh\u00f6rt ohne diese abzuwerten.<\/p>\n","protected":false},"excerpt":{"rendered":"<p>Verlagsbeschreibung\u00a0 Lilly kann nicht schnell laufen. Sie kann nicht auf B\u00e4ume klettern und auch noch nicht so gut sprechen. Aber Lilly lacht, wenn sie hoch bis zum Himmel schaukelt. Sie malt mit den Fingern wundersch\u00f6ne bunte Bilder, und sie strahlt, wenn die Sonne scheint. Manchmal ist Lilly auch etwas langsam \u2013 aber ich lasse mir [&hellip;]<\/p>\n","protected":false},"featured_media":1187,"comment_status":"open","ping_status":"closed","template":"","meta":[],"product_brand":[],"product_cat":[284],"product_tag":[201],"class_list":{"0":"post-1186","1":"product","2":"type-product","3":"status-publish","4":"has-post-thumbnail","6":"product_cat-body","7":"product_tag-normalisierung-und-empowerment","9":"first","10":"instock","11":"shipping-taxable","12":"purchasable","13":"product-type-simple"},"_links":{"self":[{"href":"https:\/\/diversityspace.de\/index.php?rest_route=\/wp\/v2\/product\/1186","targetHints":{"allow":["GET"]}}],"collection":[{"href":"https:\/\/diversityspace.de\/index.php?rest_route=\/wp\/v2\/product"}],"about":[{"href":"https:\/\/diversityspace.de\/index.php?rest_route=\/wp\/v2\/types\/product"}],"replies":[{"embeddable":true,"href":"https:\/\/diversityspace.de\/index.php?rest_route=%2Fwp%2Fv2%2Fcomments&post=1186"}],"wp:featuredmedia":[{"embeddable":true,"href":"https:\/\/diversityspace.de\/index.php?rest_route=\/wp\/v2\/media\/1187"}],"wp:attachment":[{"href":"https:\/\/diversityspace.de\/index.php?rest_route=%2Fwp%2Fv2%2Fmedia&parent=1186"}],"wp:term":[{"taxonomy":"product_brand","embeddable":true,"href":"https:\/\/diversityspace.de\/index.php?rest_route=%2Fwp%2Fv2%2Fproduct_brand&post=1186"},{"taxonomy":"product_cat","embeddable":true,"href":"https:\/\/diversityspace.de\/index.php?rest_route=%2Fwp%2Fv2%2Fproduct_cat&post=1186"},{"taxonomy":"product_tag","embeddable":true,"href":"https:\/\/diversityspace.de\/index.php?rest_route=%2Fwp%2Fv2%2Fproduct_tag&post=1186"}],"curies":[{"name":"wp","href":"https:\/\/api.w.org\/{rel}","templated":true}]}}