{"id":1188,"date":"2024-03-26T13:41:44","date_gmt":"2024-03-26T12:41:44","guid":{"rendered":"https:\/\/diversityspace.de\/?post_type=product&#038;p=1188"},"modified":"2025-11-13T14:12:15","modified_gmt":"2025-11-13T13:12:15","slug":"buch-ich-bin-mari-von-shari-und-andre-dietz-saskia-gaymann","status":"publish","type":"product","link":"https:\/\/diversityspace.de\/?product=buch-ich-bin-mari-von-shari-und-andre-dietz-saskia-gaymann","title":{"rendered":"Buch &#8211; Ich bin Mari von Shari und Andr\u00e9 Dietz &#038; Saskia Gaymann"},"content":{"rendered":"<p><strong>Verlagsbeschreibung\u00a0<\/strong><\/p>\n<p>Mari ist ein Kind wie jedes andere.<br \/>\nSie lacht, spielt, isst, trinkt, schl\u00e4ft, tanzt, geht in die Schule, liebt B\u00fccher und Fernsehen, macht Pipi und Kacka. Alles normal, oder? Doch manche Dinge sind eben\u00a0besonders\u00a0normal bei Mari.<br \/>\nMari hat das Angelman-Syndrom, das ist ein seltener Gendefekt. In diesem Buch erz\u00e4hlt sie ihre Geschichte und wie sie die Welt sieht. Das Besondere daran ist: sie hat sie bisher niemandem erz\u00e4hlt, weil sie gar nicht sprechen kann. Aber ihre Eltern verstehen sie und haben ihre Geschichte f\u00fcr sie aufgeschrieben.<\/p>\n<p>Mit der\u00a0wichtigen Botschaft:\u00a0Jeder Mensch ist einzigartig. Besonders. Liebenswert. Und stark!<\/p>\n<p>Maris Geschichte \u00f6ffnet den Blick f\u00fcr ein paar Unterschiede, aber auch viele Gemeinsamkeiten zwischen ihr und anderen Kindern: wie jedes Kind will sie gl\u00fccklich sein und dazugeh\u00f6ren.<\/p>\n<p>Wahre\u00a0Geschichte von Shari und Andr\u00e9 Dietz \u00fcber ihre Tochter Mari\u00a0und das Leben mit einem seltenen Gendefekt (Angelman-Syndrom) \u00a9 arsedition<\/p>\n<p><strong>Diversit\u00e4tsreflexivit\u00e4t des Materials\u00a0<\/strong><\/p>\n<p>Das Buch \u201eIch bin Mari\u201c erz\u00e4hlt die Geschichte eines Kindes, das seinen eigenen Platz in der Welt finden m\u00f6chte und mit dem Angelmann-Syndrom, einem Gendefekt, lebt. Die Geschichte des Buches ist aus seiner Perspektive geschrieben. Es behandelt Themen wie Identit\u00e4t, Selbstbestimmung und Vielfalt in Familie, unter Peers und im Alltag. Die Lesenden werden dazu eingeladen, eigene St\u00e4rken zu erkennen, individuelle Unterschiede wertzusch\u00e4tzen und Empathie f\u00fcr Menschen mit unterschiedlichen Geschichten, Kompetenzen und Erfahrungen zu entwickeln. Die Gemeinschaft der Familie &#8211; besonders auch ihre Geschwister &#8211; spielen dabei eine wichtige Rolle f\u00fcr Mari. \u00dcber die Frage der Normalit\u00e4t und das Wort &#8222;Besonders&#8220; werden das Familienleben, der Alltag, Kommunikation und Bewegung thematisiert. Im Buch werden ausschlie\u00dflich wei\u00dfe Personen gezeigt. Das Buch ist daf\u00fcr geeignet, inklusive Bildung, Diversit\u00e4t und Partizipation spielerisch in den Alltag von Kita, Grundschule oder Familie zu integrieren.<\/p>\n<p>&nbsp;<\/p>\n","protected":false},"excerpt":{"rendered":"<p>Verlagsbeschreibung\u00a0 Mari ist ein Kind wie jedes andere. Sie lacht, spielt, isst, trinkt, schl\u00e4ft, tanzt, geht in die Schule, liebt B\u00fccher und Fernsehen, macht Pipi und Kacka. Alles normal, oder? Doch manche Dinge sind eben\u00a0besonders\u00a0normal bei Mari. Mari hat das Angelman-Syndrom, das ist ein seltener Gendefekt. In diesem Buch erz\u00e4hlt sie ihre Geschichte und wie [&hellip;]<\/p>\n","protected":false},"featured_media":1189,"comment_status":"open","ping_status":"closed","template":"","meta":[],"product_brand":[],"product_cat":[284,283],"product_tag":[201],"class_list":{"0":"post-1188","1":"product","2":"type-product","3":"status-publish","4":"has-post-thumbnail","6":"product_cat-body","7":"product_cat-class","8":"product_tag-normalisierung-und-empowerment","10":"first","11":"instock","12":"shipping-taxable","13":"purchasable","14":"product-type-simple"},"_links":{"self":[{"href":"https:\/\/diversityspace.de\/index.php?rest_route=\/wp\/v2\/product\/1188","targetHints":{"allow":["GET"]}}],"collection":[{"href":"https:\/\/diversityspace.de\/index.php?rest_route=\/wp\/v2\/product"}],"about":[{"href":"https:\/\/diversityspace.de\/index.php?rest_route=\/wp\/v2\/types\/product"}],"replies":[{"embeddable":true,"href":"https:\/\/diversityspace.de\/index.php?rest_route=%2Fwp%2Fv2%2Fcomments&post=1188"}],"wp:featuredmedia":[{"embeddable":true,"href":"https:\/\/diversityspace.de\/index.php?rest_route=\/wp\/v2\/media\/1189"}],"wp:attachment":[{"href":"https:\/\/diversityspace.de\/index.php?rest_route=%2Fwp%2Fv2%2Fmedia&parent=1188"}],"wp:term":[{"taxonomy":"product_brand","embeddable":true,"href":"https:\/\/diversityspace.de\/index.php?rest_route=%2Fwp%2Fv2%2Fproduct_brand&post=1188"},{"taxonomy":"product_cat","embeddable":true,"href":"https:\/\/diversityspace.de\/index.php?rest_route=%2Fwp%2Fv2%2Fproduct_cat&post=1188"},{"taxonomy":"product_tag","embeddable":true,"href":"https:\/\/diversityspace.de\/index.php?rest_route=%2Fwp%2Fv2%2Fproduct_tag&post=1188"}],"curies":[{"name":"wp","href":"https:\/\/api.w.org\/{rel}","templated":true}]}}