{"id":1192,"date":"2024-03-26T14:42:27","date_gmt":"2024-03-26T13:42:27","guid":{"rendered":"https:\/\/diversityspace.de\/?post_type=product&#038;p=1192"},"modified":"2026-04-23T14:52:53","modified_gmt":"2026-04-23T12:52:53","slug":"buch-untenrum-von-noo-lovis-peifer-linu-laetita-blatt-yayo-kawamura","status":"publish","type":"product","link":"https:\/\/diversityspace.de\/?product=buch-untenrum-von-noo-lovis-peifer-linu-laetita-blatt-yayo-kawamura","title":{"rendered":"Buch &#8211; Untenrum von Noo Lovis Peifer, Linu L\u00e4tita  Blatt &#038; Yayo Kawamura"},"content":{"rendered":"<p><strong>Verlagsbeschreibung\u00a0<\/strong><\/p>\n<p>Onten, Enten und Untenrums: Lo will alles ganz genau wissen. Wie hei\u00dft das eigentlich zwischen den Beinen? Wozu ist es da und wie sieht es aus? Und wie kann man noch dazu sagen?<br \/>\nEin sprachkreatives Bildersachbuch, das in kindnahen Bildern und Texten einen unverkrampften Zugang zu unterschiedlichen K\u00f6rpern, Geschlechtsteilen und Geschlechtern bietet. Ein empowerndes Buch, warm und frech zugleich, das den selbstbestimmten Zugang zum eigenen K\u00f6rper in den Mittelpunkt stellt. \u00a9 Beltz &amp; Gelberg<\/p>\n<p><strong>Diversit\u00e4tsreflexivit\u00e4t des Materials<\/strong><\/p>\n<p>In diesem Buch steht die Sexualit\u00e4t im Fokus. Es geht um die Benennung von K\u00f6rpern, K\u00f6rperteilen und unterschiedlichen Geschlechtern. Kindern wird ein offener Umgang und Zugang zu K\u00f6rpern und der Sexualit\u00e4t erm\u00f6glicht, dabei werden unterschiedlichste W\u00f6rter und Begriffe genutzt. Zudem hat das Buch einen aufkl\u00e4renden Charakter bez\u00fcglich der Thematik.<\/p>\n<p>&nbsp;<\/p>\n","protected":false},"excerpt":{"rendered":"<p>Verlagsbeschreibung\u00a0 Onten, Enten und Untenrums: Lo will alles ganz genau wissen. Wie hei\u00dft das eigentlich zwischen den Beinen? Wozu ist es da und wie sieht es aus? Und wie kann man noch dazu sagen? Ein sprachkreatives Bildersachbuch, das in kindnahen Bildern und Texten einen unverkrampften Zugang zu unterschiedlichen K\u00f6rpern, Geschlechtsteilen und Geschlechtern bietet. Ein empowerndes [&hellip;]<\/p>\n","protected":false},"featured_media":1193,"comment_status":"open","ping_status":"closed","template":"","meta":[],"product_brand":[],"product_cat":[284,285],"product_tag":[201],"class_list":{"0":"post-1192","1":"product","2":"type-product","3":"status-publish","4":"has-post-thumbnail","6":"product_cat-body","7":"product_cat-gender","8":"product_tag-normalisierung-und-empowerment","10":"first","11":"instock","12":"shipping-taxable","13":"purchasable","14":"product-type-simple"},"_links":{"self":[{"href":"https:\/\/diversityspace.de\/index.php?rest_route=\/wp\/v2\/product\/1192","targetHints":{"allow":["GET"]}}],"collection":[{"href":"https:\/\/diversityspace.de\/index.php?rest_route=\/wp\/v2\/product"}],"about":[{"href":"https:\/\/diversityspace.de\/index.php?rest_route=\/wp\/v2\/types\/product"}],"replies":[{"embeddable":true,"href":"https:\/\/diversityspace.de\/index.php?rest_route=%2Fwp%2Fv2%2Fcomments&post=1192"}],"wp:featuredmedia":[{"embeddable":true,"href":"https:\/\/diversityspace.de\/index.php?rest_route=\/wp\/v2\/media\/1193"}],"wp:attachment":[{"href":"https:\/\/diversityspace.de\/index.php?rest_route=%2Fwp%2Fv2%2Fmedia&parent=1192"}],"wp:term":[{"taxonomy":"product_brand","embeddable":true,"href":"https:\/\/diversityspace.de\/index.php?rest_route=%2Fwp%2Fv2%2Fproduct_brand&post=1192"},{"taxonomy":"product_cat","embeddable":true,"href":"https:\/\/diversityspace.de\/index.php?rest_route=%2Fwp%2Fv2%2Fproduct_cat&post=1192"},{"taxonomy":"product_tag","embeddable":true,"href":"https:\/\/diversityspace.de\/index.php?rest_route=%2Fwp%2Fv2%2Fproduct_tag&post=1192"}],"curies":[{"name":"wp","href":"https:\/\/api.w.org\/{rel}","templated":true}]}}