{"id":1196,"date":"2024-03-31T15:38:16","date_gmt":"2024-03-31T13:38:16","guid":{"rendered":"https:\/\/diversityspace.de\/?post_type=product&#038;p=1196"},"modified":"2025-11-08T16:02:52","modified_gmt":"2025-11-08T15:02:52","slug":"buch-ich-kann-einfach-alles-sein-von-frances-stickley-lucy-flemming","status":"publish","type":"product","link":"https:\/\/diversityspace.de\/?product=buch-ich-kann-einfach-alles-sein-von-frances-stickley-lucy-flemming","title":{"rendered":"Buch &#8211; Ich kann einfach alles sein von Frances Stickley &#038; Lucy Flemming"},"content":{"rendered":"<p><strong>Verlagsbeschreibung\u00a0<\/strong><\/p>\n<p>Piratin, Erfinder oder Zirkusclown \u2013 wenn du an dich glaubst, kannst du alles sein und alles schaffen. Deshalb ist es so wichtig, sich auszuprobieren, die Welt zu entdecken und die eigenen St\u00e4rken herauszufinden. Los geht\u2019s!<\/p>\n<p>Dieses\u00a0Bilderbuch\u00a0f\u00fcr Kinder\u00a0ab 4 Jahren\u00a0schenkt\u00a0Mut und Selbstvertrauen. Es hilft, die\u00a0eigenen St\u00e4rken\u00a0zu\u00a0erkennen\u00a0und best\u00e4rkt das Kind in den\u00a0eigenen\u00a0F\u00e4higkeiten. Die Geschichte\u00a0bereitet spielerisch auf Alltagssituationen vor, denen Kinder begegnen k\u00f6nnen.\u00a0Empowerment\u00a0f\u00fcr\u00a0Kindergartenkinder. \u00a9 Loewe Naturkind<\/p>\n<p><strong>Diversit\u00e4tsreflexivit\u00e4t des Materials<\/strong><\/p>\n<p>In dem Buch &#8222;Ich kann einfach alles sein&#8220; von Frances Stickley und Lucy Flemming zeigen vier Kinder, die alle in ihrem Dasein unterschiedlich sind, was sie in ihrem Alltag entdecken und tun. Der Fokus liegt auf der St\u00e4rkung der kindlichen Aktivit\u00e4t, um Mut und Selbstvertrauen in sich selbst. Bei den Kindern im Buch handelt es sich um ein <em>wei\u00dfes<\/em> Kind und drei People of Colour Kinder, so liegt die Diversit\u00e4t in der Gestaltung nur auf der Kategorie der Hautfarbe und dem Geschlecht, wenn von einer bin\u00e4ren Zuschreibung des Geschlechts ausgegangen wird.<\/p>\n","protected":false},"excerpt":{"rendered":"<p>Verlagsbeschreibung\u00a0 Piratin, Erfinder oder Zirkusclown \u2013 wenn du an dich glaubst, kannst du alles sein und alles schaffen. Deshalb ist es so wichtig, sich auszuprobieren, die Welt zu entdecken und die eigenen St\u00e4rken herauszufinden. Los geht\u2019s! Dieses\u00a0Bilderbuch\u00a0f\u00fcr Kinder\u00a0ab 4 Jahren\u00a0schenkt\u00a0Mut und Selbstvertrauen. Es hilft, die\u00a0eigenen St\u00e4rken\u00a0zu\u00a0erkennen\u00a0und best\u00e4rkt das Kind in den\u00a0eigenen\u00a0F\u00e4higkeiten. Die Geschichte\u00a0bereitet spielerisch auf [&hellip;]<\/p>\n","protected":false},"featured_media":1197,"comment_status":"open","ping_status":"closed","template":"","meta":[],"product_brand":[],"product_cat":[285,282],"product_tag":[201],"class_list":{"0":"post-1196","1":"product","2":"type-product","3":"status-publish","4":"has-post-thumbnail","6":"product_cat-gender","7":"product_cat-race","8":"product_tag-normalisierung-und-empowerment","10":"first","11":"outofstock","12":"shipping-taxable","13":"purchasable","14":"product-type-simple"},"_links":{"self":[{"href":"https:\/\/diversityspace.de\/index.php?rest_route=\/wp\/v2\/product\/1196","targetHints":{"allow":["GET"]}}],"collection":[{"href":"https:\/\/diversityspace.de\/index.php?rest_route=\/wp\/v2\/product"}],"about":[{"href":"https:\/\/diversityspace.de\/index.php?rest_route=\/wp\/v2\/types\/product"}],"replies":[{"embeddable":true,"href":"https:\/\/diversityspace.de\/index.php?rest_route=%2Fwp%2Fv2%2Fcomments&post=1196"}],"wp:featuredmedia":[{"embeddable":true,"href":"https:\/\/diversityspace.de\/index.php?rest_route=\/wp\/v2\/media\/1197"}],"wp:attachment":[{"href":"https:\/\/diversityspace.de\/index.php?rest_route=%2Fwp%2Fv2%2Fmedia&parent=1196"}],"wp:term":[{"taxonomy":"product_brand","embeddable":true,"href":"https:\/\/diversityspace.de\/index.php?rest_route=%2Fwp%2Fv2%2Fproduct_brand&post=1196"},{"taxonomy":"product_cat","embeddable":true,"href":"https:\/\/diversityspace.de\/index.php?rest_route=%2Fwp%2Fv2%2Fproduct_cat&post=1196"},{"taxonomy":"product_tag","embeddable":true,"href":"https:\/\/diversityspace.de\/index.php?rest_route=%2Fwp%2Fv2%2Fproduct_tag&post=1196"}],"curies":[{"name":"wp","href":"https:\/\/api.w.org\/{rel}","templated":true}]}}