{"id":1203,"date":"2024-03-31T17:15:24","date_gmt":"2024-03-31T15:15:24","guid":{"rendered":"https:\/\/diversityspace.de\/?post_type=product&#038;p=1203"},"modified":"2025-11-13T14:22:49","modified_gmt":"2025-11-13T13:22:49","slug":"buch-kleidung-ist-fuer-alle-da-von-susann-hoffmann","status":"publish","type":"product","link":"https:\/\/diversityspace.de\/?product=buch-kleidung-ist-fuer-alle-da-von-susann-hoffmann","title":{"rendered":"Buch &#8211; Kleidung ist f\u00fcr alle da von Susann Hoffmann"},"content":{"rendered":"<p><strong>Verlagsbeschreibung\u00a0<\/strong><\/p>\n<p class=\"font-weight-bold h6\">Sind Kleider nur was f\u00fcr M\u00e4dchen? Sind Baseballm\u00fctzen nur was f\u00fcr Jungs?<\/p>\n<p>Dieses zauberhafte Pappbilderbuch r\u00e4umt schon f\u00fcr Kleinkinder mit \u00fcberholten Rollenbildern auf.<\/p>\n<p>&#8222;Kleidung ist f\u00fcr alle da&#8220; l\u00e4dt Kinder ein, sich unabh\u00e4ngig von ihrem Geschlecht frei zu entfalten \u2013 egal mit welchen Anziehsachen. Sanft und altersgerecht brechen die bunten Doppelseiten mit tradierten Geschlechterklischees und zeigen uns, dass Kinder vor allem eins sein sollten: sie selbst. \u00a9 Zuckers\u00fc\u00df Verlag<\/p>\n<p><strong>Diversit\u00e4tsreflexivit\u00e4t des Materials\u00a0<\/strong><\/p>\n<p>In dem Buch &#8222;Kleidung ist f\u00fcr alle da&#8220; werden entlang von Kleidung und Aussehen traditionell verankerte Vorstellungen \u00fcber die bin\u00e4ren Geschlechter aufgebrochen.\u00a0 Lesenden Kindern wird vermittelt, dass sie unabh\u00e4ngig von ihrer geschlechtlichen Zugeh\u00f6rigkeit das tragen k\u00f6nnen und d\u00fcrfen, worauf sie Lust haben. Geschlechtsspezifische Kleidernormen wie &#8222;nur M\u00e4dchen tragen R\u00f6cke\/Kleider&#8220; oder &#8222;weite Kleidung ist f\u00fcr Jungen&#8220; werden \u00fcber die Buchinhalte aufgebrochen. Dazu geh\u00f6rt ebenso die Dekonstruktion von Farben, die nicht mehr im Zusammenhang zum bin\u00e4ren Geschlecht weiblich oder m\u00e4nnlich stehen.\u00a0 Die Kinder unterschiedlicher Hautfarbe, unterschiedlicher k\u00f6rperlicher Verfasstheit\u00a0 und unterschiedlichem Alter werden in Kitar\u00e4umen, auf dem Spielplatz oder in der Tanzschule abgebildet, sodass die Kinder in unterschiedlichsten Settings gelernt bekommen ihre Identit\u00e4t zu entfalten.<\/p>\n","protected":false},"excerpt":{"rendered":"<p>Verlagsbeschreibung\u00a0 Sind Kleider nur was f\u00fcr M\u00e4dchen? Sind Baseballm\u00fctzen nur was f\u00fcr Jungs? Dieses zauberhafte Pappbilderbuch r\u00e4umt schon f\u00fcr Kleinkinder mit \u00fcberholten Rollenbildern auf. &#8222;Kleidung ist f\u00fcr alle da&#8220; l\u00e4dt Kinder ein, sich unabh\u00e4ngig von ihrem Geschlecht frei zu entfalten \u2013 egal mit welchen Anziehsachen. Sanft und altersgerecht brechen die bunten Doppelseiten mit tradierten Geschlechterklischees [&hellip;]<\/p>\n","protected":false},"featured_media":1204,"comment_status":"open","ping_status":"closed","template":"","meta":[],"product_brand":[],"product_cat":[284,283,285],"product_tag":[232,160],"class_list":{"0":"post-1203","1":"product","2":"type-product","3":"status-publish","4":"has-post-thumbnail","6":"product_cat-body","7":"product_cat-class","8":"product_cat-gender","9":"product_tag-body","10":"product_tag-normalisierung-und-dekonstruktion","12":"first","13":"instock","14":"shipping-taxable","15":"purchasable","16":"product-type-simple"},"_links":{"self":[{"href":"https:\/\/diversityspace.de\/index.php?rest_route=\/wp\/v2\/product\/1203","targetHints":{"allow":["GET"]}}],"collection":[{"href":"https:\/\/diversityspace.de\/index.php?rest_route=\/wp\/v2\/product"}],"about":[{"href":"https:\/\/diversityspace.de\/index.php?rest_route=\/wp\/v2\/types\/product"}],"replies":[{"embeddable":true,"href":"https:\/\/diversityspace.de\/index.php?rest_route=%2Fwp%2Fv2%2Fcomments&post=1203"}],"wp:featuredmedia":[{"embeddable":true,"href":"https:\/\/diversityspace.de\/index.php?rest_route=\/wp\/v2\/media\/1204"}],"wp:attachment":[{"href":"https:\/\/diversityspace.de\/index.php?rest_route=%2Fwp%2Fv2%2Fmedia&parent=1203"}],"wp:term":[{"taxonomy":"product_brand","embeddable":true,"href":"https:\/\/diversityspace.de\/index.php?rest_route=%2Fwp%2Fv2%2Fproduct_brand&post=1203"},{"taxonomy":"product_cat","embeddable":true,"href":"https:\/\/diversityspace.de\/index.php?rest_route=%2Fwp%2Fv2%2Fproduct_cat&post=1203"},{"taxonomy":"product_tag","embeddable":true,"href":"https:\/\/diversityspace.de\/index.php?rest_route=%2Fwp%2Fv2%2Fproduct_tag&post=1203"}],"curies":[{"name":"wp","href":"https:\/\/api.w.org\/{rel}","templated":true}]}}