{"id":1207,"date":"2024-04-04T17:13:40","date_gmt":"2024-04-04T15:13:40","guid":{"rendered":"https:\/\/diversityspace.de\/?post_type=product&#038;p=1207"},"modified":"2026-04-16T11:18:57","modified_gmt":"2026-04-16T09:18:57","slug":"buch-komm-wir-zeigen-dir-unsere-kita-von-constanze-von-kitzing","status":"publish","type":"product","link":"https:\/\/diversityspace.de\/?product=buch-komm-wir-zeigen-dir-unsere-kita-von-constanze-von-kitzing","title":{"rendered":"Buch &#8211; Komm, wir zeigen dir unsere Kita von Constanze von Kitzing"},"content":{"rendered":"<p><strong>Verlagsbeschreibung\u00a0<\/strong><\/p>\n<p>In diesem gro\u00dfen Pappbilderbuch rund um den Kita-Alltag\u00a0wimmelt es von vielen\u00a0wunderbaren Kindern \u2013 und \u00fcberall gibt es unendlich viel zu entdecken. Wer hat Lust, die Kinder der Pinguin-Gruppe durch ihren Kindergartentag zu begleiten? Entdeckst du sie alle wieder? Kannst du dir ihre Namen merken? Wer feiert seinen Geburtstag? Wer hilft in der K\u00fcche und im Speisesaal mit? Wer macht im Turnraum einen Purzelbaum? Wer bekommt im Waschraum eine frische Windel? Wer h\u00e4lt Mittagsruhe und was spielen sie alle drau\u00dfen\u00a0auf dem\u00a0gro\u00dfen Spielplatz?<br \/>\nUnd\u00a0wer wird Wimmelbuchprofi\u00a0und entdeckt die auf jeder Seite versteckte kleine Maus und das verlorene Paar Socken?<\/p>\n<ul>\n<li>Ein Wimmelbuch, in dem sich viele Kinder wiederfinden k\u00f6nnen.<\/li>\n<li>Ein Wimmelbuch, das mit seinen eingestreuten Sprechblasen gro\u00dfe und kleine Betrachter*innen animiert, sich zu den vielen Szenen selbst zu \u00fcberlegen, wer dort vielleicht gerade was sagen k\u00f6nnte:\u00a0So geht in-Bildern-Lesen!<\/li>\n<li>Ein Kindergartenbuch, das die genaue Beobachtungsgabe und Vorstellungskraft f\u00f6rdert.<\/li>\n<li>Ein Bilderbuch, das\u00a0unz\u00e4hlige Gespr\u00e4chsanl\u00e4sse\u00a0bietet.<\/li>\n<li>Gro\u00dfes Format\u00a0&#8211; perfekt f\u00fcr das gemeinsame Anschauen in der Kindergruppe.<\/li>\n<li>Ein ideales detailreiches und lustiges\u00a0Begleitbuch durch die Kindergartenzeit. \u00a9 Carlsen Verlag<\/li>\n<\/ul>\n<p><strong>Diversit\u00e4tsreflexivit\u00e4t des Materials<\/strong><\/p>\n<p>&nbsp;<\/p>\n","protected":false},"excerpt":{"rendered":"<p>Verlagsbeschreibung\u00a0 In diesem gro\u00dfen Pappbilderbuch rund um den Kita-Alltag\u00a0wimmelt es von vielen\u00a0wunderbaren Kindern \u2013 und \u00fcberall gibt es unendlich viel zu entdecken. Wer hat Lust, die Kinder der Pinguin-Gruppe durch ihren Kindergartentag zu begleiten? Entdeckst du sie alle wieder? Kannst du dir ihre Namen merken? Wer feiert seinen Geburtstag? Wer hilft in der K\u00fcche und [&hellip;]<\/p>\n","protected":false},"featured_media":1209,"comment_status":"open","ping_status":"closed","template":"","meta":[],"product_brand":[],"product_cat":[285,282],"product_tag":[201],"class_list":{"0":"post-1207","1":"product","2":"type-product","3":"status-publish","4":"has-post-thumbnail","6":"product_cat-gender","7":"product_cat-race","8":"product_tag-normalisierung-und-empowerment","10":"first","11":"instock","12":"shipping-taxable","13":"purchasable","14":"product-type-simple"},"_links":{"self":[{"href":"https:\/\/diversityspace.de\/index.php?rest_route=\/wp\/v2\/product\/1207","targetHints":{"allow":["GET"]}}],"collection":[{"href":"https:\/\/diversityspace.de\/index.php?rest_route=\/wp\/v2\/product"}],"about":[{"href":"https:\/\/diversityspace.de\/index.php?rest_route=\/wp\/v2\/types\/product"}],"replies":[{"embeddable":true,"href":"https:\/\/diversityspace.de\/index.php?rest_route=%2Fwp%2Fv2%2Fcomments&post=1207"}],"wp:featuredmedia":[{"embeddable":true,"href":"https:\/\/diversityspace.de\/index.php?rest_route=\/wp\/v2\/media\/1209"}],"wp:attachment":[{"href":"https:\/\/diversityspace.de\/index.php?rest_route=%2Fwp%2Fv2%2Fmedia&parent=1207"}],"wp:term":[{"taxonomy":"product_brand","embeddable":true,"href":"https:\/\/diversityspace.de\/index.php?rest_route=%2Fwp%2Fv2%2Fproduct_brand&post=1207"},{"taxonomy":"product_cat","embeddable":true,"href":"https:\/\/diversityspace.de\/index.php?rest_route=%2Fwp%2Fv2%2Fproduct_cat&post=1207"},{"taxonomy":"product_tag","embeddable":true,"href":"https:\/\/diversityspace.de\/index.php?rest_route=%2Fwp%2Fv2%2Fproduct_tag&post=1207"}],"curies":[{"name":"wp","href":"https:\/\/api.w.org\/{rel}","templated":true}]}}