{"id":1215,"date":"2024-04-04T17:27:52","date_gmt":"2024-04-04T15:27:52","guid":{"rendered":"https:\/\/diversityspace.de\/?post_type=product&#038;p=1215"},"modified":"2026-04-24T18:27:43","modified_gmt":"2026-04-24T16:27:43","slug":"buch-und-doch-sind-alle-aepfel-rund-von-christine-hubka-agnes-ofner","status":"publish","type":"product","link":"https:\/\/diversityspace.de\/?product=buch-und-doch-sind-alle-aepfel-rund-von-christine-hubka-agnes-ofner","title":{"rendered":"Buch &#8211; Und doch sind alle \u00c4pfel rund von Christine Hubka &#038; Agnes Ofner"},"content":{"rendered":"<p><strong>Verlagsbeschreibung\u00a0<\/strong><\/p>\n<p>Drei Religionen \u2013 eine Wurzel: Was Judentum, Christentum und Islam gemeinsam haben, wird hier anhand einer Familie geschildert, die interkultureller und interkonfessioneller kaum sein k\u00f6nnte \u2013 umso spannender daher, dass es sie tats\u00e4chlich gibt: Anhand einer reellen Vorlage entspinnt die beeindruckende Theologin Christine Hubka die erz\u00e4hlerische Entdeckungsreise des Buben Jojo durch die verschiedenen Religionen seiner Familienmitglieder und zeigt, wie ein wertsch\u00e4tzendes Miteinander m\u00f6glich ist. Im Fokus stehen dabei die sogenannten abrahamitischen Religionen, also Judentum, Christentum und Islam, teilweise auch mit ihren Untergruppierungen wie Protestantismus oder Orthodoxie, wobei andere religi\u00f6se bzw. spirituelle sowie atheistische Denkweisen ebenso ihren Platz bekommen. Auf faszinierende Weise gelingt es der Autorin, die gemeinsame Basis der unterschiedlichen religi\u00f6s-spirituellen Handlungen, Traditionen und Rituale aufzuzeigen und erm\u00f6glicht die zuweilen augen\u00f6ffnende Erkenntnis: Es eint die Religionen deutlich mehr, als sie trennt. Knappe, klare Sachinformationen vertiefen die einzelnen Szenen und geben wichtiges Hintergrundwissen.<\/p>\n<p>Die Darstellung von Diversit\u00e4t und Vielfalt ist auch ein Anliegen, das der jungen Illustratorin Agnes Ofner besonders wichtig ist. Mit gro\u00dfer Freude und ebenso gro\u00dfem Fingerspitzengef\u00fchl widmet sie sich der Darstellung dieser besonderen Familie und begleitet Jojo und seinen Kater Abraxas farbenfroh bei ihren spannenden Erkenntnissen und \u00dcberlegungen. \u00a9 Tyrolia Verlag<\/p>\n<p><strong>Diversit\u00e4tsreflexivit\u00e4t des Materials\u00a0<\/strong><\/p>\n","protected":false},"excerpt":{"rendered":"<p>Verlagsbeschreibung\u00a0 Drei Religionen \u2013 eine Wurzel: Was Judentum, Christentum und Islam gemeinsam haben, wird hier anhand einer Familie geschildert, die interkultureller und interkonfessioneller kaum sein k\u00f6nnte \u2013 umso spannender daher, dass es sie tats\u00e4chlich gibt: Anhand einer reellen Vorlage entspinnt die beeindruckende Theologin Christine Hubka die erz\u00e4hlerische Entdeckungsreise des Buben Jojo durch die verschiedenen Religionen [&hellip;]<\/p>\n","protected":false},"featured_media":1216,"comment_status":"open","ping_status":"closed","template":"","meta":[],"product_brand":[],"product_cat":[283,282],"product_tag":[160],"class_list":{"0":"post-1215","1":"product","2":"type-product","3":"status-publish","4":"has-post-thumbnail","6":"product_cat-class","7":"product_cat-race","8":"product_tag-normalisierung-und-dekonstruktion","10":"first","11":"instock","12":"shipping-taxable","13":"purchasable","14":"product-type-simple"},"_links":{"self":[{"href":"https:\/\/diversityspace.de\/index.php?rest_route=\/wp\/v2\/product\/1215","targetHints":{"allow":["GET"]}}],"collection":[{"href":"https:\/\/diversityspace.de\/index.php?rest_route=\/wp\/v2\/product"}],"about":[{"href":"https:\/\/diversityspace.de\/index.php?rest_route=\/wp\/v2\/types\/product"}],"replies":[{"embeddable":true,"href":"https:\/\/diversityspace.de\/index.php?rest_route=%2Fwp%2Fv2%2Fcomments&post=1215"}],"wp:featuredmedia":[{"embeddable":true,"href":"https:\/\/diversityspace.de\/index.php?rest_route=\/wp\/v2\/media\/1216"}],"wp:attachment":[{"href":"https:\/\/diversityspace.de\/index.php?rest_route=%2Fwp%2Fv2%2Fmedia&parent=1215"}],"wp:term":[{"taxonomy":"product_brand","embeddable":true,"href":"https:\/\/diversityspace.de\/index.php?rest_route=%2Fwp%2Fv2%2Fproduct_brand&post=1215"},{"taxonomy":"product_cat","embeddable":true,"href":"https:\/\/diversityspace.de\/index.php?rest_route=%2Fwp%2Fv2%2Fproduct_cat&post=1215"},{"taxonomy":"product_tag","embeddable":true,"href":"https:\/\/diversityspace.de\/index.php?rest_route=%2Fwp%2Fv2%2Fproduct_tag&post=1215"}],"curies":[{"name":"wp","href":"https:\/\/api.w.org\/{rel}","templated":true}]}}