{"id":1229,"date":"2024-04-04T17:57:23","date_gmt":"2024-04-04T15:57:23","guid":{"rendered":"https:\/\/diversityspace.de\/?post_type=product&#038;p=1229"},"modified":"2025-11-13T14:08:51","modified_gmt":"2025-11-13T13:08:51","slug":"buch-fuer-eine-umwelt-ohne-plastik-von-neal-layton","status":"publish","type":"product","link":"https:\/\/diversityspace.de\/?product=buch-fuer-eine-umwelt-ohne-plastik-von-neal-layton","title":{"rendered":"Buch &#8211; F\u00fcr eine Umwelt ohne Plastik von Neal Layton"},"content":{"rendered":"<p><strong>Verlagsbeschreibung\u00a0<\/strong><\/p>\n<p>Die Zukunft geh\u00f6rt den Kindern und deshalb richtet sich die Erde in diesem gro\u00dfformatigen und gro\u00dfartigen Sachbilderbuch direkt an die Kinder. Sie erkl\u00e4rt ihnen ganz einfach und doch sehr fundiert, warum unser Plastik f\u00fcr sie ein gro\u00dfes Problem ist. Welche Dinge sind aus Plastik? Wie kam das Plastik auf die Erde? Und was passiert, wenn wir unsere Plastiksachen wegwerfen? Am Ende des Buches gibt es noch einfache Ideen, was jeder tun, damit es der Erde noch lange gut geht!<br \/>\nDer gelungene Foto-Illustrationsmix l\u00e4dt zum Verweilen ein. Ein Buch, das schon Kindergartenkinder f\u00fcr die Aufgaben der Zukunft sensibilisiert. \u00a9 Carlsen Verlag<\/p>\n<p><strong>Diversit\u00e4tsreflexivit\u00e4t des Materials<\/strong><\/p>\n<p>&nbsp;<\/p>\n","protected":false},"excerpt":{"rendered":"<p>Verlagsbeschreibung\u00a0 Die Zukunft geh\u00f6rt den Kindern und deshalb richtet sich die Erde in diesem gro\u00dfformatigen und gro\u00dfartigen Sachbilderbuch direkt an die Kinder. Sie erkl\u00e4rt ihnen ganz einfach und doch sehr fundiert, warum unser Plastik f\u00fcr sie ein gro\u00dfes Problem ist. Welche Dinge sind aus Plastik? Wie kam das Plastik auf die Erde? Und was passiert, [&hellip;]<\/p>\n","protected":false},"featured_media":1230,"comment_status":"open","ping_status":"closed","template":"","meta":[],"product_brand":[],"product_cat":[284,283,282],"product_tag":[128],"class_list":{"0":"post-1229","1":"product","2":"type-product","3":"status-publish","4":"has-post-thumbnail","6":"product_cat-body","7":"product_cat-class","8":"product_cat-race","9":"product_tag-dekonstruktion-und-empowerment","11":"first","12":"outofstock","13":"shipping-taxable","14":"purchasable","15":"product-type-simple"},"_links":{"self":[{"href":"https:\/\/diversityspace.de\/index.php?rest_route=\/wp\/v2\/product\/1229","targetHints":{"allow":["GET"]}}],"collection":[{"href":"https:\/\/diversityspace.de\/index.php?rest_route=\/wp\/v2\/product"}],"about":[{"href":"https:\/\/diversityspace.de\/index.php?rest_route=\/wp\/v2\/types\/product"}],"replies":[{"embeddable":true,"href":"https:\/\/diversityspace.de\/index.php?rest_route=%2Fwp%2Fv2%2Fcomments&post=1229"}],"wp:featuredmedia":[{"embeddable":true,"href":"https:\/\/diversityspace.de\/index.php?rest_route=\/wp\/v2\/media\/1230"}],"wp:attachment":[{"href":"https:\/\/diversityspace.de\/index.php?rest_route=%2Fwp%2Fv2%2Fmedia&parent=1229"}],"wp:term":[{"taxonomy":"product_brand","embeddable":true,"href":"https:\/\/diversityspace.de\/index.php?rest_route=%2Fwp%2Fv2%2Fproduct_brand&post=1229"},{"taxonomy":"product_cat","embeddable":true,"href":"https:\/\/diversityspace.de\/index.php?rest_route=%2Fwp%2Fv2%2Fproduct_cat&post=1229"},{"taxonomy":"product_tag","embeddable":true,"href":"https:\/\/diversityspace.de\/index.php?rest_route=%2Fwp%2Fv2%2Fproduct_tag&post=1229"}],"curies":[{"name":"wp","href":"https:\/\/api.w.org\/{rel}","templated":true}]}}