{"id":1233,"date":"2024-04-06T16:24:09","date_gmt":"2024-04-06T14:24:09","guid":{"rendered":"https:\/\/diversityspace.de\/?post_type=product&#038;p=1233"},"modified":"2026-04-16T11:14:16","modified_gmt":"2026-04-16T09:14:16","slug":"buch-manchmal-muss-man-abschied-nehmen-von-louise-spilsbury-hanane-kai","status":"publish","type":"product","link":"https:\/\/diversityspace.de\/?product=buch-manchmal-muss-man-abschied-nehmen-von-louise-spilsbury-hanane-kai","title":{"rendered":"Buch &#8211; Manchmal muss man Abschied nehmen von Louise Spilsbury &#038; Hanane Kai"},"content":{"rendered":"<p><strong>Verlagsbeschreibung\u00a0<\/strong><\/p>\n<div class=\"rows full content_header first\">\n<div class=\"column_66 first\">\n<div class=\"rows full content_header first\">\n<p>Der Tod geh\u00f6rt zum Leben<\/p>\n<p>Was passiert, wenn Menschen sterben? Warum macht uns das so traurig? Und was kommt danach? Dieses klare und empathische Sachbilderbuch nimmt Kinder an die Hand und beantwortet Fragen zum Sterben auf einf\u00fchlsame Weise. Es zeigt auch, wie unterschiedlich weltweit Trauerriten und Bestattungen aussehen.<\/p>\n<p>Ein idealer Begleiter f\u00fcr Kinder ab 5 Jahren, die mit Tod und Trauer konfrontiert werden, und f\u00fcr Eltern, die mit ihren Kindern dar\u00fcber sprechen m\u00f6chten. \u00a9\u00a0Gabriel Verlag<\/p>\n<p><strong>Diversit\u00e4tsreflexivit\u00e4t des Materials\u00a0<\/strong><\/p>\n<p>&nbsp;<\/p>\n<\/div>\n<\/div>\n<\/div>\n","protected":false},"excerpt":{"rendered":"<p>Verlagsbeschreibung\u00a0 Der Tod geh\u00f6rt zum Leben Was passiert, wenn Menschen sterben? Warum macht uns das so traurig? Und was kommt danach? Dieses klare und empathische Sachbilderbuch nimmt Kinder an die Hand und beantwortet Fragen zum Sterben auf einf\u00fchlsame Weise. Es zeigt auch, wie unterschiedlich weltweit Trauerriten und Bestattungen aussehen. Ein idealer Begleiter f\u00fcr Kinder ab [&hellip;]<\/p>\n","protected":false},"featured_media":1234,"comment_status":"open","ping_status":"closed","template":"","meta":[],"product_brand":[],"product_cat":[284,283],"product_tag":[128],"class_list":{"0":"post-1233","1":"product","2":"type-product","3":"status-publish","4":"has-post-thumbnail","6":"product_cat-body","7":"product_cat-class","8":"product_tag-dekonstruktion-und-empowerment","10":"first","11":"instock","12":"shipping-taxable","13":"purchasable","14":"product-type-simple"},"_links":{"self":[{"href":"https:\/\/diversityspace.de\/index.php?rest_route=\/wp\/v2\/product\/1233","targetHints":{"allow":["GET"]}}],"collection":[{"href":"https:\/\/diversityspace.de\/index.php?rest_route=\/wp\/v2\/product"}],"about":[{"href":"https:\/\/diversityspace.de\/index.php?rest_route=\/wp\/v2\/types\/product"}],"replies":[{"embeddable":true,"href":"https:\/\/diversityspace.de\/index.php?rest_route=%2Fwp%2Fv2%2Fcomments&post=1233"}],"wp:featuredmedia":[{"embeddable":true,"href":"https:\/\/diversityspace.de\/index.php?rest_route=\/wp\/v2\/media\/1234"}],"wp:attachment":[{"href":"https:\/\/diversityspace.de\/index.php?rest_route=%2Fwp%2Fv2%2Fmedia&parent=1233"}],"wp:term":[{"taxonomy":"product_brand","embeddable":true,"href":"https:\/\/diversityspace.de\/index.php?rest_route=%2Fwp%2Fv2%2Fproduct_brand&post=1233"},{"taxonomy":"product_cat","embeddable":true,"href":"https:\/\/diversityspace.de\/index.php?rest_route=%2Fwp%2Fv2%2Fproduct_cat&post=1233"},{"taxonomy":"product_tag","embeddable":true,"href":"https:\/\/diversityspace.de\/index.php?rest_route=%2Fwp%2Fv2%2Fproduct_tag&post=1233"}],"curies":[{"name":"wp","href":"https:\/\/api.w.org\/{rel}","templated":true}]}}