{"id":1241,"date":"2024-04-06T16:42:46","date_gmt":"2024-04-06T14:42:46","guid":{"rendered":"https:\/\/diversityspace.de\/?post_type=product&#038;p=1241"},"modified":"2026-04-30T13:40:49","modified_gmt":"2026-04-30T11:40:49","slug":"buch-was-ist-zuhause-von-kristina-scharmacher-schreiber-lena-hasse","status":"publish","type":"product","link":"https:\/\/diversityspace.de\/?product=buch-was-ist-zuhause-von-kristina-scharmacher-schreiber-lena-hasse","title":{"rendered":"Buch &#8211; Was ist Zuhause? von Kristina Scharmacher-Schreiber &#038; Lena Hasse"},"content":{"rendered":"<p><strong>Verlagsbeschreibung\u00a0<\/strong><\/p>\n<p>Bei Oma darf man auf dem Sofa essen, beim besten Freund spielen alle in der K\u00fcche und die Cousine hat zwei Zimmer, eins bei jedem Elternteil. Jedes Kind wei\u00df, Zuhause k\u00f6nnen ganz unterschiedlich sein. Was sie ausmacht, sind vertraute Ger\u00fcche und Ger\u00e4usche, gewohnte Sprache oder kleine Rituale.<br \/>\nWie ist das bei Menschen, die kein festes Zuhause haben? Die ihr Zuhause verlassen m\u00fcssen oder wollen? Kann man sich aussuchen, wo man wohnt? Und wie wird man dort heimisch?<br \/>\nEin gedankenreiches Sachbuch dar\u00fcber, wie unser Zusammenleben inklusiv und umweltvertr\u00e4glich gestalten k\u00f6nnen.<\/p>\n<p>Gesellschaftliche Themen aus dem Inhalt:<br \/>\nWohnraum und Mieten<br \/>\nObdachlosigkeit<br \/>\nArbeitsmigration und Flucht<br \/>\nNachhaltige Stadt: gr\u00fcn und sozial integrativ \u00a9Beltz &amp; Gelberg<\/p>\n<p><strong>Diversit\u00e4tsreflexivit\u00e4t des Materials<\/strong><\/p>\n","protected":false},"excerpt":{"rendered":"<p>Verlagsbeschreibung\u00a0 Bei Oma darf man auf dem Sofa essen, beim besten Freund spielen alle in der K\u00fcche und die Cousine hat zwei Zimmer, eins bei jedem Elternteil. Jedes Kind wei\u00df, Zuhause k\u00f6nnen ganz unterschiedlich sein. Was sie ausmacht, sind vertraute Ger\u00fcche und Ger\u00e4usche, gewohnte Sprache oder kleine Rituale. Wie ist das bei Menschen, die kein [&hellip;]<\/p>\n","protected":false},"featured_media":1242,"comment_status":"open","ping_status":"closed","template":"","meta":[],"product_brand":[],"product_cat":[283,282],"product_tag":[160],"class_list":{"0":"post-1241","1":"product","2":"type-product","3":"status-publish","4":"has-post-thumbnail","6":"product_cat-class","7":"product_cat-race","8":"product_tag-normalisierung-und-dekonstruktion","10":"first","11":"instock","12":"shipping-taxable","13":"purchasable","14":"product-type-simple"},"_links":{"self":[{"href":"https:\/\/diversityspace.de\/index.php?rest_route=\/wp\/v2\/product\/1241","targetHints":{"allow":["GET"]}}],"collection":[{"href":"https:\/\/diversityspace.de\/index.php?rest_route=\/wp\/v2\/product"}],"about":[{"href":"https:\/\/diversityspace.de\/index.php?rest_route=\/wp\/v2\/types\/product"}],"replies":[{"embeddable":true,"href":"https:\/\/diversityspace.de\/index.php?rest_route=%2Fwp%2Fv2%2Fcomments&post=1241"}],"wp:featuredmedia":[{"embeddable":true,"href":"https:\/\/diversityspace.de\/index.php?rest_route=\/wp\/v2\/media\/1242"}],"wp:attachment":[{"href":"https:\/\/diversityspace.de\/index.php?rest_route=%2Fwp%2Fv2%2Fmedia&parent=1241"}],"wp:term":[{"taxonomy":"product_brand","embeddable":true,"href":"https:\/\/diversityspace.de\/index.php?rest_route=%2Fwp%2Fv2%2Fproduct_brand&post=1241"},{"taxonomy":"product_cat","embeddable":true,"href":"https:\/\/diversityspace.de\/index.php?rest_route=%2Fwp%2Fv2%2Fproduct_cat&post=1241"},{"taxonomy":"product_tag","embeddable":true,"href":"https:\/\/diversityspace.de\/index.php?rest_route=%2Fwp%2Fv2%2Fproduct_tag&post=1241"}],"curies":[{"name":"wp","href":"https:\/\/api.w.org\/{rel}","templated":true}]}}