{"id":1243,"date":"2024-04-06T16:48:11","date_gmt":"2024-04-06T14:48:11","guid":{"rendered":"https:\/\/diversityspace.de\/?post_type=product&#038;p=1243"},"modified":"2025-11-08T13:43:40","modified_gmt":"2025-11-08T12:43:40","slug":"stickerbuch-mein-erstes-stickerbuch-gefuehle-von-usborne","status":"publish","type":"product","link":"https:\/\/diversityspace.de\/?product=stickerbuch-mein-erstes-stickerbuch-gefuehle-von-usborne","title":{"rendered":"Stickerbuch- Mein erstes Stickerbuch Gef\u00fchle von Usborne"},"content":{"rendered":"<p><strong>Verlagsbeschreibung\u00a0<\/strong><\/p>\n<p class=\"product-detail-subtitle\">Bist du auch manchmal fr\u00f6hlich und dann pl\u00f6tzlich traurig? Oft hast du viele Gef\u00fchle auf einmal! Mit \u00fcber 160 Stickern lernst du, sie zu benennen und mit ihnen umzugehen und erf\u00e4hrst, was dein K\u00f6rper dir mit Emotionen eigentlich sagen m\u00f6chte.<\/p>\n<p>\u2022 Verschiedene Empfindungen in g\u00e4ngigen Szenarien dargestellt und durch Farben ausgedr\u00fcckt<br \/>\n\u2022 Mit zus\u00e4tzlichen Tipps zum Umgang mit schwierigen Gef\u00fchlen<br \/>\n\u2022 Heraustrennbare Stickerseiten mit \u00fcber 160 Stickern erleichtern die Handhabung \u00a9\u00a0Usborne Verlag<\/p>\n<p><strong>Diversit\u00e4tsreflexivit\u00e4t des Materials\u00a0<\/strong><\/p>\n<p>Das Buch thematisiert anhand allt\u00e4glicher Situationen und K\u00f6rperreaktionen unterschieldiche Gef\u00fchle, die ausgel\u00f6st werden k\u00f6nnen. Dabei l\u00e4dt es einerseits ein, weitere subjektiv passende Gef\u00fchle in die Situationen einzubeziehen sowie diese auch zu benennen. Die Anerkennung unterschiedlicher Gef\u00fchle, die Menschen in gleichen Situationen haben k\u00f6nnen, nimmt Kinder ernst. Anhand der bildlichen Darstellungen k\u00f6nnen Kinder sprachf\u00e4hig werden und das, was sie f\u00fchlen, benennen und sich selbst aber auch andere Gef\u00fchle anerkennen. Damit tr\u00e4gt das Buch zum Empowerment und zur Normalisierung bei.<\/p>\n","protected":false},"excerpt":{"rendered":"<p>Verlagsbeschreibung\u00a0 Bist du auch manchmal fr\u00f6hlich und dann pl\u00f6tzlich traurig? Oft hast du viele Gef\u00fchle auf einmal! Mit \u00fcber 160 Stickern lernst du, sie zu benennen und mit ihnen umzugehen und erf\u00e4hrst, was dein K\u00f6rper dir mit Emotionen eigentlich sagen m\u00f6chte. \u2022 Verschiedene Empfindungen in g\u00e4ngigen Szenarien dargestellt und durch Farben ausgedr\u00fcckt \u2022 Mit zus\u00e4tzlichen [&hellip;]<\/p>\n","protected":false},"featured_media":1244,"comment_status":"open","ping_status":"closed","template":"","meta":[],"product_brand":[],"product_cat":[284,285,282],"product_tag":[201],"class_list":{"0":"post-1243","1":"product","2":"type-product","3":"status-publish","4":"has-post-thumbnail","6":"product_cat-body","7":"product_cat-gender","8":"product_cat-race","9":"product_tag-normalisierung-und-empowerment","11":"first","12":"instock","13":"shipping-taxable","14":"purchasable","15":"product-type-simple"},"_links":{"self":[{"href":"https:\/\/diversityspace.de\/index.php?rest_route=\/wp\/v2\/product\/1243","targetHints":{"allow":["GET"]}}],"collection":[{"href":"https:\/\/diversityspace.de\/index.php?rest_route=\/wp\/v2\/product"}],"about":[{"href":"https:\/\/diversityspace.de\/index.php?rest_route=\/wp\/v2\/types\/product"}],"replies":[{"embeddable":true,"href":"https:\/\/diversityspace.de\/index.php?rest_route=%2Fwp%2Fv2%2Fcomments&post=1243"}],"wp:featuredmedia":[{"embeddable":true,"href":"https:\/\/diversityspace.de\/index.php?rest_route=\/wp\/v2\/media\/1244"}],"wp:attachment":[{"href":"https:\/\/diversityspace.de\/index.php?rest_route=%2Fwp%2Fv2%2Fmedia&parent=1243"}],"wp:term":[{"taxonomy":"product_brand","embeddable":true,"href":"https:\/\/diversityspace.de\/index.php?rest_route=%2Fwp%2Fv2%2Fproduct_brand&post=1243"},{"taxonomy":"product_cat","embeddable":true,"href":"https:\/\/diversityspace.de\/index.php?rest_route=%2Fwp%2Fv2%2Fproduct_cat&post=1243"},{"taxonomy":"product_tag","embeddable":true,"href":"https:\/\/diversityspace.de\/index.php?rest_route=%2Fwp%2Fv2%2Fproduct_tag&post=1243"}],"curies":[{"name":"wp","href":"https:\/\/api.w.org\/{rel}","templated":true}]}}