{"id":1246,"date":"2024-04-06T17:25:59","date_gmt":"2024-04-06T15:25:59","guid":{"rendered":"https:\/\/diversityspace.de\/?post_type=product&#038;p=1246"},"modified":"2026-04-23T09:44:24","modified_gmt":"2026-04-23T07:44:24","slug":"buch-ach-das-ist-familie-von-britta-kiwit-emily-claire-voelker","status":"publish","type":"product","link":"https:\/\/diversityspace.de\/?product=buch-ach-das-ist-familie-von-britta-kiwit-emily-claire-voelker","title":{"rendered":"Buch &#8211; Ach, das ist Familie?! von Britta Kiwit &#038; Emily Claire V\u00f6lker"},"content":{"rendered":"<p><strong>Verlagsbeschreibung\u00a0<\/strong><\/p>\n<p>Von Alleinerziehenden \u00fcber LGBTQI+-Gemeinschaften, traditionelle Kernfamilien, Patchwork-Familien, Adoptionsfamilien bis hin zu Wohngruppen \u2013 jede Familie ist einzigartig.<\/p>\n<p>Dieses aufkl\u00e4rende Buch bietet sowohl f\u00fcr Kinder als auch f\u00fcr Eltern und andere Bezugspersonen Vorlesetexte und informative Boxen. Es greift die Vielfalt des Familienlebens auf und hinterfragt g\u00e4ngige Rollenbilder, Erwartungen und Normen. Mit lebhaften Beispielen aus der realen Welt werden junge Leser*innen und Vorlesende eingeladen, die Vielfalt an Familienformen zu entdecken und zu verstehen. \u00a9 EMF<\/p>\n<p><strong>Diversit\u00e4tsreflexivit\u00e4t des Materials\u00a0<\/strong><\/p>\n<p>Dieses Bilderbuch l\u00e4dt Kinder dazu ein, \u00fcber die Vielfalt von Familien nachzudenken. Unterschiedliche Familienformen \u2013 Patchwork, Regenbogenfamilien, Alleinerziehende, Mehrgenerationenhaushalte \u2013 werden auf kindgerechte Weise vorgestellt. Dar\u00fcber hinaus wird thematisiert, wo Familien wohnen, wenn Familie w\u00e4chst, wenn Eltern sich trennen, Sprachen in einer Familie, Wechsel-, Wochenend- oder Nest-Modell und Themen wie das Leben in Wohngruppen sowie Tod\/Abschied. Kinder erkennen, dass Familie nicht \u201eeine Form\u201c haben muss und dass Liebe, F\u00fcrsorge und Zusammenhalt z\u00e4hlen. Das Buch f\u00f6rdert Akzeptanz, Empowerment und das Bewusstsein f\u00fcr soziale Vielfalt und eignet sich hervorragend f\u00fcr Kita, Grundschule oder Familienarbeit. Das Buch enth\u00e4lt viel Text und dazu erkl\u00e4rende Darstellungen, sodass es vor allem f\u00fcr eine dialogische Auseinandersetzung geeignet ist.<\/p>\n","protected":false},"excerpt":{"rendered":"<p>Verlagsbeschreibung\u00a0 Von Alleinerziehenden \u00fcber LGBTQI+-Gemeinschaften, traditionelle Kernfamilien, Patchwork-Familien, Adoptionsfamilien bis hin zu Wohngruppen \u2013 jede Familie ist einzigartig. Dieses aufkl\u00e4rende Buch bietet sowohl f\u00fcr Kinder als auch f\u00fcr Eltern und andere Bezugspersonen Vorlesetexte und informative Boxen. Es greift die Vielfalt des Familienlebens auf und hinterfragt g\u00e4ngige Rollenbilder, Erwartungen und Normen. Mit lebhaften Beispielen aus der [&hellip;]<\/p>\n","protected":false},"featured_media":1247,"comment_status":"open","ping_status":"closed","template":"","meta":[],"product_brand":[],"product_cat":[285,282],"product_tag":[201],"class_list":{"0":"post-1246","1":"product","2":"type-product","3":"status-publish","4":"has-post-thumbnail","6":"product_cat-gender","7":"product_cat-race","8":"product_tag-normalisierung-und-empowerment","10":"first","11":"instock","12":"shipping-taxable","13":"purchasable","14":"product-type-simple"},"_links":{"self":[{"href":"https:\/\/diversityspace.de\/index.php?rest_route=\/wp\/v2\/product\/1246","targetHints":{"allow":["GET"]}}],"collection":[{"href":"https:\/\/diversityspace.de\/index.php?rest_route=\/wp\/v2\/product"}],"about":[{"href":"https:\/\/diversityspace.de\/index.php?rest_route=\/wp\/v2\/types\/product"}],"replies":[{"embeddable":true,"href":"https:\/\/diversityspace.de\/index.php?rest_route=%2Fwp%2Fv2%2Fcomments&post=1246"}],"wp:featuredmedia":[{"embeddable":true,"href":"https:\/\/diversityspace.de\/index.php?rest_route=\/wp\/v2\/media\/1247"}],"wp:attachment":[{"href":"https:\/\/diversityspace.de\/index.php?rest_route=%2Fwp%2Fv2%2Fmedia&parent=1246"}],"wp:term":[{"taxonomy":"product_brand","embeddable":true,"href":"https:\/\/diversityspace.de\/index.php?rest_route=%2Fwp%2Fv2%2Fproduct_brand&post=1246"},{"taxonomy":"product_cat","embeddable":true,"href":"https:\/\/diversityspace.de\/index.php?rest_route=%2Fwp%2Fv2%2Fproduct_cat&post=1246"},{"taxonomy":"product_tag","embeddable":true,"href":"https:\/\/diversityspace.de\/index.php?rest_route=%2Fwp%2Fv2%2Fproduct_tag&post=1246"}],"curies":[{"name":"wp","href":"https:\/\/api.w.org\/{rel}","templated":true}]}}