{"id":1248,"date":"2024-04-07T19:38:46","date_gmt":"2024-04-07T17:38:46","guid":{"rendered":"https:\/\/diversityspace.de\/?post_type=product&#038;p=1248"},"modified":"2026-04-23T09:44:08","modified_gmt":"2026-04-23T07:44:08","slug":"buch-schau-mal-das-ist-meine-familie-von-pauline-oud","status":"publish","type":"product","link":"https:\/\/diversityspace.de\/?product=buch-schau-mal-das-ist-meine-familie-von-pauline-oud","title":{"rendered":"Buch &#8211; Schau mal, das ist meine Familie von Pauline Oud"},"content":{"rendered":"<p><strong>Verlagsbeschreibung\u00a0<\/strong><\/p>\n<p>Hanna lebt mit Mama, Papa und ihrem kleinen Bruder Finn zusammen. Rafi und sein gro\u00dfer Bruder sind von ihren Eltern adoptiert worden. Lukas hat keine Geschwister, daf\u00fcr aber zwei Mamas. Und Marie wohnt mit ihrer Schwester abwechselnd bei ihrer Mama\u00a0<em class=\"element-background-basic-colors marker\" data-color=\"gelb-light\">und<\/em> ihrem Papa. Ganz klar: Jede Familie ist anders! In diesem Kindersachbuch beantworten kurze Alltagsszenen und kindgerechte Erkl\u00e4rungen alle wichtigen Kinderfragen zum Thema Familie. Dabei geht es nicht nur um die Familie aus Mama, Papa und Kind(ern), sondern auch um Regenbogen- und Patchworkfamilien, um alleinerziehende M\u00fctter und V\u00e4ter, um Pflege- und Adoptivfamilien. Kindergartenkinder haben viele Fragen zu ihrem K\u00f6rper, ihren Gef\u00fchlen oder ihrer Rolle innerhalb der Familie. Unsere \u201eIch bin schon gro\u00df, das wei\u00df ich schon\u201c-Bilderb\u00fccher bieten daf\u00fcr eine gute Gespr\u00e4chsgrundlage: alltagsnah und ungezwungen. Diversit\u00e4t wird hier gezeigt und gelebt &#8211; ohne mahnenden Zeigefinger, sondern mit einer gro\u00dfen Selbstverst\u00e4ndlichkeit. Von einer Kinder- und Jugendtherapeutin gepr\u00fcft. \u00a9 Coppenrath<\/p>\n<p><strong>Diversit\u00e4tsreflexivit\u00e4t des Materials\u00a0<\/strong><\/p>\n","protected":false},"excerpt":{"rendered":"<p>Verlagsbeschreibung\u00a0 Hanna lebt mit Mama, Papa und ihrem kleinen Bruder Finn zusammen. Rafi und sein gro\u00dfer Bruder sind von ihren Eltern adoptiert worden. Lukas hat keine Geschwister, daf\u00fcr aber zwei Mamas. Und Marie wohnt mit ihrer Schwester abwechselnd bei ihrer Mama\u00a0und ihrem Papa. Ganz klar: Jede Familie ist anders! In diesem Kindersachbuch beantworten kurze Alltagsszenen [&hellip;]<\/p>\n","protected":false},"featured_media":1249,"comment_status":"open","ping_status":"closed","template":"","meta":[],"product_brand":[],"product_cat":[285],"product_tag":[160],"class_list":{"0":"post-1248","1":"product","2":"type-product","3":"status-publish","4":"has-post-thumbnail","6":"product_cat-gender","7":"product_tag-normalisierung-und-dekonstruktion","9":"first","10":"instock","11":"shipping-taxable","12":"purchasable","13":"product-type-simple"},"_links":{"self":[{"href":"https:\/\/diversityspace.de\/index.php?rest_route=\/wp\/v2\/product\/1248","targetHints":{"allow":["GET"]}}],"collection":[{"href":"https:\/\/diversityspace.de\/index.php?rest_route=\/wp\/v2\/product"}],"about":[{"href":"https:\/\/diversityspace.de\/index.php?rest_route=\/wp\/v2\/types\/product"}],"replies":[{"embeddable":true,"href":"https:\/\/diversityspace.de\/index.php?rest_route=%2Fwp%2Fv2%2Fcomments&post=1248"}],"wp:featuredmedia":[{"embeddable":true,"href":"https:\/\/diversityspace.de\/index.php?rest_route=\/wp\/v2\/media\/1249"}],"wp:attachment":[{"href":"https:\/\/diversityspace.de\/index.php?rest_route=%2Fwp%2Fv2%2Fmedia&parent=1248"}],"wp:term":[{"taxonomy":"product_brand","embeddable":true,"href":"https:\/\/diversityspace.de\/index.php?rest_route=%2Fwp%2Fv2%2Fproduct_brand&post=1248"},{"taxonomy":"product_cat","embeddable":true,"href":"https:\/\/diversityspace.de\/index.php?rest_route=%2Fwp%2Fv2%2Fproduct_cat&post=1248"},{"taxonomy":"product_tag","embeddable":true,"href":"https:\/\/diversityspace.de\/index.php?rest_route=%2Fwp%2Fv2%2Fproduct_tag&post=1248"}],"curies":[{"name":"wp","href":"https:\/\/api.w.org\/{rel}","templated":true}]}}