{"id":1250,"date":"2024-04-07T19:43:23","date_gmt":"2024-04-07T17:43:23","guid":{"rendered":"https:\/\/diversityspace.de\/?post_type=product&#038;p=1250"},"modified":"2026-04-22T15:39:25","modified_gmt":"2026-04-22T13:39:25","slug":"buch-zwei-mamas-fuer-oscar-von-susanne-scheerer-annabelle-von-sperber","status":"publish","type":"product","link":"https:\/\/diversityspace.de\/?product=buch-zwei-mamas-fuer-oscar-von-susanne-scheerer-annabelle-von-sperber","title":{"rendered":"Buch &#8211; Zwei Mamas f\u00fcr Oscar von Susanne Scheerer &#038; Annabelle von Sperber"},"content":{"rendered":"<p><strong>Verlagsbeschreibung<\/strong><\/p>\n<p>\u201cFamilie ist wie ein Regenbogen: Es gibt alle Farben.<\/p>\n<p>Wie kommt es, dass Oscar zwei Mamas hat, fragt sich Tilly. Ihre gro\u00dfe Schwester Frieda erkl\u00e4rt ihr, dass Oscars Mamas sich sehnlichst ein Kind gew\u00fcnscht hatten, doch leider vergeblich. Dann lernten sie Tillys und Friedas Eltern kennen, und Oscars Mamas bekamen von Friedas und Tillys Papa Samen gespendet. So kam schlie\u00dflich Oscar zur Welt, und aus einem gro\u00dfen Wunsch wurde ein noch gr\u00f6\u00dferes Wunder. \u00a9 ellermann<\/p>\n<p><strong>Diversit\u00e4tsreflexivit\u00e4t des Materials\u00a0<\/strong><\/p>\n","protected":false},"excerpt":{"rendered":"<p>Verlagsbeschreibung \u201cFamilie ist wie ein Regenbogen: Es gibt alle Farben. Wie kommt es, dass Oscar zwei Mamas hat, fragt sich Tilly. Ihre gro\u00dfe Schwester Frieda erkl\u00e4rt ihr, dass Oscars Mamas sich sehnlichst ein Kind gew\u00fcnscht hatten, doch leider vergeblich. Dann lernten sie Tillys und Friedas Eltern kennen, und Oscars Mamas bekamen von Friedas und Tillys [&hellip;]<\/p>\n","protected":false},"featured_media":1251,"comment_status":"open","ping_status":"closed","template":"","meta":[],"product_brand":[],"product_cat":[285],"product_tag":[201],"class_list":{"0":"post-1250","1":"product","2":"type-product","3":"status-publish","4":"has-post-thumbnail","6":"product_cat-gender","7":"product_tag-normalisierung-und-empowerment","9":"first","10":"instock","11":"shipping-taxable","12":"purchasable","13":"product-type-simple"},"_links":{"self":[{"href":"https:\/\/diversityspace.de\/index.php?rest_route=\/wp\/v2\/product\/1250","targetHints":{"allow":["GET"]}}],"collection":[{"href":"https:\/\/diversityspace.de\/index.php?rest_route=\/wp\/v2\/product"}],"about":[{"href":"https:\/\/diversityspace.de\/index.php?rest_route=\/wp\/v2\/types\/product"}],"replies":[{"embeddable":true,"href":"https:\/\/diversityspace.de\/index.php?rest_route=%2Fwp%2Fv2%2Fcomments&post=1250"}],"wp:featuredmedia":[{"embeddable":true,"href":"https:\/\/diversityspace.de\/index.php?rest_route=\/wp\/v2\/media\/1251"}],"wp:attachment":[{"href":"https:\/\/diversityspace.de\/index.php?rest_route=%2Fwp%2Fv2%2Fmedia&parent=1250"}],"wp:term":[{"taxonomy":"product_brand","embeddable":true,"href":"https:\/\/diversityspace.de\/index.php?rest_route=%2Fwp%2Fv2%2Fproduct_brand&post=1250"},{"taxonomy":"product_cat","embeddable":true,"href":"https:\/\/diversityspace.de\/index.php?rest_route=%2Fwp%2Fv2%2Fproduct_cat&post=1250"},{"taxonomy":"product_tag","embeddable":true,"href":"https:\/\/diversityspace.de\/index.php?rest_route=%2Fwp%2Fv2%2Fproduct_tag&post=1250"}],"curies":[{"name":"wp","href":"https:\/\/api.w.org\/{rel}","templated":true}]}}