{"id":1252,"date":"2024-04-07T19:48:15","date_gmt":"2024-04-07T17:48:15","guid":{"rendered":"https:\/\/diversityspace.de\/?post_type=product&#038;p=1252"},"modified":"2025-11-08T13:25:04","modified_gmt":"2025-11-08T12:25:04","slug":"spielfiguren-families-asia","status":"publish","type":"product","link":"https:\/\/diversityspace.de\/?product=spielfiguren-families-asia","title":{"rendered":"Spielfiguren &#8211; Families Asia"},"content":{"rendered":"<p><strong>Beschreibung des Herstellers<\/strong><\/p>\n<p>Diese Familie of Color ist ideal um Rollenspiele zu spielen, Verhaltensweisen nachzuahmen und sich in Fantasiewelten einzutauchen. Ein Familienset besteht aus drei Generationen: Gro\u00dfeltern, Eltern und Kindern (von Jugendlichen bis Baby). Die Figuren sind detailreich gestaltet und k\u00f6nnen frei stehen und bieten gr\u00f6\u00dften Spielspa\u00df. \u00a9 miniland<\/p>\n<p><strong>Diversit\u00e4tsreflexivit\u00e4t des Materials<\/strong><\/p>\n<p>Die 8 unbeweglichen Spielfiguren verk\u00f6rpern eine asiatische Familie mit einem Gro\u00dfelternpaar, einem Elternpaar und vier Kindern, davon 2 Jugendlichen. Die m\u00e4nnlichen Figuren sind immer ein St\u00fcck gr\u00f6\u00dfer als die weilblichen. Alle Figuren, bis auf die jugendliche Tochter, die einen Rock tr\u00e4gt und das Baby mit Windel, haben eine Hose an. Aufrgund der Darstellung k\u00f6nnen Themen wie Rolle, Geschlecht und Zugeh\u00f6rigkeit im Spiel thematisiert werden. Die Figuren sind bedeutungsoffen konzipiert. Daher ist der p\u00e4dagogische Einsatz und die didaktische Gestaltung entscheidend, um der Reproduktion von Stereotypen entgegen zu wirken.<\/p>\n","protected":false},"excerpt":{"rendered":"<p>Beschreibung des Herstellers Diese Familie of Color ist ideal um Rollenspiele zu spielen, Verhaltensweisen nachzuahmen und sich in Fantasiewelten einzutauchen. Ein Familienset besteht aus drei Generationen: Gro\u00dfeltern, Eltern und Kindern (von Jugendlichen bis Baby). Die Figuren sind detailreich gestaltet und k\u00f6nnen frei stehen und bieten gr\u00f6\u00dften Spielspa\u00df. \u00a9 miniland Diversit\u00e4tsreflexivit\u00e4t des Materials Die 8 unbeweglichen [&hellip;]<\/p>\n","protected":false},"featured_media":1253,"comment_status":"open","ping_status":"closed","template":"","meta":[],"product_brand":[],"product_cat":[282],"product_tag":[201],"class_list":{"0":"post-1252","1":"product","2":"type-product","3":"status-publish","4":"has-post-thumbnail","6":"product_cat-race","7":"product_tag-normalisierung-und-empowerment","9":"first","10":"outofstock","11":"shipping-taxable","12":"purchasable","13":"product-type-simple"},"_links":{"self":[{"href":"https:\/\/diversityspace.de\/index.php?rest_route=\/wp\/v2\/product\/1252","targetHints":{"allow":["GET"]}}],"collection":[{"href":"https:\/\/diversityspace.de\/index.php?rest_route=\/wp\/v2\/product"}],"about":[{"href":"https:\/\/diversityspace.de\/index.php?rest_route=\/wp\/v2\/types\/product"}],"replies":[{"embeddable":true,"href":"https:\/\/diversityspace.de\/index.php?rest_route=%2Fwp%2Fv2%2Fcomments&post=1252"}],"wp:featuredmedia":[{"embeddable":true,"href":"https:\/\/diversityspace.de\/index.php?rest_route=\/wp\/v2\/media\/1253"}],"wp:attachment":[{"href":"https:\/\/diversityspace.de\/index.php?rest_route=%2Fwp%2Fv2%2Fmedia&parent=1252"}],"wp:term":[{"taxonomy":"product_brand","embeddable":true,"href":"https:\/\/diversityspace.de\/index.php?rest_route=%2Fwp%2Fv2%2Fproduct_brand&post=1252"},{"taxonomy":"product_cat","embeddable":true,"href":"https:\/\/diversityspace.de\/index.php?rest_route=%2Fwp%2Fv2%2Fproduct_cat&post=1252"},{"taxonomy":"product_tag","embeddable":true,"href":"https:\/\/diversityspace.de\/index.php?rest_route=%2Fwp%2Fv2%2Fproduct_tag&post=1252"}],"curies":[{"name":"wp","href":"https:\/\/api.w.org\/{rel}","templated":true}]}}