{"id":1258,"date":"2024-04-07T20:04:16","date_gmt":"2024-04-07T18:04:16","guid":{"rendered":"https:\/\/diversityspace.de\/?post_type=product&#038;p=1258"},"modified":"2026-01-14T12:50:45","modified_gmt":"2026-01-14T11:50:45","slug":"puppe-lottie-puppe-tierfotografin-mia-mit-cochlea-implantat","status":"publish","type":"product","link":"https:\/\/diversityspace.de\/?product=puppe-lottie-puppe-tierfotografin-mia-mit-cochlea-implantat","title":{"rendered":"Puppe &#8211; Lottie Puppe Tierfotografin Mia (mit Cochlea-Implantat)"},"content":{"rendered":"<p><strong>Beschreibung der Hersteller*innen<\/strong><\/p>\n<p>&#8222;Von V\u00f6geln \u00fcber Schmetterlinge hinzu allen m\u00f6glichen Kriechtieren- die Tierwelt fasziniert mich einfach! Vielleicht kann ich mit meinen Bildern sogar anderen Kinder f\u00fcr die Tierwelt begeistern und ihnen zeigen, wie man sich nachhaltig um unseren Planeten k\u00fcmmert.\u00a0 Au\u00dferdem: In der Box findet ihr die Gewinnerbilder von unserem Wildlife Fotowettbewerb! \u00a9 Lotti Arku<\/p>\n<p><strong>Diversit\u00e4tsreflexivit\u00e4t des Materials\u00a0<\/strong><\/p>\n<p>&nbsp;<\/p>\n<p>&nbsp;<\/p>\n","protected":false},"excerpt":{"rendered":"<p>Beschreibung der Hersteller*innen &#8222;Von V\u00f6geln \u00fcber Schmetterlinge hinzu allen m\u00f6glichen Kriechtieren- die Tierwelt fasziniert mich einfach! Vielleicht kann ich mit meinen Bildern sogar anderen Kinder f\u00fcr die Tierwelt begeistern und ihnen zeigen, wie man sich nachhaltig um unseren Planeten k\u00fcmmert.\u00a0 Au\u00dferdem: In der Box findet ihr die Gewinnerbilder von unserem Wildlife Fotowettbewerb! \u00a9 Lotti Arku [&hellip;]<\/p>\n","protected":false},"featured_media":1259,"comment_status":"open","ping_status":"closed","template":"","meta":[],"product_brand":[],"product_cat":[284,285,282],"product_tag":[201],"class_list":{"0":"post-1258","1":"product","2":"type-product","3":"status-publish","4":"has-post-thumbnail","6":"product_cat-body","7":"product_cat-gender","8":"product_cat-race","9":"product_tag-normalisierung-und-empowerment","11":"first","12":"instock","13":"shipping-taxable","14":"purchasable","15":"product-type-simple"},"_links":{"self":[{"href":"https:\/\/diversityspace.de\/index.php?rest_route=\/wp\/v2\/product\/1258","targetHints":{"allow":["GET"]}}],"collection":[{"href":"https:\/\/diversityspace.de\/index.php?rest_route=\/wp\/v2\/product"}],"about":[{"href":"https:\/\/diversityspace.de\/index.php?rest_route=\/wp\/v2\/types\/product"}],"replies":[{"embeddable":true,"href":"https:\/\/diversityspace.de\/index.php?rest_route=%2Fwp%2Fv2%2Fcomments&post=1258"}],"wp:featuredmedia":[{"embeddable":true,"href":"https:\/\/diversityspace.de\/index.php?rest_route=\/wp\/v2\/media\/1259"}],"wp:attachment":[{"href":"https:\/\/diversityspace.de\/index.php?rest_route=%2Fwp%2Fv2%2Fmedia&parent=1258"}],"wp:term":[{"taxonomy":"product_brand","embeddable":true,"href":"https:\/\/diversityspace.de\/index.php?rest_route=%2Fwp%2Fv2%2Fproduct_brand&post=1258"},{"taxonomy":"product_cat","embeddable":true,"href":"https:\/\/diversityspace.de\/index.php?rest_route=%2Fwp%2Fv2%2Fproduct_cat&post=1258"},{"taxonomy":"product_tag","embeddable":true,"href":"https:\/\/diversityspace.de\/index.php?rest_route=%2Fwp%2Fv2%2Fproduct_tag&post=1258"}],"curies":[{"name":"wp","href":"https:\/\/api.w.org\/{rel}","templated":true}]}}