{"id":1260,"date":"2024-04-07T20:08:23","date_gmt":"2024-04-07T18:08:23","guid":{"rendered":"https:\/\/diversityspace.de\/?post_type=product&#038;p=1260"},"modified":"2025-11-10T18:24:37","modified_gmt":"2025-11-10T17:24:37","slug":"puppenhaus-figur-familie-of-color-plantoys","status":"publish","type":"product","link":"https:\/\/diversityspace.de\/?product=puppenhaus-figur-familie-of-color-plantoys","title":{"rendered":"Puppenhaus-Figur: Familie of Color Plantoys"},"content":{"rendered":"<p><strong>Beschreibung der Hersteller*innen<\/strong><\/p>\n<p>Diese Figuren of Color eignet sich ideal um Rollenspiele zu spielen, Verhaltensweisen nachzuahmen und sich in Fantasiewelten einzutauchen. Ein Familienset besteht aus zwei Erwachsenen und zwei Kindern. Die Figuren sind frei stehend und beweglich und bieten gr\u00f6\u00dften Spielspa\u00df. \u00a9 Plantoys<\/p>\n<p><strong>Diversit\u00e4tsreflexivit\u00e4t des Materials\u00a0<\/strong><\/p>\n","protected":false},"excerpt":{"rendered":"<p>Beschreibung der Hersteller*innen Diese Figuren of Color eignet sich ideal um Rollenspiele zu spielen, Verhaltensweisen nachzuahmen und sich in Fantasiewelten einzutauchen. Ein Familienset besteht aus zwei Erwachsenen und zwei Kindern. Die Figuren sind frei stehend und beweglich und bieten gr\u00f6\u00dften Spielspa\u00df. \u00a9 Plantoys Diversit\u00e4tsreflexivit\u00e4t des Materials\u00a0<\/p>\n","protected":false},"featured_media":1261,"comment_status":"open","ping_status":"closed","template":"","meta":[],"product_brand":[],"product_cat":[282],"product_tag":[201],"class_list":{"0":"post-1260","1":"product","2":"type-product","3":"status-publish","4":"has-post-thumbnail","6":"product_cat-race","7":"product_tag-normalisierung-und-empowerment","9":"first","10":"instock","11":"shipping-taxable","12":"purchasable","13":"product-type-simple"},"_links":{"self":[{"href":"https:\/\/diversityspace.de\/index.php?rest_route=\/wp\/v2\/product\/1260","targetHints":{"allow":["GET"]}}],"collection":[{"href":"https:\/\/diversityspace.de\/index.php?rest_route=\/wp\/v2\/product"}],"about":[{"href":"https:\/\/diversityspace.de\/index.php?rest_route=\/wp\/v2\/types\/product"}],"replies":[{"embeddable":true,"href":"https:\/\/diversityspace.de\/index.php?rest_route=%2Fwp%2Fv2%2Fcomments&post=1260"}],"wp:featuredmedia":[{"embeddable":true,"href":"https:\/\/diversityspace.de\/index.php?rest_route=\/wp\/v2\/media\/1261"}],"wp:attachment":[{"href":"https:\/\/diversityspace.de\/index.php?rest_route=%2Fwp%2Fv2%2Fmedia&parent=1260"}],"wp:term":[{"taxonomy":"product_brand","embeddable":true,"href":"https:\/\/diversityspace.de\/index.php?rest_route=%2Fwp%2Fv2%2Fproduct_brand&post=1260"},{"taxonomy":"product_cat","embeddable":true,"href":"https:\/\/diversityspace.de\/index.php?rest_route=%2Fwp%2Fv2%2Fproduct_cat&post=1260"},{"taxonomy":"product_tag","embeddable":true,"href":"https:\/\/diversityspace.de\/index.php?rest_route=%2Fwp%2Fv2%2Fproduct_tag&post=1260"}],"curies":[{"name":"wp","href":"https:\/\/api.w.org\/{rel}","templated":true}]}}