{"id":1270,"date":"2024-04-08T08:58:41","date_gmt":"2024-04-08T06:58:41","guid":{"rendered":"https:\/\/diversityspace.de\/?post_type=product&#038;p=1270"},"modified":"2026-04-27T12:42:32","modified_gmt":"2026-04-27T10:42:32","slug":"spielfiguren-faedelspiel-familien-der-welt","status":"publish","type":"product","link":"https:\/\/diversityspace.de\/?product=spielfiguren-faedelspiel-familien-der-welt","title":{"rendered":"Spielfiguren &#8211; F\u00e4delspiel Familien der Welt"},"content":{"rendered":"<p><strong>Beschreibung der Hersteller*innen<\/strong><\/p>\n<p>F\u00e4delspiel Familien der Welt \u2013 ein zauberhaftes Spiel zur Schulung der Feinmotorik.<\/p>\n<p>Jede Familie ist einmalig. Weil mit diesem Spiel viele verschiedene Familien gezeigt werden k\u00f6nnen, ist es so besonders sch\u00f6n.<\/p>\n<p>Das F\u00e4delspiel \u201cFamilien der Welt\u201d schult Geschicklichkeit und Feinmotorik.<br \/>\nWeil die 24 Figuren in beliebiger Reihenfolge auf eine Schnur gezogen werden k\u00f6nnen, gibt es fast unz\u00e4hlige M\u00f6glichkeiten. Dadurch k\u00f6nnen viele Kinder ihre \u201ceigene\u201d Familie auff\u00e4deln und mit ihr spielen.<br \/>\nDurch das Holz ist das Spiel sehr stabil und langlebig. Auch das Gef\u00fchl in der Hand ist angenehm und hochwertig. Ein Diversity Spielzeug, das lange Freude bereitet\u00a0\u2013 inspiriert durch die Montessori Methodik.<br \/>\nDie Holzfiguren sind sehr breit, so dass sie von selber stehen k\u00f6nnen.<br \/>\nDadurch k\u00f6nnen die Kinder auch mit den einzelnen Figuren Alltagssituationen nachspielen \u2013 ganz ohne Faden. \u00a9 akros<\/p>\n<p><strong>Diversit\u00e4tsreflexivit\u00e4t des Materials<\/strong><\/p>\n<p>Das Set besteht aus 24 Holzfiguren, die beidseitig bedruckt sind und sich auf einer Schnur auff\u00e4deln lassen. Die Figuren k\u00f6nnen nach Belieben aufgef\u00e4delt oder im freien Spiel eingesetzt werden. Alle Figuren sind so gestaltet, dass sie eigenst\u00e4ndig stehen k\u00f6nnen. Sie stellen verschiedene Menschen und Tiere dar und k\u00f6nnen individuell zu einer Familie kombiniert werden. Dabei pr\u00e4sentieren sie die Dimensionen Geschlecht, K\u00f6rper, Alter und BiPoC. Stereotype lassen sich in der Darstellung der weiblichen* Figuren erkennen, die \u00fcberwiegend ein Kleid oder einen Rock tragen und lange Haare haben. Die Auswahl an Tieren ist auf eine Katze und einen Hund beschr\u00e4nkt.<br \/>\nDas Spielmaterial erm\u00f6glicht Kindern die eigene Familie oder Wunschfamilie zusammenzustellen. Es bietet die M\u00f6glichkeit, das Kinder ihre Familien ansehen, vergleichen oder erweitern k\u00f6nnen. Gesellschaftliche Normen wie Heteronormativit\u00e4t k\u00f6nnen dabei in Frage gestellt werden. Zudem fordert es feinmotorische F\u00e4higkeiten des Auff\u00e4delns und eine Konzentrationsf\u00e4higkeit heraus.<\/p>\n","protected":false},"excerpt":{"rendered":"<p>Beschreibung der Hersteller*innen F\u00e4delspiel Familien der Welt \u2013 ein zauberhaftes Spiel zur Schulung der Feinmotorik. Jede Familie ist einmalig. Weil mit diesem Spiel viele verschiedene Familien gezeigt werden k\u00f6nnen, ist es so besonders sch\u00f6n. Das F\u00e4delspiel \u201cFamilien der Welt\u201d schult Geschicklichkeit und Feinmotorik. Weil die 24 Figuren in beliebiger Reihenfolge auf eine Schnur gezogen werden [&hellip;]<\/p>\n","protected":false},"featured_media":1271,"comment_status":"open","ping_status":"closed","template":"","meta":[],"product_brand":[],"product_cat":[284,285,282],"product_tag":[201],"class_list":{"0":"post-1270","1":"product","2":"type-product","3":"status-publish","4":"has-post-thumbnail","6":"product_cat-body","7":"product_cat-gender","8":"product_cat-race","9":"product_tag-normalisierung-und-empowerment","11":"first","12":"instock","13":"shipping-taxable","14":"purchasable","15":"product-type-simple"},"_links":{"self":[{"href":"https:\/\/diversityspace.de\/index.php?rest_route=\/wp\/v2\/product\/1270","targetHints":{"allow":["GET"]}}],"collection":[{"href":"https:\/\/diversityspace.de\/index.php?rest_route=\/wp\/v2\/product"}],"about":[{"href":"https:\/\/diversityspace.de\/index.php?rest_route=\/wp\/v2\/types\/product"}],"replies":[{"embeddable":true,"href":"https:\/\/diversityspace.de\/index.php?rest_route=%2Fwp%2Fv2%2Fcomments&post=1270"}],"wp:featuredmedia":[{"embeddable":true,"href":"https:\/\/diversityspace.de\/index.php?rest_route=\/wp\/v2\/media\/1271"}],"wp:attachment":[{"href":"https:\/\/diversityspace.de\/index.php?rest_route=%2Fwp%2Fv2%2Fmedia&parent=1270"}],"wp:term":[{"taxonomy":"product_brand","embeddable":true,"href":"https:\/\/diversityspace.de\/index.php?rest_route=%2Fwp%2Fv2%2Fproduct_brand&post=1270"},{"taxonomy":"product_cat","embeddable":true,"href":"https:\/\/diversityspace.de\/index.php?rest_route=%2Fwp%2Fv2%2Fproduct_cat&post=1270"},{"taxonomy":"product_tag","embeddable":true,"href":"https:\/\/diversityspace.de\/index.php?rest_route=%2Fwp%2Fv2%2Fproduct_tag&post=1270"}],"curies":[{"name":"wp","href":"https:\/\/api.w.org\/{rel}","templated":true}]}}