{"id":1272,"date":"2024-04-08T09:02:28","date_gmt":"2024-04-08T07:02:28","guid":{"rendered":"https:\/\/diversityspace.de\/?post_type=product&#038;p=1272"},"modified":"2025-11-13T14:06:28","modified_gmt":"2025-11-13T13:06:28","slug":"puzzle-taktiles-puzzle-waldtiere-20-teile","status":"publish","type":"product","link":"https:\/\/diversityspace.de\/?product=puzzle-taktiles-puzzle-waldtiere-20-teile","title":{"rendered":"Puzzle &#8211; Taktiles Puzzle: Waldtiere (20 Teile)"},"content":{"rendered":"<p><strong>Beschreibung der Hersteller*innen<\/strong><\/p>\n<div class=\"nq-c-Product-xtra-section-content nq-c-ProductFullDesc nq-c-Wysiwyg\">\n<p>Kinder ab 2 Jahren werden dieses riesige Haptik-Puzzle zum Thema Waldtiere lieben! Wenn sie das wundersch\u00f6nes Puzzle aus 20 Teilen zusammengesetzt haben, k\u00f6nnen sie \u00fcberall auf dem Puzzle verschiedene Strukturen und Materialien entdecken und ihren Tastsinn sowie ihre Beobachtungsgabe entwickeln. Die Gr\u00f6\u00dfe der Puzzleteile ist perfekt f\u00fcr kleine H\u00e4nde, um das Legen des Puzzles zu erleichtern. Dieses Puzzle besteht aus 20 Teilen, darunter 7 strukturierte Teile, um die Sinne und die Tiere, die im Wald wohnen, zu entdecken! \u00a9 Janod<\/p>\n<\/div>\n<p><strong>Diversit\u00e4tsreflexivit\u00e4t des Materials<\/strong><\/p>\n<p>Das Riesen-Tastpuzzle mit 20 Teilen in einer Gr\u00f6\u00dfe von 65 \u00d7 50 cm zeigt eine Waldszene mit unterschiedlichen Tieren. Die Darstellung ist bewusst kindgerecht und fantasievoll gehalten \u2013 die Tiere sind mit gro\u00dfen Augen und weichen Formen gezeichnet. \u00dcber acht verschiedene F\u00fchlfl\u00e4chen k\u00f6nnen die Tiere mit den H\u00e4nden erkundet werden, etwa die samtigen Fl\u00fcgel des Schmetterlings oder das weiche Ohr des Hasen. Durch diese taktilen Reize werden die Sinne auf vielf\u00e4ltige Weise angesprochen und das individuelle Wahrnehmen unterst\u00fctzt. Das Puzzle eignet sich besonders f\u00fcr j\u00fcngere Kinder, da die gro\u00dfen Puzzleteile und die klaren Konturen das eigenst\u00e4ndige Ausprobieren erleichtern. Es bietet viele M\u00f6glichkeiten, Kinder in ihren unterschiedlichen Entwicklungsst\u00e4nden und Lernzug\u00e4ngen abzuholen. So k\u00f6nnen Kinder mit unterschiedlichen Wahrnehmungs- und Ausdrucksweisen gleicherma\u00dfen teilhaben \u2013 sei es \u00fcber das F\u00fchlen, Schauen, Greifen oder durch das gemeinsame Sprechen \u00fcber das, was sie entdecken. Neben der F\u00f6rderung der Feinmotorik und der Hand-Auge-Koordination st\u00e4rkt das gemeinsame Puzzeln soziale Kompetenzen wie gegenseitige Unterst\u00fctzung und Kommunikation. Dabei k\u00f6nnen Kinder erleben, dass es verschiedene Wege gibt, ein Ziel zu erreichen \u2013 und dass Vielfalt im gemeinsamen Tun bereichernd ist. Das Riesen-Tastpuzzle l\u00e4dt somit zu inklusiven, sinnlich erfahrbaren Lernmomenten ein, in denen jedes Kind seine eigenen St\u00e4rken einbringen und Neues entdecken kann.<\/p>\n","protected":false},"excerpt":{"rendered":"<p>Beschreibung der Hersteller*innen Kinder ab 2 Jahren werden dieses riesige Haptik-Puzzle zum Thema Waldtiere lieben! Wenn sie das wundersch\u00f6nes Puzzle aus 20 Teilen zusammengesetzt haben, k\u00f6nnen sie \u00fcberall auf dem Puzzle verschiedene Strukturen und Materialien entdecken und ihren Tastsinn sowie ihre Beobachtungsgabe entwickeln. Die Gr\u00f6\u00dfe der Puzzleteile ist perfekt f\u00fcr kleine H\u00e4nde, um das Legen [&hellip;]<\/p>\n","protected":false},"featured_media":1273,"comment_status":"open","ping_status":"closed","template":"","meta":[],"product_brand":[],"product_cat":[284],"product_tag":[201],"class_list":{"0":"post-1272","1":"product","2":"type-product","3":"status-publish","4":"has-post-thumbnail","6":"product_cat-body","7":"product_tag-normalisierung-und-empowerment","9":"first","10":"instock","11":"shipping-taxable","12":"purchasable","13":"product-type-simple"},"_links":{"self":[{"href":"https:\/\/diversityspace.de\/index.php?rest_route=\/wp\/v2\/product\/1272","targetHints":{"allow":["GET"]}}],"collection":[{"href":"https:\/\/diversityspace.de\/index.php?rest_route=\/wp\/v2\/product"}],"about":[{"href":"https:\/\/diversityspace.de\/index.php?rest_route=\/wp\/v2\/types\/product"}],"replies":[{"embeddable":true,"href":"https:\/\/diversityspace.de\/index.php?rest_route=%2Fwp%2Fv2%2Fcomments&post=1272"}],"wp:featuredmedia":[{"embeddable":true,"href":"https:\/\/diversityspace.de\/index.php?rest_route=\/wp\/v2\/media\/1273"}],"wp:attachment":[{"href":"https:\/\/diversityspace.de\/index.php?rest_route=%2Fwp%2Fv2%2Fmedia&parent=1272"}],"wp:term":[{"taxonomy":"product_brand","embeddable":true,"href":"https:\/\/diversityspace.de\/index.php?rest_route=%2Fwp%2Fv2%2Fproduct_brand&post=1272"},{"taxonomy":"product_cat","embeddable":true,"href":"https:\/\/diversityspace.de\/index.php?rest_route=%2Fwp%2Fv2%2Fproduct_cat&post=1272"},{"taxonomy":"product_tag","embeddable":true,"href":"https:\/\/diversityspace.de\/index.php?rest_route=%2Fwp%2Fv2%2Fproduct_tag&post=1272"}],"curies":[{"name":"wp","href":"https:\/\/api.w.org\/{rel}","templated":true}]}}