{"id":1274,"date":"2024-04-08T09:05:33","date_gmt":"2024-04-08T07:05:33","guid":{"rendered":"https:\/\/diversityspace.de\/?post_type=product&#038;p=1274"},"modified":"2025-11-13T14:05:54","modified_gmt":"2025-11-13T13:05:54","slug":"kartenspiel-pantomime-fuer-kinder","status":"publish","type":"product","link":"https:\/\/diversityspace.de\/?product=kartenspiel-pantomime-fuer-kinder","title":{"rendered":"Kartenspiel &#8211; Pantomime f\u00fcr Kinder"},"content":{"rendered":"<p><strong>Beschreibung der Hersteller*innen<\/strong><\/p>\n<p>Ohne Worte: Jedes Team muss seinen Mitspielern Begriffe pantomimisch erkl\u00e4ren. Wer err\u00e4t die meisten W\u00f6rter und gewinnt? \u00a9 Moses Verlag<\/p>\n<p><strong>Diversit\u00e4tsreflexivit\u00e4t des Materials\u00a0<\/strong><\/p>\n<p>Das Pantomime-Kartenspiel f\u00fcr Kinder f\u00f6rdert Kreativit\u00e4t, Bewegung und nonverbale Kommunikation \u2013 ganz ohne Worte oder Lesekenntnisse. Die Bildkarten zeigen vielf\u00e4ltige Begriffe aus Alltag, Gef\u00fchlen, Berufen und Kulturen, sodass sich Kinder mit unterschiedlichen Erfahrungen und F\u00e4higkeiten wiederfinden k\u00f6nnen. Durch die einfache Spielweise k\u00f6nnen alle mitmachen, ob in Kita, Schule oder Familie. Das Spiel vermittelt Vielfalt, Empathie und gegenseitiges Verst\u00e4ndnis.<\/p>\n","protected":false},"excerpt":{"rendered":"<p>Beschreibung der Hersteller*innen Ohne Worte: Jedes Team muss seinen Mitspielern Begriffe pantomimisch erkl\u00e4ren. Wer err\u00e4t die meisten W\u00f6rter und gewinnt? \u00a9 Moses Verlag Diversit\u00e4tsreflexivit\u00e4t des Materials\u00a0 Das Pantomime-Kartenspiel f\u00fcr Kinder f\u00f6rdert Kreativit\u00e4t, Bewegung und nonverbale Kommunikation \u2013 ganz ohne Worte oder Lesekenntnisse. Die Bildkarten zeigen vielf\u00e4ltige Begriffe aus Alltag, Gef\u00fchlen, Berufen und Kulturen, sodass sich [&hellip;]<\/p>\n","protected":false},"featured_media":1275,"comment_status":"open","ping_status":"closed","template":"","meta":[],"product_brand":[],"product_cat":[285,282],"product_tag":[160],"class_list":{"0":"post-1274","1":"product","2":"type-product","3":"status-publish","4":"has-post-thumbnail","6":"product_cat-gender","7":"product_cat-race","8":"product_tag-normalisierung-und-dekonstruktion","10":"first","11":"instock","12":"shipping-taxable","13":"purchasable","14":"product-type-simple"},"_links":{"self":[{"href":"https:\/\/diversityspace.de\/index.php?rest_route=\/wp\/v2\/product\/1274","targetHints":{"allow":["GET"]}}],"collection":[{"href":"https:\/\/diversityspace.de\/index.php?rest_route=\/wp\/v2\/product"}],"about":[{"href":"https:\/\/diversityspace.de\/index.php?rest_route=\/wp\/v2\/types\/product"}],"replies":[{"embeddable":true,"href":"https:\/\/diversityspace.de\/index.php?rest_route=%2Fwp%2Fv2%2Fcomments&post=1274"}],"wp:featuredmedia":[{"embeddable":true,"href":"https:\/\/diversityspace.de\/index.php?rest_route=\/wp\/v2\/media\/1275"}],"wp:attachment":[{"href":"https:\/\/diversityspace.de\/index.php?rest_route=%2Fwp%2Fv2%2Fmedia&parent=1274"}],"wp:term":[{"taxonomy":"product_brand","embeddable":true,"href":"https:\/\/diversityspace.de\/index.php?rest_route=%2Fwp%2Fv2%2Fproduct_brand&post=1274"},{"taxonomy":"product_cat","embeddable":true,"href":"https:\/\/diversityspace.de\/index.php?rest_route=%2Fwp%2Fv2%2Fproduct_cat&post=1274"},{"taxonomy":"product_tag","embeddable":true,"href":"https:\/\/diversityspace.de\/index.php?rest_route=%2Fwp%2Fv2%2Fproduct_tag&post=1274"}],"curies":[{"name":"wp","href":"https:\/\/api.w.org\/{rel}","templated":true}]}}