{"id":1281,"date":"2024-04-08T09:17:43","date_gmt":"2024-04-08T07:17:43","guid":{"rendered":"https:\/\/diversityspace.de\/?post_type=product&#038;p=1281"},"modified":"2025-11-10T18:18:57","modified_gmt":"2025-11-10T17:18:57","slug":"kartenspiel-erfinderinnen-memo-spielkoepfe","status":"publish","type":"product","link":"https:\/\/diversityspace.de\/?product=kartenspiel-erfinderinnen-memo-spielkoepfe","title":{"rendered":"Kartenspiel &#8211; Erfinderinnen Memo Spielk\u00f6pfe"},"content":{"rendered":"<p><strong>Beschreibung der Hersteller*innen\u00a0<\/strong><\/p>\n<div class=\"elementor-element elementor-element-80a1a6f elementor-widget elementor-widget-heading\" data-id=\"80a1a6f\" data-element_type=\"widget\" data-widget_type=\"heading.default\">\n<div class=\"elementor-widget-container\">\n<p class=\"elementor-heading-title elementor-size-default\">Wer hat eigentlich den Fallschirm erfunden?<\/p>\n<\/div>\n<\/div>\n<div class=\"elementor-element elementor-element-1d193a0 elementor-widget elementor-widget-text-editor\" data-id=\"1d193a0\" data-element_type=\"widget\" data-widget_type=\"text-editor.default\">\n<div class=\"elementor-widget-container\">\n<div class=\"elementor-text-editor elementor-clearfix\">\n<p class=\"p1\">Lerne K\u00e4the Paulus und 23 andere Erfinderinnen und ihre Erfindungen kennen!<\/p>\n<p>Auf einer Karte ist die Erfindung, auf einer anderen die Erfinderin \u2013 kannst du herausfinden welche Erfinderin zu welcher Erfindung geh\u00f6rt?<\/p>\n<div class=\"elementor-container elementor-column-gap-default\">\n<div class=\"elementor-row\">\n<div class=\"elementor-column elementor-col-100 elementor-top-column elementor-element elementor-element-8151df9\" data-id=\"8151df9\" data-element_type=\"column\">\n<div class=\"elementor-column-wrap elementor-element-populated\">\n<div class=\"elementor-widget-wrap\">\n<div class=\"elementor-element elementor-element-2391e57 elementor-widget elementor-widget-heading\" data-id=\"2391e57\" data-element_type=\"widget\" data-widget_type=\"heading.default\">\n<div class=\"elementor-widget-container\">\n<p class=\"elementor-heading-title elementor-size-default\">Lerne spielerisch 24 spannende Frauen und ihre Erfindungen aus der ganzen Welt kennen!<\/p>\n<\/div>\n<\/div>\n<\/div>\n<\/div>\n<\/div>\n<\/div>\n<\/div>\n<div class=\"elementor-container elementor-column-gap-default\">\n<div class=\"elementor-row\">\n<div class=\"elementor-column elementor-col-100 elementor-top-column elementor-element elementor-element-f118478\" data-id=\"f118478\" data-element_type=\"column\">\n<div class=\"elementor-column-wrap elementor-element-populated\">\n<div class=\"elementor-widget-wrap\">\n<div class=\"elementor-element elementor-element-d86fb66 elementor-widget elementor-widget-text-editor\" data-id=\"d86fb66\" data-element_type=\"widget\" data-widget_type=\"text-editor.default\">\n<div class=\"elementor-widget-container\">\n<div class=\"elementor-text-editor elementor-clearfix\">\n<p>Tr\u00e4gst du eine Brille mit extra d\u00fcnnen Gl\u00e4sern? Bist du schon mal Fallschirm gesprungen oder nutzt du gerade WLAN?<br \/>\nDu hast bestimmt mindestens einmal Ja gesagt. Aber hast du dich schon mal gefragt, wer \u00fcberhaupt all diese Dinge erfunden hat \u2013 und wieso die meisten von uns das nicht wissen?<\/p>\n<\/div>\n<\/div>\n<\/div>\n<div class=\"elementor-element elementor-element-730e6cb elementor-widget elementor-widget-text-editor\" data-id=\"730e6cb\" data-element_type=\"widget\" data-widget_type=\"text-editor.default\">\n<div class=\"elementor-widget-container\">\n<div class=\"elementor-text-editor elementor-clearfix\">\n<p>Es gibt diesen wunderbaren Satz: Seeing is Believing \u2013 You can be, what you can see! Wir w\u00fcnschen uns, dass Kinder in ihrem Alltag spielerisch erfahren, wie selbstverst\u00e4ndlich Frauen Neues erfunden haben und dass sie selbst das auch k\u00f6nnen. Zusammen mit dem gemeinn\u00fctziges Impact Startup\u00a0Futur F\u00a0haben wir daf\u00fcr ein Spiel entwickelt, das Erfinderinnen und ihre Erfindungen zeigt \u2013 das Erfinderinnen Memo! Mit dem Spiel zeigen wir 24 spannende Erfinderinnen und Pionierinnen, die an sich und ihre Ideen geglaubt haben und erz\u00e4hlen ihre Geschichte.<\/p>\n<\/div>\n<\/div>\n<\/div>\n<\/div>\n<\/div>\n<\/div>\n<\/div>\n<\/div>\n<p>Pro verkauftem Memo flie\u00dfen 50 Cent in den Stiftungsfond ziviler Seenotrettung und unterst\u00fctzt damit Menschen in Not! \u00a9 Spielk\u00f6pfe<\/p>\n<p><strong>Diversit\u00e4tsreflexivit\u00e4t des Materials\u00a0<\/strong><\/p>\n<p>Mit dem Erfinderinnen Memo werden 24 spannende Frauen und ihre Erfindungen aus aller Welt spielerisch erfahrbar. Auf je zwei Kartenpaaren ist einmal die Erfindung und auf der anderen die dazugeh\u00f6rige Erfinderin abgebildet. Ziel ist es, die passenden Paare zu finden \u2013 eine Kombination von Spiel, Wissen und Entdecken. Dieses Memo eignet sich bereits f\u00fcr Kinder ab 4 Jahren und kann mit 2 bis 8 Spieler:innen gespielt werden. Es f\u00f6rdert nicht nur Konzentration, Ged\u00e4chtnis und Sprachf\u00e4higkeit, sondern auch das Bewusstsein daf\u00fcr, dass Erfinder:innen nicht nur \u201eklassisch m\u00e4nnlich\u201c sind \u2013 Frauen haben schon immer Erfindungen gemacht und sind z.B. Wissenschaftler:innen, Ingenuer:innen oder \u00c4rzt:innen. Es f\u00e4llt auf, dass \u00fcberwiegend Frauen mit wei\u00dfer Hautfarbe dargestellt sind. Das Spiel wurde nachhaltig in Europa hergestellt &#8211; pro verkaufter Box flie\u00dft ein Teil des Erl\u00f6ses in einen Stiftungsfonds ziviler Seenotrettung. Damit verbindet das Erfinderinnen Memo Bildung und soziales Engagement miteinander. Das Memo kann die Sichtweisen von Kindern erweitern und insbesondere M\u00e4dchen empowern.<\/p>\n<\/div>\n<\/div>\n<\/div>\n","protected":false},"excerpt":{"rendered":"<p>Beschreibung der Hersteller*innen\u00a0 Wer hat eigentlich den Fallschirm erfunden? Lerne K\u00e4the Paulus und 23 andere Erfinderinnen und ihre Erfindungen kennen! Auf einer Karte ist die Erfindung, auf einer anderen die Erfinderin \u2013 kannst du herausfinden welche Erfinderin zu welcher Erfindung geh\u00f6rt? Lerne spielerisch 24 spannende Frauen und ihre Erfindungen aus der ganzen Welt kennen! Tr\u00e4gst [&hellip;]<\/p>\n","protected":false},"featured_media":1282,"comment_status":"open","ping_status":"closed","template":"","meta":[],"product_brand":[],"product_cat":[285],"product_tag":[201],"class_list":{"0":"post-1281","1":"product","2":"type-product","3":"status-publish","4":"has-post-thumbnail","6":"product_cat-gender","7":"product_tag-normalisierung-und-empowerment","9":"first","10":"instock","11":"shipping-taxable","12":"purchasable","13":"product-type-simple"},"_links":{"self":[{"href":"https:\/\/diversityspace.de\/index.php?rest_route=\/wp\/v2\/product\/1281","targetHints":{"allow":["GET"]}}],"collection":[{"href":"https:\/\/diversityspace.de\/index.php?rest_route=\/wp\/v2\/product"}],"about":[{"href":"https:\/\/diversityspace.de\/index.php?rest_route=\/wp\/v2\/types\/product"}],"replies":[{"embeddable":true,"href":"https:\/\/diversityspace.de\/index.php?rest_route=%2Fwp%2Fv2%2Fcomments&post=1281"}],"wp:featuredmedia":[{"embeddable":true,"href":"https:\/\/diversityspace.de\/index.php?rest_route=\/wp\/v2\/media\/1282"}],"wp:attachment":[{"href":"https:\/\/diversityspace.de\/index.php?rest_route=%2Fwp%2Fv2%2Fmedia&parent=1281"}],"wp:term":[{"taxonomy":"product_brand","embeddable":true,"href":"https:\/\/diversityspace.de\/index.php?rest_route=%2Fwp%2Fv2%2Fproduct_brand&post=1281"},{"taxonomy":"product_cat","embeddable":true,"href":"https:\/\/diversityspace.de\/index.php?rest_route=%2Fwp%2Fv2%2Fproduct_cat&post=1281"},{"taxonomy":"product_tag","embeddable":true,"href":"https:\/\/diversityspace.de\/index.php?rest_route=%2Fwp%2Fv2%2Fproduct_tag&post=1281"}],"curies":[{"name":"wp","href":"https:\/\/api.w.org\/{rel}","templated":true}]}}