{"id":1285,"date":"2024-04-08T09:29:38","date_gmt":"2024-04-08T07:29:38","guid":{"rendered":"https:\/\/diversityspace.de\/?post_type=product&#038;p=1285"},"modified":"2025-11-10T18:17:54","modified_gmt":"2025-11-10T17:17:54","slug":"wimmelpuzzle-das-kunterbunte-puzzle-ulila-verlag","status":"publish","type":"product","link":"https:\/\/diversityspace.de\/?product=wimmelpuzzle-das-kunterbunte-puzzle-ulila-verlag","title":{"rendered":"Wimmelpuzzle &#8211; Das kunterbunte Puzzle Ulila Verlag"},"content":{"rendered":"<p><strong>Beschreibung der Hersteller*innen<\/strong><\/p>\n<p>Tattoos, Burkinis, Narben, Geburtsmerkmale und viele fr\u00f6hliche Gesichter am Flussrand &#8211; dies und noch viel mehr gibt es zu entdecken in dem allerersten inklusiven und kunterbunten Puzzle. Das fertige Puzzle hat die Ma\u00dfe 29,7 x 42 cm. \u00a9 ulila Verlag<\/p>\n<p><strong>Diversit\u00e4tsreflexivit\u00e4t des Materials\u00a0<\/strong><\/p>\n<p>Das Puzzle bildet eine Badesituation an einem Fluss ab, an welchem zahlreiche Menschen ausgelassen ihre Freizeit verbdingen. Dabei zeigt es auf engem Raum eine Vielfalt an Kultur, Herkunft, Alter, Familienformen und Geschlechtervielfalt, unterschiedliche sexuelle Orientierungen und K\u00f6rperproportionen sowie Menschen mit und ohne Beeintr\u00e4chtigung\/Behinderung. Erkennbar wird die Frage nach Normalit\u00e4t dekonstruiert und eingeladen, den Blick \u00fcber vielf\u00e4ltige Menschen schweifen zu lassen.<\/p>\n","protected":false},"excerpt":{"rendered":"<p>Beschreibung der Hersteller*innen Tattoos, Burkinis, Narben, Geburtsmerkmale und viele fr\u00f6hliche Gesichter am Flussrand &#8211; dies und noch viel mehr gibt es zu entdecken in dem allerersten inklusiven und kunterbunten Puzzle. Das fertige Puzzle hat die Ma\u00dfe 29,7 x 42 cm. \u00a9 ulila Verlag Diversit\u00e4tsreflexivit\u00e4t des Materials\u00a0 Das Puzzle bildet eine Badesituation an einem Fluss ab, [&hellip;]<\/p>\n","protected":false},"featured_media":1286,"comment_status":"open","ping_status":"closed","template":"","meta":[],"product_brand":[],"product_cat":[284,285,282],"product_tag":[160],"class_list":{"0":"post-1285","1":"product","2":"type-product","3":"status-publish","4":"has-post-thumbnail","6":"product_cat-body","7":"product_cat-gender","8":"product_cat-race","9":"product_tag-normalisierung-und-dekonstruktion","11":"first","12":"instock","13":"shipping-taxable","14":"purchasable","15":"product-type-simple"},"_links":{"self":[{"href":"https:\/\/diversityspace.de\/index.php?rest_route=\/wp\/v2\/product\/1285","targetHints":{"allow":["GET"]}}],"collection":[{"href":"https:\/\/diversityspace.de\/index.php?rest_route=\/wp\/v2\/product"}],"about":[{"href":"https:\/\/diversityspace.de\/index.php?rest_route=\/wp\/v2\/types\/product"}],"replies":[{"embeddable":true,"href":"https:\/\/diversityspace.de\/index.php?rest_route=%2Fwp%2Fv2%2Fcomments&post=1285"}],"wp:featuredmedia":[{"embeddable":true,"href":"https:\/\/diversityspace.de\/index.php?rest_route=\/wp\/v2\/media\/1286"}],"wp:attachment":[{"href":"https:\/\/diversityspace.de\/index.php?rest_route=%2Fwp%2Fv2%2Fmedia&parent=1285"}],"wp:term":[{"taxonomy":"product_brand","embeddable":true,"href":"https:\/\/diversityspace.de\/index.php?rest_route=%2Fwp%2Fv2%2Fproduct_brand&post=1285"},{"taxonomy":"product_cat","embeddable":true,"href":"https:\/\/diversityspace.de\/index.php?rest_route=%2Fwp%2Fv2%2Fproduct_cat&post=1285"},{"taxonomy":"product_tag","embeddable":true,"href":"https:\/\/diversityspace.de\/index.php?rest_route=%2Fwp%2Fv2%2Fproduct_tag&post=1285"}],"curies":[{"name":"wp","href":"https:\/\/api.w.org\/{rel}","templated":true}]}}