{"id":1339,"date":"2024-06-11T11:27:19","date_gmt":"2024-06-11T09:27:19","guid":{"rendered":"https:\/\/diversityspace.de\/?post_type=product&#038;p=1339"},"modified":"2026-04-27T12:34:50","modified_gmt":"2026-04-27T10:34:50","slug":"kunst-auf-augenhoehe","status":"publish","type":"product","link":"https:\/\/diversityspace.de\/?product=kunst-auf-augenhoehe","title":{"rendered":"Kunst auf Augenh\u00f6he"},"content":{"rendered":"<p>Bildgespr\u00e4che mit Kindern in Kindergarten und Grundschule<\/p>\n<p><strong>Verlagsbeschreibung<\/strong><\/p>\n<p><strong>Miteinander ins Gespr\u00e4ch kommen \u2013 Neue Welten entdecken<\/strong><\/p>\n<p><strong>Bilder wahrnehmen und verstehen lernen<\/strong><\/p>\n<p>Kinder sollten bereits in jungen Jahren die M\u00f6glichkeit haben, mit der Vielfalt bildender Kunst in Kontakt zu kommen. Gespr\u00e4che \u00fcber Bilder der Kunst k\u00f6nnen Zug\u00e4nge zu unterschiedlichen thematischen, inhaltlichen, gestalterischen Facetten der Kunst er\u00f6ffnen und exemplarische Angebote f\u00fcr die Besch\u00e4ftigung mit der Vergangenheit, Gegenwart und Zukunft machen.<\/p>\n<p><strong>Kulturelle Teilhabe<\/strong><\/p>\n<p>Das gemeinsame Erkunden, Nachdenken, Deuten und Auslegen von Kunst regt Kinder dazu an, neugierig zu sein, eine fragende Haltung zu entwickeln sowie Perspektiven von anderen kennenzulernen und anzuerkennen. Gespr\u00e4che \u00fcber Kunst er\u00f6ffnen und f\u00f6rdern kulturelle Teilhabe und laden Kinder dazu ein, Kunst in ihre Lebensbez\u00fcge einzubeziehen.<\/p>\n<p><strong>Didaktisches Material<\/strong><\/p>\n<p>\u00abKunst auf Augenh\u00f6he\u00bb bietet P\u00e4dagog*innen und Kunstvermittler*innen in Kita und Primarschule sowie an Orten kultureller Bildung ein vielf\u00e4ltiges didaktisches Material, das sie bei der Konzeption und Durchf\u00fchrung von dialogischen Bildgespr\u00e4chen unterst\u00fctzt.<\/p>\n<p><strong>Auswahl der Kunstwerke<\/strong><\/p>\n<p>Bei der Auswahl der Kunstwerke wird auf altbekannte K\u00fcnstler*innen bewusst verzichtet. Daf\u00fcr werden weniger bekannte Kunstwerke aus der Vergangenheit und Gegenwart, insbesondere weibliche Positionen und Kunst aus diversen kulturellen Zusammenh\u00e4ngen einbezogen. Zu allen Kunstwerken wurden mit verschiedenen Altersgruppen Bildgespr\u00e4che erprobt und praxisorientiert aufbereitet.<\/p>\n<p><strong>Enthalten sind Werke folgender K\u00fcnstler*innen<\/strong>:<\/p>\n<p>Stefanie Harjes: Der Traumwolf | Al-Dschazari: Buchmalerei aus dem Buch: Das Buch der Erfindungen | Bogomir Ecker: WARTESTAND | Lee Krasner: Palingenesis | Antonio Pollaiuolo: Profil einer jungen Dame | Unbekannt (Assyrisches Relief): Lamassu | Pierre Bonnard: Die Frau mit Katze oder die fordernde Katze | Yildiz Moran: Kinder | Ambrogio Lorenzetti: Die Auswirkungen der guten Regierung in den St\u00e4dten | Albrecht D\u00fcrer: Das gro\u00dfe Rasenst\u00fcck | Miquel Barcel\u00f3: Gro\u00dfer aufrechter Elefant | Gosia Wlodarczak: Frost Zeichnung<\/p>\n<p><strong>Die Autorinnen<\/strong><\/p>\n<p class=\"wp-block-column is-layout-flow\">Das Autorinnenteam besteht aus Kunstp\u00e4dagoginnen, die an verschiedenen Hochschulen in Deutschland und der Schweiz lehren. Sie verbindet das Anliegen, Bild verstehen und Kunstvermittlung aus der Perspektive von Kindern zu thematisieren und mit Fokus auf die Bildungsprozesse von Kindern zu denken und zu praktizieren.<\/p>\n<ul>\n<li><strong>Dr. Gabriele Lieber<\/strong>\u00a0leitet die Professur f\u00fcr \u00c4sthetische Bildung (Bildnerisches und Technisch-Textiles Gestalten) am Institut Primarstufe der PH FHNW in der Nordwestschweiz. Hier arbeitet sie seit Jahren an einem Projekt zu Bilderbuchgespr\u00e4chen und bildnerischer Gestaltungspraxis.<\/li>\n<li><strong>Dr. Anja Morawietz<\/strong>\u00a0lehrt an der P\u00e4dagogischen Hochschule Z\u00fcrich in der Fachdidaktik des Bildnerischen Gestaltens. Mit kleineren und gr\u00f6\u00dferen Projekten \u00e4sthetischer Bildung geht sie regelm\u00e4\u00dfig in den Kindergarten und die Primarschule. Derzeit unterrichtet sie w\u00f6chentlich in einer ersten Klasse.<\/li>\n<li><strong>Dr. Sabine Richter<\/strong>\u00a0lehrt am Lehrstuhl f\u00fcr Kunstp\u00e4dagogik und -didaktik an der Friedrich-Alexander-Universit\u00e4t Erlangen\/N\u00fcrnberg. Hier begleitet sie seit Jahren ein Projekt zum bildnerischen Gestalten mit Kindergartenkindern.<\/li>\n<li><strong>Dr. Bettina Uhlig<\/strong>\u00a0ist Professorin f\u00fcr Kunstp\u00e4dagogik und Didaktik der Bildenden Kunst an der Universit\u00e4t Hildesheim. Sie leitet das Bilddidaktische Forschungsstudio der Universit\u00e4t Hildesheim und forscht zu den Schwerpunkten: kindorientierte Kunstvermittlung, Bildsprache von Kindern, Bilderbuchdidaktik und Philosophieren mit Kindern.<\/li>\n<\/ul>\n<p>\u00a9 neckar-verlag<\/p>\n<p><strong>Diversit\u00e4tsreflexivit\u00e4t des Produkts<\/strong><\/p>\n<p>Das Materialpaket \u201eKunst auf Augenh\u00f6he\u201c umfasst zw\u00f6lf hochwertige Gro\u00dfdrucke (50 \u00d7 70 cm) in einer Mappe, je zehn identische Bildkarten (DIN A5) im Karteikasten, ein 148-seitiges Begleitheft sowie erg\u00e4nzendes Online-Material. Es unterst\u00fctzt dialogische Bildgespr\u00e4che mit Kindern in Kita, Grundschule und anderen Orten kultureller Bildung. Das vielseitige Material kann in Einzel-, Klein- oder Gro\u00dfgruppen eingesetzt werden. Es enth\u00e4lt Kunstwerke unterschiedlicher Gattungen \u2013 etwa Zeichnungen, Skulpturen und Fotografien \u2013 aus verschiedenen Epochen und mit vielf\u00e4ltigen kulturellen Bez\u00fcgen. Kunst auf Augenh\u00f6he l\u00e4dt Kinder dazu ein, Kunst sinnlich und dialogisch zu erleben. Es er\u00f6ffnet Gespr\u00e4che \u00fcber Wahrnehmung, Ausdruck, Perspektiven und Vielfalt und erm\u00f6glicht allen Kindern \u2013 unabh\u00e4ngig von Herkunft, Sprache oder Vorerfahrungen \u2013 einen Zugang zu Kunst und kultureller Teilhabe.<\/p>\n","protected":false},"excerpt":{"rendered":"<p>Bildgespr\u00e4che mit Kindern in Kindergarten und Grundschule Verlagsbeschreibung Miteinander ins Gespr\u00e4ch kommen \u2013 Neue Welten entdecken Bilder wahrnehmen und verstehen lernen Kinder sollten bereits in jungen Jahren die M\u00f6glichkeit haben, mit der Vielfalt bildender Kunst in Kontakt zu kommen. Gespr\u00e4che \u00fcber Bilder der Kunst k\u00f6nnen Zug\u00e4nge zu unterschiedlichen thematischen, inhaltlichen, gestalterischen Facetten der Kunst er\u00f6ffnen [&hellip;]<\/p>\n","protected":false},"featured_media":1340,"comment_status":"open","ping_status":"closed","template":"","meta":[],"product_brand":[],"product_cat":[283,285,282],"product_tag":[201],"class_list":{"0":"post-1339","1":"product","2":"type-product","3":"status-publish","4":"has-post-thumbnail","6":"product_cat-class","7":"product_cat-gender","8":"product_cat-race","9":"product_tag-normalisierung-und-empowerment","11":"first","12":"instock","13":"shipping-taxable","14":"purchasable","15":"product-type-simple"},"_links":{"self":[{"href":"https:\/\/diversityspace.de\/index.php?rest_route=\/wp\/v2\/product\/1339","targetHints":{"allow":["GET"]}}],"collection":[{"href":"https:\/\/diversityspace.de\/index.php?rest_route=\/wp\/v2\/product"}],"about":[{"href":"https:\/\/diversityspace.de\/index.php?rest_route=\/wp\/v2\/types\/product"}],"replies":[{"embeddable":true,"href":"https:\/\/diversityspace.de\/index.php?rest_route=%2Fwp%2Fv2%2Fcomments&post=1339"}],"wp:featuredmedia":[{"embeddable":true,"href":"https:\/\/diversityspace.de\/index.php?rest_route=\/wp\/v2\/media\/1340"}],"wp:attachment":[{"href":"https:\/\/diversityspace.de\/index.php?rest_route=%2Fwp%2Fv2%2Fmedia&parent=1339"}],"wp:term":[{"taxonomy":"product_brand","embeddable":true,"href":"https:\/\/diversityspace.de\/index.php?rest_route=%2Fwp%2Fv2%2Fproduct_brand&post=1339"},{"taxonomy":"product_cat","embeddable":true,"href":"https:\/\/diversityspace.de\/index.php?rest_route=%2Fwp%2Fv2%2Fproduct_cat&post=1339"},{"taxonomy":"product_tag","embeddable":true,"href":"https:\/\/diversityspace.de\/index.php?rest_route=%2Fwp%2Fv2%2Fproduct_tag&post=1339"}],"curies":[{"name":"wp","href":"https:\/\/api.w.org\/{rel}","templated":true}]}}