{"id":1422,"date":"2025-10-27T10:45:31","date_gmt":"2025-10-27T09:45:31","guid":{"rendered":"https:\/\/diversityspace.de\/?post_type=product&#038;p=1422"},"modified":"2025-11-10T17:59:30","modified_gmt":"2025-11-10T16:59:30","slug":"mein-grosses-berufe-memo-ich-kann-alles-werden","status":"publish","type":"product","link":"https:\/\/diversityspace.de\/?product=mein-grosses-berufe-memo-ich-kann-alles-werden","title":{"rendered":"Mein gro\u00dfes Berufe-Memo \u2013 Ich kann alles werden!"},"content":{"rendered":"<p><strong>Beschreibung der Herstellenden<\/strong><\/p>\n<p>Mit \u201eMein Berufe-Memo \u2013 Ich kann alles werden!\u201c k\u00f6nnen Kinder ab 3 Jahren vielf\u00e4ltige Berufe kennenlernen. Eine ausgewogene Zusammenstellung von Berufen, die von Frauen oder M\u00e4nnern ausge\u00fcbt werden, soll den Kindern verdeutlichen: Geschlecht ist bei der Berufswahl nicht entscheidend, sondern Interesse und individuelle Talente. \u00a9 Klischeefrei<\/p>\n<p>Methodische Anleitung zur p\u00e4dagogischen Begleitung: <a href=\"https:\/\/www.klischee-frei.de\/de\/klischeefrei_98172.php\">https:\/\/www.klischee-frei.de\/de\/klischeefrei_98172.php<\/a><\/p>\n<p><strong>Diversit\u00e4tsreflexivit\u00e4t des Materials<\/strong><\/p>\n<p>&nbsp;<\/p>\n","protected":false},"excerpt":{"rendered":"<p>Beschreibung der Herstellenden Mit \u201eMein Berufe-Memo \u2013 Ich kann alles werden!\u201c k\u00f6nnen Kinder ab 3 Jahren vielf\u00e4ltige Berufe kennenlernen. Eine ausgewogene Zusammenstellung von Berufen, die von Frauen oder M\u00e4nnern ausge\u00fcbt werden, soll den Kindern verdeutlichen: Geschlecht ist bei der Berufswahl nicht entscheidend, sondern Interesse und individuelle Talente. \u00a9 Klischeefrei Methodische Anleitung zur p\u00e4dagogischen Begleitung: https:\/\/www.klischee-frei.de\/de\/klischeefrei_98172.php [&hellip;]<\/p>\n","protected":false},"featured_media":1674,"comment_status":"open","ping_status":"closed","template":"","meta":[],"product_brand":[],"product_cat":[285],"product_tag":[160],"class_list":{"0":"post-1422","1":"product","2":"type-product","3":"status-publish","4":"has-post-thumbnail","6":"product_cat-gender","7":"product_tag-normalisierung-und-dekonstruktion","9":"first","10":"instock","11":"shipping-taxable","12":"product-type-simple"},"_links":{"self":[{"href":"https:\/\/diversityspace.de\/index.php?rest_route=\/wp\/v2\/product\/1422","targetHints":{"allow":["GET"]}}],"collection":[{"href":"https:\/\/diversityspace.de\/index.php?rest_route=\/wp\/v2\/product"}],"about":[{"href":"https:\/\/diversityspace.de\/index.php?rest_route=\/wp\/v2\/types\/product"}],"replies":[{"embeddable":true,"href":"https:\/\/diversityspace.de\/index.php?rest_route=%2Fwp%2Fv2%2Fcomments&post=1422"}],"wp:featuredmedia":[{"embeddable":true,"href":"https:\/\/diversityspace.de\/index.php?rest_route=\/wp\/v2\/media\/1674"}],"wp:attachment":[{"href":"https:\/\/diversityspace.de\/index.php?rest_route=%2Fwp%2Fv2%2Fmedia&parent=1422"}],"wp:term":[{"taxonomy":"product_brand","embeddable":true,"href":"https:\/\/diversityspace.de\/index.php?rest_route=%2Fwp%2Fv2%2Fproduct_brand&post=1422"},{"taxonomy":"product_cat","embeddable":true,"href":"https:\/\/diversityspace.de\/index.php?rest_route=%2Fwp%2Fv2%2Fproduct_cat&post=1422"},{"taxonomy":"product_tag","embeddable":true,"href":"https:\/\/diversityspace.de\/index.php?rest_route=%2Fwp%2Fv2%2Fproduct_tag&post=1422"}],"curies":[{"name":"wp","href":"https:\/\/api.w.org\/{rel}","templated":true}]}}