{"id":1571,"date":"2025-10-15T11:43:16","date_gmt":"2025-10-15T09:43:16","guid":{"rendered":"https:\/\/diversityspace.de\/?post_type=product&#038;p=1571"},"modified":"2026-02-11T19:20:50","modified_gmt":"2026-02-11T18:20:50","slug":"buch-komm-wir-zeigen-dir-unseren-bauernhof-von-constanze-von-kitzing","status":"publish","type":"product","link":"https:\/\/diversityspace.de\/?product=buch-komm-wir-zeigen-dir-unseren-bauernhof-von-constanze-von-kitzing","title":{"rendered":"Buch \u2013 Komm, wir zeigen dir unseren Bauernhof von Constanze von Kitzing"},"content":{"rendered":"<p><strong>Verlagsbeschreibung<\/strong><\/p>\n<p>Hurra, heute macht die Pinguin-Gruppe der Kita Kunterbunt einen Ausflug zum Bauernhof. Was die Kinder dort wohl alles erleben? Sie begegnen den H\u00fchnern, Schweinen, K\u00fchen und vielen anderen Tieren. Sie d\u00fcrfen mit dem Traktor zu den Feldern fahren und sogar tatkr\u00e4ftig bei der Ernte von Gem\u00fcse und Obst mithelfen. Auch im Hofladen gibt es viel zu erleben und der Spielplatz ist auch toll. Und wer wird <strong>Wimmelbuchprofi<\/strong> und entdeckt die gr\u00fcnen Papageien auf jeder Seite?<\/p>\n<p>Nach dem erfolgreichen \u00bbKomm, wir zeigen dir unsere Kita\u00ab und \u00bbKomm, wir zeigen dir unseren Wald\u00ab nun der dritte Band von \u00bbConstanzes Wimmelgeschichten\u00ab!<\/p>\n<ul>\n<li>Ein Wimmelbuch, das mit seinen eingestreuten Sprechblasen gro\u00dfe und kleine Betrachter*innen animiert, sich zu den vielen Szenen selbst zu \u00fcberlegen, wer dort vielleicht gerade was sagen k\u00f6nnte: <strong>So geht In-Bildern-Lesen<\/strong>!<\/li>\n<li>Ein Wimmelbuch, das die <strong>Vielfalt<\/strong> der heutigen Gesellschaft abbildet und dadurch Identifikationsangebote schafft<\/li>\n<li>Ein Kinderalltagsbuch, das die genaue Beobachtungsgabe und Vorstellungskraft f\u00f6rdert<\/li>\n<li>Ein Bilderbuch, das <strong>unz\u00e4hlige Gespr\u00e4chsanl\u00e4sse<\/strong> bietet<\/li>\n<li>Ein detailreiches und lustiges <strong>Bauernhof-Erlebnis-Bilderbuch<\/strong> f\u00fcr Kinder in Kita- und Vorschulalter<\/li>\n<li><strong>Gro\u00dfes Format<\/strong> \u2013 perfekt f\u00fcr das gemeinsame Anschauen in der Kindergruppe<\/li>\n<\/ul>\n<p>\u00a9 Carlsen<\/p>\n<p><strong>Diversit\u00e4tsreflexivit\u00e4t des Produkts<\/strong><\/p>\n<p>Das Buch \u201eKomm, wir zeigen dir unseren Bauernhof\u201c zeigt den Ausflug einer Kitagruppe auf einen Bauernhof. Die Wimmelbilder zeigen Szenen, in denen die Kita-Kinder die Arbeit und das Leben auf dem Bauernhof erkunden und aktiv mitgestalten. Das Buch l\u00e4dt dabei zum Entdecken des Bauernhofs und zum Sprechen \u00fcber Vielfalt ein. Die Illustrationen zeigen Menschen mit verschiedenen Hautfarben und sichtbaren Behinderungen und jenseits stereotyper Geschlechterbilder. Dies unterst\u00fctzt Prozesse der Normalisierung von Vielfalt und erm\u00f6glicht Identifikation sowie Empowerment beispielsweise f\u00fcr Schwarze Kinder. Ein kritisches Infragestellen vorhandener gesellschaftlicher Normen wird im Wimmelbuch jedoch nicht vorgenommen. Eine diversit\u00e4tsreflexive Bilderbuchbetrachtung kann dazu anregen, ins Gespr\u00e4ch \u00fcber Gemeinsamkeiten und Differenzen sowie Zugeh\u00f6rigkeiten zu kommen und dabei auch gesellschaftliche Positionierungen und Ausgrenzung zu reflektieren.<\/p>\n","protected":false},"excerpt":{"rendered":"<p>Verlagsbeschreibung Hurra, heute macht die Pinguin-Gruppe der Kita Kunterbunt einen Ausflug zum Bauernhof. Was die Kinder dort wohl alles erleben? Sie begegnen den H\u00fchnern, Schweinen, K\u00fchen und vielen anderen Tieren. Sie d\u00fcrfen mit dem Traktor zu den Feldern fahren und sogar tatkr\u00e4ftig bei der Ernte von Gem\u00fcse und Obst mithelfen. Auch im Hofladen gibt es [&hellip;]<\/p>\n","protected":false},"featured_media":1572,"comment_status":"open","ping_status":"closed","template":"","meta":[],"product_brand":[],"product_cat":[284,285,282],"product_tag":[201],"class_list":{"0":"post-1571","1":"product","2":"type-product","3":"status-publish","4":"has-post-thumbnail","6":"product_cat-body","7":"product_cat-gender","8":"product_cat-race","9":"product_tag-normalisierung-und-empowerment","11":"first","12":"instock","13":"shipping-taxable","14":"purchasable","15":"product-type-simple"},"_links":{"self":[{"href":"https:\/\/diversityspace.de\/index.php?rest_route=\/wp\/v2\/product\/1571","targetHints":{"allow":["GET"]}}],"collection":[{"href":"https:\/\/diversityspace.de\/index.php?rest_route=\/wp\/v2\/product"}],"about":[{"href":"https:\/\/diversityspace.de\/index.php?rest_route=\/wp\/v2\/types\/product"}],"replies":[{"embeddable":true,"href":"https:\/\/diversityspace.de\/index.php?rest_route=%2Fwp%2Fv2%2Fcomments&post=1571"}],"wp:featuredmedia":[{"embeddable":true,"href":"https:\/\/diversityspace.de\/index.php?rest_route=\/wp\/v2\/media\/1572"}],"wp:attachment":[{"href":"https:\/\/diversityspace.de\/index.php?rest_route=%2Fwp%2Fv2%2Fmedia&parent=1571"}],"wp:term":[{"taxonomy":"product_brand","embeddable":true,"href":"https:\/\/diversityspace.de\/index.php?rest_route=%2Fwp%2Fv2%2Fproduct_brand&post=1571"},{"taxonomy":"product_cat","embeddable":true,"href":"https:\/\/diversityspace.de\/index.php?rest_route=%2Fwp%2Fv2%2Fproduct_cat&post=1571"},{"taxonomy":"product_tag","embeddable":true,"href":"https:\/\/diversityspace.de\/index.php?rest_route=%2Fwp%2Fv2%2Fproduct_tag&post=1571"}],"curies":[{"name":"wp","href":"https:\/\/api.w.org\/{rel}","templated":true}]}}