{"id":1573,"date":"2025-10-15T11:56:02","date_gmt":"2025-10-15T09:56:02","guid":{"rendered":"https:\/\/diversityspace.de\/?post_type=product&#038;p=1573"},"modified":"2026-02-11T19:22:09","modified_gmt":"2026-02-11T18:22:09","slug":"zwei-papas-fuer-tango-kamishibai-bildkartenset-von-edith-schreiber-wicke-carola-holland","status":"publish","type":"product","link":"https:\/\/diversityspace.de\/?product=zwei-papas-fuer-tango-kamishibai-bildkartenset-von-edith-schreiber-wicke-carola-holland","title":{"rendered":"Zwei Papas f\u00fcr Tango \u2013 Kamishibai Bildkartenset von Edith Schreiber-Wicke &#038; Carola Holland"},"content":{"rendered":"<p><strong>Verlagsbeschreibung<\/strong><\/p>\n<p>Roy und Silo sind zwei Pinguine aus dem New Yorker Zoo. Sie kennen sich schon ihr ganzes Leben lang und wollen immer nur zusammen sein. F\u00fcr die Pinguin-M\u00e4dchen interessieren sie sich nicht, lieber bauen sie zusammen ein Nest &#8230;<\/p>\n<p>Edith Schreiber-Wicke und Carola Holland haben die wahre Begebenheit \u00fcber das gleichgeschlechtliche Pinguinp\u00e4rchen, das zusammen Nachwuchs gro\u00dfzieht, 2017 in einem Bilderbuch umgesetzt. Jetzt gibt es die bezaubernde Erz\u00e4hlung vom kleinen Tango, der zwei V\u00e4ter hat, f\u00fcr das Kamishibai!<\/p>\n<ul>\n<li>Eine Regenbogenfamilie im Frack: Es muss nicht immer Vater, Mutter, Kind sein<\/li>\n<li>F\u00fcr mehr Toleranz: Kindern diverse Familienformen erkl\u00e4ren<\/li>\n<li>Liebe und Geborgenheit: Der kleine Tango und seine Papas<\/li>\n<li>14 Bildkarten f\u00fcr das Kamishibai mit Textvorlage<\/li>\n<li>Geeignet f\u00fcr Kindergarten, Kita und Grundschule<\/li>\n<\/ul>\n<p>Mit dem Erz\u00e4hltheater \u00fcber unterschiedliche Familienmodelle sprechen:<\/p>\n<p>Die Geschichte von Roy, Silo und Tango begeistert Kinder allein deswegen, weil Pinguine beliebte Tiere sind. Gleichzeitig ist sie der perfekte Einstieg, um \u00fcber Familien zu reden, die nicht der \u201eNorm\u201c entsprechen: Was ist eine Regenbogenfamilie? Welche Familienformen gibt es?<\/p>\n<p>Mit der bildgest\u00fctzten Erz\u00e4hlmethode des Kamishibai haben Sie die Kinder bereits w\u00e4hrend des Vortrags immer im Blick und k\u00f6nnen so jederzeit auf Fragen eingehen. Aus der beeindruckenden Pinguin-Geschichte ergeben sich dabei weiterf\u00fchrende Gespr\u00e4che dar\u00fcber, was eine Familie ausmacht. Tango und seine zwei Papas sind ein gro\u00dfartiges Vorbild f\u00fcr Liebe und Geborgenheit &#8211; unabh\u00e4ngig von der Familienkonstellation! \u00a9 DON BOSCO<\/p>\n<p><strong>Diversit\u00e4tsreflexivit\u00e4t des Produkts<\/strong><\/p>\n<p style=\"font-weight: 400;\">Das Kamishibai Bildkartenset erz\u00e4hlt die Geschichte des gleichgeschlechtlichen Pinguinpaars Roy und Silo, das gemeinsam ein K\u00fcken aufzieht. In kindgerechter Tiermetaphorik wird ein Konzept von Familie losgel\u00f6st von Normvorstellungen der heteronormativen Kleinfamilie vermittelt. Thematisiert wird die Diversit\u00e4tskategorie Gender. Die Darstellung erm\u00f6glicht Normalisierung und Empowerment queerer Familienmodelle. Das Material schafft Identifikationsr\u00e4ume, regt zum Nachdenken \u00fcber Familienformen an und bleibt auf eine spezifische Differenzlinie fokussiert. Der Einsatz erfordert p\u00e4dagogisches Wissen \u00fcber Familienvielfalt und die Bereitschaft, stereotype Familienbilder aktiv mit Kindern zu hinterfragen.<\/p>\n","protected":false},"excerpt":{"rendered":"<p>Verlagsbeschreibung Roy und Silo sind zwei Pinguine aus dem New Yorker Zoo. Sie kennen sich schon ihr ganzes Leben lang und wollen immer nur zusammen sein. F\u00fcr die Pinguin-M\u00e4dchen interessieren sie sich nicht, lieber bauen sie zusammen ein Nest &#8230; Edith Schreiber-Wicke und Carola Holland haben die wahre Begebenheit \u00fcber das gleichgeschlechtliche Pinguinp\u00e4rchen, das zusammen [&hellip;]<\/p>\n","protected":false},"featured_media":1574,"comment_status":"open","ping_status":"closed","template":"","meta":[],"product_brand":[],"product_cat":[285],"product_tag":[201],"class_list":{"0":"post-1573","1":"product","2":"type-product","3":"status-publish","4":"has-post-thumbnail","6":"product_cat-gender","7":"product_tag-normalisierung-und-empowerment","9":"first","10":"instock","11":"shipping-taxable","12":"purchasable","13":"product-type-simple"},"_links":{"self":[{"href":"https:\/\/diversityspace.de\/index.php?rest_route=\/wp\/v2\/product\/1573","targetHints":{"allow":["GET"]}}],"collection":[{"href":"https:\/\/diversityspace.de\/index.php?rest_route=\/wp\/v2\/product"}],"about":[{"href":"https:\/\/diversityspace.de\/index.php?rest_route=\/wp\/v2\/types\/product"}],"replies":[{"embeddable":true,"href":"https:\/\/diversityspace.de\/index.php?rest_route=%2Fwp%2Fv2%2Fcomments&post=1573"}],"wp:featuredmedia":[{"embeddable":true,"href":"https:\/\/diversityspace.de\/index.php?rest_route=\/wp\/v2\/media\/1574"}],"wp:attachment":[{"href":"https:\/\/diversityspace.de\/index.php?rest_route=%2Fwp%2Fv2%2Fmedia&parent=1573"}],"wp:term":[{"taxonomy":"product_brand","embeddable":true,"href":"https:\/\/diversityspace.de\/index.php?rest_route=%2Fwp%2Fv2%2Fproduct_brand&post=1573"},{"taxonomy":"product_cat","embeddable":true,"href":"https:\/\/diversityspace.de\/index.php?rest_route=%2Fwp%2Fv2%2Fproduct_cat&post=1573"},{"taxonomy":"product_tag","embeddable":true,"href":"https:\/\/diversityspace.de\/index.php?rest_route=%2Fwp%2Fv2%2Fproduct_tag&post=1573"}],"curies":[{"name":"wp","href":"https:\/\/api.w.org\/{rel}","templated":true}]}}