{"id":1581,"date":"2025-10-27T10:55:52","date_gmt":"2025-10-27T09:55:52","guid":{"rendered":"https:\/\/diversityspace.de\/?post_type=product&#038;p=1581"},"modified":"2026-02-11T19:29:13","modified_gmt":"2026-02-11T18:29:13","slug":"buch-daddy-papa-and-me-von-leslea-newman-carol-thompson","status":"publish","type":"product","link":"https:\/\/diversityspace.de\/?product=buch-daddy-papa-and-me-von-leslea-newman-carol-thompson","title":{"rendered":"Buch \u2013 Daddy, Papa and Me von Leslea Newman &#038; Carol Thompson"},"content":{"rendered":"<p><strong>Verlagsbeschreibung<\/strong><\/p>\n<p>Ein herzerw\u00e4rmendes Pappbilderbuch \u00fcber schwule Eltern! Ein gro\u00dfartiger Kauf f\u00fcr frischgebackene Eltern und Neugeborene gleicherma\u00dfen und das perfekte Geschenk, um Daddy, Papa und anderen Ihre Liebe zu zeigen!<br \/>\nRhythmischer Text und Illustrationen mit universeller Anziehungskraft zeigen ein Kleinkind, das den Tag mit seinen V\u00e4tern verbringt. Von Versteckspielen \u00fcber Verkleiden bis hin zur Badezeit und einem Gutenachtkuss \u2013 einer liebevollen Familie sind keine Grenzen gesetzt.<br \/>\nTeilen Sie die liebevolle Bindung zwischen gleichgeschlechtlichen Eltern und ihren Kindern in dieser herzerw\u00e4rmenden Familiengeschichte. \u00a9 RANDOM HOUSE PUBLISHING GROUP [\u00dcbersetzung durch die Redaktion]<\/p>\n<p><strong>Diversit\u00e4tsreflexivit\u00e4t des Materials\u00a0<\/strong><\/p>\n<p style=\"font-weight: 400;\">Das Pappbilderbuch zeigt den Alltag eines Kleinkindes mit seinen beiden V\u00e4tern. Damit wird die Diversit\u00e4tskategorie Gender aufgegriffen, indem eine Familienform und sexuelle Orientierungen jenseits heteronormativer Vorstellungen sichtbar und normalisiert werden. Das Material l\u00e4dt durch rhythmische Reime in englischer Sprache und wiederkehrende Alltagsszenen zum gemeinsamen Lesen, Benennen und Spielen ein. F\u00fcr den Einsatz braucht es Wissen zu unterschiedlichen Familienbildern, einen umsichtigen Einsatz von Sprache, um Kindern zu erm\u00f6glichen, \u00fcber Familienkonstellationen ins Gespr\u00e4ch zu kommen. Als Gespr\u00e4chsanlass k\u00f6nnte das Buch auch zum Sprechen \u00fcber Ausgrenzung anregen.<\/p>\n","protected":false},"excerpt":{"rendered":"<p>Verlagsbeschreibung Ein herzerw\u00e4rmendes Pappbilderbuch \u00fcber schwule Eltern! Ein gro\u00dfartiger Kauf f\u00fcr frischgebackene Eltern und Neugeborene gleicherma\u00dfen und das perfekte Geschenk, um Daddy, Papa und anderen Ihre Liebe zu zeigen! Rhythmischer Text und Illustrationen mit universeller Anziehungskraft zeigen ein Kleinkind, das den Tag mit seinen V\u00e4tern verbringt. Von Versteckspielen \u00fcber Verkleiden bis hin zur Badezeit und [&hellip;]<\/p>\n","protected":false},"featured_media":1678,"comment_status":"open","ping_status":"closed","template":"","meta":[],"product_brand":[],"product_cat":[285],"product_tag":[201],"class_list":{"0":"post-1581","1":"product","2":"type-product","3":"status-publish","4":"has-post-thumbnail","6":"product_cat-gender","7":"product_tag-normalisierung-und-empowerment","9":"first","10":"instock","11":"shipping-taxable","12":"purchasable","13":"product-type-simple"},"_links":{"self":[{"href":"https:\/\/diversityspace.de\/index.php?rest_route=\/wp\/v2\/product\/1581","targetHints":{"allow":["GET"]}}],"collection":[{"href":"https:\/\/diversityspace.de\/index.php?rest_route=\/wp\/v2\/product"}],"about":[{"href":"https:\/\/diversityspace.de\/index.php?rest_route=\/wp\/v2\/types\/product"}],"replies":[{"embeddable":true,"href":"https:\/\/diversityspace.de\/index.php?rest_route=%2Fwp%2Fv2%2Fcomments&post=1581"}],"wp:featuredmedia":[{"embeddable":true,"href":"https:\/\/diversityspace.de\/index.php?rest_route=\/wp\/v2\/media\/1678"}],"wp:attachment":[{"href":"https:\/\/diversityspace.de\/index.php?rest_route=%2Fwp%2Fv2%2Fmedia&parent=1581"}],"wp:term":[{"taxonomy":"product_brand","embeddable":true,"href":"https:\/\/diversityspace.de\/index.php?rest_route=%2Fwp%2Fv2%2Fproduct_brand&post=1581"},{"taxonomy":"product_cat","embeddable":true,"href":"https:\/\/diversityspace.de\/index.php?rest_route=%2Fwp%2Fv2%2Fproduct_cat&post=1581"},{"taxonomy":"product_tag","embeddable":true,"href":"https:\/\/diversityspace.de\/index.php?rest_route=%2Fwp%2Fv2%2Fproduct_tag&post=1581"}],"curies":[{"name":"wp","href":"https:\/\/api.w.org\/{rel}","templated":true}]}}