{"id":1582,"date":"2025-10-27T10:39:56","date_gmt":"2025-10-27T09:39:56","guid":{"rendered":"https:\/\/diversityspace.de\/?post_type=product&#038;p=1582"},"modified":"2026-02-11T19:34:56","modified_gmt":"2026-02-11T18:34:56","slug":"buch-alex-abgeholt-von-danielle-graf-katja-seide-guenther-jacobs","status":"publish","type":"product","link":"https:\/\/diversityspace.de\/?product=buch-alex-abgeholt-von-danielle-graf-katja-seide-guenther-jacobs","title":{"rendered":"Buch \u2013 Alex, abgeholt! von Danielle Graf, Katja Seide &#038; G\u00fcnther Jacobs"},"content":{"rendered":"<p><strong>Verlagsbeschreibung<\/strong><\/p>\n<div class=\"short-text\">\n<p class=\"descsubtitle\">Ein bed\u00fcrfnisorientiertes Pappbilderbuch \u00fcber das Abholen von der Kita<br \/>\nAlex hat sich den Bauklotz geangelt und kann den Turm nun noch h\u00f6her machen. Vorsichtig obenauf legen &#8230; Da rufen die Kinder: &#8222;Alex, abgeholt!&#8220; Alex freut sich: Mama! Doch der Turm muss ja noch fertig werden. Warum kommt Mama immer falsch? Alex ist froh und entt\u00e4uscht zugleich. Und schon ist sie da, die Wut.<\/p>\n<\/div>\n<div>\n<p>Alle Eltern von Kita-Kindern kennen das: Die Vorfreude auf den gemeinsamen Nachmittag ist gro\u00df \u2013 und dann sowas! Warum das Abholen manchmal m\u00e4chtig schiefgeht, zeigt dieses Bilderbuch bed\u00fcrfnisorientiert, alltagsnah und ehrlich. \u00a9 BELTZ<\/p>\n<p><strong>Diversit\u00e4tsreflexivit\u00e4t des Materials\u00a0<\/strong><\/p>\n<p style=\"font-weight: 400;\">Das Pappbilderbuch schildert aus der Perspektive des Kindes Alex, dessen Geschlecht bewusst offenbleibt, die Situation des Abgeholtwerdens aus der Kita und thematisiert dabei vor allem den Umgang mit positiven und negativen Emotionen. In den Illustrationen werden vielf\u00e4ltige Lebensrealit\u00e4ten sichtbar: Kinder mit und ohne Beeintr\u00e4chtigung, unterschiedliche Familienformen, kulturelle und religi\u00f6se Vielfalt. So greift das Buch zentrale Diversit\u00e4tskategorien wie Gender, Race* und Body auf. Durch die geschlechtsneutrale Darstellung der Hauptfigur wird zudem erm\u00f6glicht, dass sich alle Kinder unabh\u00e4ngig von ihrer eigenen Geschlechtsidentit\u00e4t mit Alex identifizieren k\u00f6nnen. F\u00fcr den Einsatz sind Fachkr\u00e4fte gefragt, die reflexiv mit Emotionen umgehen, Diversit\u00e4t als Normalit\u00e4t thematisieren und einen Bruch mit Kategorien aushalten k\u00f6nnen. So kann Kindern ein Angebot gemacht werden, die bestehenden gesellschaftlichen Ordnungen zu hinterfragen.<\/p>\n<\/div>\n","protected":false},"excerpt":{"rendered":"<p>Verlagsbeschreibung Ein bed\u00fcrfnisorientiertes Pappbilderbuch \u00fcber das Abholen von der Kita Alex hat sich den Bauklotz geangelt und kann den Turm nun noch h\u00f6her machen. Vorsichtig obenauf legen &#8230; Da rufen die Kinder: &#8222;Alex, abgeholt!&#8220; Alex freut sich: Mama! Doch der Turm muss ja noch fertig werden. Warum kommt Mama immer falsch? Alex ist froh und [&hellip;]<\/p>\n","protected":false},"featured_media":1583,"comment_status":"open","ping_status":"closed","template":"","meta":[],"product_brand":[],"product_cat":[284,283,285,282],"product_tag":[201],"class_list":{"0":"post-1582","1":"product","2":"type-product","3":"status-publish","4":"has-post-thumbnail","6":"product_cat-body","7":"product_cat-class","8":"product_cat-gender","9":"product_cat-race","10":"product_tag-normalisierung-und-empowerment","12":"first","13":"instock","14":"shipping-taxable","15":"purchasable","16":"product-type-simple"},"_links":{"self":[{"href":"https:\/\/diversityspace.de\/index.php?rest_route=\/wp\/v2\/product\/1582","targetHints":{"allow":["GET"]}}],"collection":[{"href":"https:\/\/diversityspace.de\/index.php?rest_route=\/wp\/v2\/product"}],"about":[{"href":"https:\/\/diversityspace.de\/index.php?rest_route=\/wp\/v2\/types\/product"}],"replies":[{"embeddable":true,"href":"https:\/\/diversityspace.de\/index.php?rest_route=%2Fwp%2Fv2%2Fcomments&post=1582"}],"wp:featuredmedia":[{"embeddable":true,"href":"https:\/\/diversityspace.de\/index.php?rest_route=\/wp\/v2\/media\/1583"}],"wp:attachment":[{"href":"https:\/\/diversityspace.de\/index.php?rest_route=%2Fwp%2Fv2%2Fmedia&parent=1582"}],"wp:term":[{"taxonomy":"product_brand","embeddable":true,"href":"https:\/\/diversityspace.de\/index.php?rest_route=%2Fwp%2Fv2%2Fproduct_brand&post=1582"},{"taxonomy":"product_cat","embeddable":true,"href":"https:\/\/diversityspace.de\/index.php?rest_route=%2Fwp%2Fv2%2Fproduct_cat&post=1582"},{"taxonomy":"product_tag","embeddable":true,"href":"https:\/\/diversityspace.de\/index.php?rest_route=%2Fwp%2Fv2%2Fproduct_tag&post=1582"}],"curies":[{"name":"wp","href":"https:\/\/api.w.org\/{rel}","templated":true}]}}