{"id":1584,"date":"2025-10-27T10:39:16","date_gmt":"2025-10-27T09:39:16","guid":{"rendered":"https:\/\/diversityspace.de\/?post_type=product&#038;p=1584"},"modified":"2026-02-11T19:36:15","modified_gmt":"2026-02-11T18:36:15","slug":"lottie-puppe-finn-mit-hund-und-overall","status":"publish","type":"product","link":"https:\/\/diversityspace.de\/?product=lottie-puppe-finn-mit-hund-und-overall","title":{"rendered":"Lottie Puppe \u2013 Finn mit Hund und Overall"},"content":{"rendered":"<p><strong>Beschreibung der Hersteller*innen:<\/strong><\/p>\n<p>Ein Puppenjunge inspiriert von Hayden, einem weltraumbegeisterten 8-J\u00e4hrigen!<br \/>\n&#8218;Loyaler Begleiter&#8216; ist ein fantastisches Puppenjungen-Spielset, inspiriert von einem kleinen Jungen mit einer Leidenschaft f\u00fcr alles Weltraumbezogene, der zuf\u00e4llig autistisch ist.<br \/>\nDie Darstellung von Vielfalt in der Spielzeugkiste ist wichtig. Studien zeigen, dass Kinder nach dem Spielen mit Spielzeug \u2013 wie der von Hayden inspirierten Puppe \u2013 offener daf\u00fcr sind, Freundschaften mit Gleichaltrigen mit Behinderungen und Unterschieden zu schlie\u00dfen. [&#8230;]<br \/>\nDie Geschichte bisher:<br \/>\n&#8222;Cookie ist mein Begleithund und meine allerbeste Freundin. Ich nehme sie \u00fcberall mit hin. Ich bin am gl\u00fccklichsten, wenn es ruhig ist, deshalb habe ich immer meine Kopfh\u00f6rer dabei, um laute Ger\u00e4usche auszublenden. Cookie ist der beste Hund aller Zeiten! Sie muntert mich immer auf, wenn ich einen schwierigen Tag habe. Wir haben so viel Spa\u00df zusammen.&#8220; \u00a9 Arklu \u2013 Lottie [\u00dcbersetzung durch die Redaktion]<\/p>\n<p><strong>Diversit\u00e4tsreflexivit\u00e4t des Produkts<\/strong><\/p>\n<p style=\"font-weight: 400;\">Die Lottie Puppe Finn ist in ihrer Gestaltung inspiriert von Hayden, einem autistischen Jungen*. Sie thematisiert die Diversit\u00e4tskategorie Body und kann zur Normalisierung und zu Empowerment beitragen. Sie schafft Bewusstsein f\u00fcr Neurodiversit\u00e4t als wertvoller Aspekt von Vielfalt und erm\u00f6glicht neurodivergenten Kindern Identifikation und Sichtbarkeit. Finn kann veranschaulichen, wie Menschen mit Hilfsmitteln (z.B. Kopfh\u00f6rern oder Kommunikationskarten) sowie durch individuell passende Strategien ihren Alltag gestalten. Einordnend ist f\u00fcr den diversit\u00e4tsreflexiven Einsatz wichtig zu wissen, dass Autismus und andere Formen von Neurodivergenz nicht unmittelbar sichtbar sind, sich vielf\u00e4ltig \u00e4u\u00dfern und individuell unterschiedlich erlebt werden. Daran anschlie\u00dfend k\u00f6nnen Fachkr\u00e4fte mit Hilfe von Finn Impulse setzen, um mit Kindern \u00fcber Gemeinsamkeiten und Unterschiede ins Gespr\u00e4ch zu kommen und zur Wertsch\u00e4tzung von Vielfalt und einem empathischen Umgang miteinander beitragen.<\/p>\n","protected":false},"excerpt":{"rendered":"<p>Beschreibung der Hersteller*innen: Ein Puppenjunge inspiriert von Hayden, einem weltraumbegeisterten 8-J\u00e4hrigen! &#8218;Loyaler Begleiter&#8216; ist ein fantastisches Puppenjungen-Spielset, inspiriert von einem kleinen Jungen mit einer Leidenschaft f\u00fcr alles Weltraumbezogene, der zuf\u00e4llig autistisch ist. Die Darstellung von Vielfalt in der Spielzeugkiste ist wichtig. Studien zeigen, dass Kinder nach dem Spielen mit Spielzeug \u2013 wie der von Hayden [&hellip;]<\/p>\n","protected":false},"featured_media":1592,"comment_status":"open","ping_status":"closed","template":"","meta":[],"product_brand":[],"product_cat":[284],"product_tag":[201],"class_list":{"0":"post-1584","1":"product","2":"type-product","3":"status-publish","4":"has-post-thumbnail","6":"product_cat-body","7":"product_tag-normalisierung-und-empowerment","9":"first","10":"instock","11":"shipping-taxable","12":"purchasable","13":"product-type-simple"},"_links":{"self":[{"href":"https:\/\/diversityspace.de\/index.php?rest_route=\/wp\/v2\/product\/1584","targetHints":{"allow":["GET"]}}],"collection":[{"href":"https:\/\/diversityspace.de\/index.php?rest_route=\/wp\/v2\/product"}],"about":[{"href":"https:\/\/diversityspace.de\/index.php?rest_route=\/wp\/v2\/types\/product"}],"replies":[{"embeddable":true,"href":"https:\/\/diversityspace.de\/index.php?rest_route=%2Fwp%2Fv2%2Fcomments&post=1584"}],"wp:featuredmedia":[{"embeddable":true,"href":"https:\/\/diversityspace.de\/index.php?rest_route=\/wp\/v2\/media\/1592"}],"wp:attachment":[{"href":"https:\/\/diversityspace.de\/index.php?rest_route=%2Fwp%2Fv2%2Fmedia&parent=1584"}],"wp:term":[{"taxonomy":"product_brand","embeddable":true,"href":"https:\/\/diversityspace.de\/index.php?rest_route=%2Fwp%2Fv2%2Fproduct_brand&post=1584"},{"taxonomy":"product_cat","embeddable":true,"href":"https:\/\/diversityspace.de\/index.php?rest_route=%2Fwp%2Fv2%2Fproduct_cat&post=1584"},{"taxonomy":"product_tag","embeddable":true,"href":"https:\/\/diversityspace.de\/index.php?rest_route=%2Fwp%2Fv2%2Fproduct_tag&post=1584"}],"curies":[{"name":"wp","href":"https:\/\/api.w.org\/{rel}","templated":true}]}}