{"id":1588,"date":"2025-10-27T10:13:00","date_gmt":"2025-10-27T09:13:00","guid":{"rendered":"https:\/\/diversityspace.de\/?post_type=product&#038;p=1588"},"modified":"2026-02-11T19:40:32","modified_gmt":"2026-02-11T18:40:32","slug":"lottie-puppe-beschuetzerin-des-regenwalds","status":"publish","type":"product","link":"https:\/\/diversityspace.de\/?product=lottie-puppe-beschuetzerin-des-regenwalds","title":{"rendered":"Lottie Puppe \u2013 Besch\u00fctzerin des Regenwalds"},"content":{"rendered":"<p><strong>Beschreibung der Hersteller*innen<\/strong><\/p>\n<p>Der Amazonas-Regenwald ist die Heimat vieler gef\u00e4hrdeter Pflanzen und Tiere, deren Lebensr\u00e4ume vom Verschwinden bedroht sind. Lottie Doll arbeitet mit ihren Freund*innen von Rainforest Trust zusammen, um Kindern alles \u00fcber den Klimawandel und die gef\u00e4hrdeten Pflanzen und Tiere des Amazonas beizubringen. Lottie ist bereit, den Regenwald in einem gr\u00fcnen Hosenanzug und braunen Stiefeln zu erkunden, und hat eine praktische Lupe und ein Fernglas dabei. Dieses Set enth\u00e4lt au\u00dferdem zehn Sammelkarten mit unterhaltsamen Fakten \u00fcber Tiere! \u00a9 Arklu \u2013 Lottie [\u00dcbersetzung durch die Redaktion]<\/p>\n<p><strong>Diversit\u00e4tsreflexivit\u00e4t des Produkts<\/strong><\/p>\n<p style=\"font-weight: 400;\">Die Lottie\u202fPuppe \u201eBesch\u00fctzerin\u202fdes\u202fRegenwalds\u201c ber\u00fccksichtigt neben den Diversit\u00e4tsaspekten Gender und Race* auch \u00f6kologische Aspekte von Vielfalt und Nachhaltigkeit. Sie thematisiert den Regenwald als sch\u00fctzenswerten Lebensraum und kann so eine Auseinandersetzung mit Umwelt- und Klimaschutz anregen. Als Schwarze und weiblich* gelesene Puppe, die sich forschend mit ihrer Umwelt besch\u00e4ftigt, kann die Puppe eine empowernde Wirkung haben. Die Puppe bietet Identifikationsm\u00f6glichkeiten jenseits von z. B. gesellschaftlichen Geschlechternormen und kann Zugang zu Normalisierung erm\u00f6glichen. Zudem schafft sie Sichtbarkeit von Schwarzen Menschen. Eine kritische Betrachtung und Dekonstruktion von Macht- und Ungleichheitsverh\u00e4ltnissen zwischen dem globalen Norden und dem globalen S\u00fcden bietet die Puppe nicht. Die Reflexion von Privilegien ist an dieser Stelle f\u00fcr den p\u00e4dagogischen, diversit\u00e4tsreflexiven Einsatz der Puppe zentral und erfordert grundlegendes Wissen bei den Fachkr\u00e4ften.<\/p>\n","protected":false},"excerpt":{"rendered":"<p>Beschreibung der Hersteller*innen Der Amazonas-Regenwald ist die Heimat vieler gef\u00e4hrdeter Pflanzen und Tiere, deren Lebensr\u00e4ume vom Verschwinden bedroht sind. Lottie Doll arbeitet mit ihren Freund*innen von Rainforest Trust zusammen, um Kindern alles \u00fcber den Klimawandel und die gef\u00e4hrdeten Pflanzen und Tiere des Amazonas beizubringen. Lottie ist bereit, den Regenwald in einem gr\u00fcnen Hosenanzug und braunen [&hellip;]<\/p>\n","protected":false},"featured_media":1589,"comment_status":"open","ping_status":"closed","template":"","meta":[],"product_brand":[],"product_cat":[285,282],"product_tag":[201],"class_list":{"0":"post-1588","1":"product","2":"type-product","3":"status-publish","4":"has-post-thumbnail","6":"product_cat-gender","7":"product_cat-race","8":"product_tag-normalisierung-und-empowerment","10":"first","11":"instock","12":"shipping-taxable","13":"purchasable","14":"product-type-simple"},"_links":{"self":[{"href":"https:\/\/diversityspace.de\/index.php?rest_route=\/wp\/v2\/product\/1588","targetHints":{"allow":["GET"]}}],"collection":[{"href":"https:\/\/diversityspace.de\/index.php?rest_route=\/wp\/v2\/product"}],"about":[{"href":"https:\/\/diversityspace.de\/index.php?rest_route=\/wp\/v2\/types\/product"}],"replies":[{"embeddable":true,"href":"https:\/\/diversityspace.de\/index.php?rest_route=%2Fwp%2Fv2%2Fcomments&post=1588"}],"wp:featuredmedia":[{"embeddable":true,"href":"https:\/\/diversityspace.de\/index.php?rest_route=\/wp\/v2\/media\/1589"}],"wp:attachment":[{"href":"https:\/\/diversityspace.de\/index.php?rest_route=%2Fwp%2Fv2%2Fmedia&parent=1588"}],"wp:term":[{"taxonomy":"product_brand","embeddable":true,"href":"https:\/\/diversityspace.de\/index.php?rest_route=%2Fwp%2Fv2%2Fproduct_brand&post=1588"},{"taxonomy":"product_cat","embeddable":true,"href":"https:\/\/diversityspace.de\/index.php?rest_route=%2Fwp%2Fv2%2Fproduct_cat&post=1588"},{"taxonomy":"product_tag","embeddable":true,"href":"https:\/\/diversityspace.de\/index.php?rest_route=%2Fwp%2Fv2%2Fproduct_tag&post=1588"}],"curies":[{"name":"wp","href":"https:\/\/api.w.org\/{rel}","templated":true}]}}