{"id":1594,"date":"2025-10-27T09:45:18","date_gmt":"2025-10-27T08:45:18","guid":{"rendered":"https:\/\/diversityspace.de\/?post_type=product&#038;p=1594"},"modified":"2026-02-11T19:47:59","modified_gmt":"2026-02-11T18:47:59","slug":"feuerwehrauto","status":"publish","type":"product","link":"https:\/\/diversityspace.de\/?product=feuerwehrauto","title":{"rendered":"Feuerwehrauto"},"content":{"rendered":"<p><strong>Beschreibung der Hersteller*innen<\/strong><\/p>\n<p>Viel Spa\u00df mit unserem bunten Feuerwehrauto, das gleichzeitig ein Stapel- und ein Schiebespielzeug ist. Bevor dieses Feuerwehrauto Katzen aus B\u00e4umen retten und Br\u00e4nde l\u00f6schen kann, m\u00fcssen kleine H\u00e4nde zun\u00e4chst alle Teile in der richtigen Reihenfolge stapeln, dann kann der Schiebespa\u00df beginnen!<\/p>\n<p>Kleine H\u00e4nde k\u00f6nnen mit diesem Stapelspielzeug aus Holz die richtigen Teile des Feuerwehrautos zusammensetzen, bevor sie es \u00fcber den Boden schieben, um zu einem Notfall zu fahren. Es sieht aus wie ein echtes Feuerwehrauto und verf\u00fcgt \u00fcber detailliert gemalte Feuerwehrleute, einen Schlauch und eine Sirene.<\/p>\n<p>Das Stapel-Feuerwehrauto wird die Fantasie der Kinder wecken und ihre Geschicklichkeit und Probleml\u00f6sungsf\u00e4higkeiten f\u00f6rdern. Hergestellt aus hochwertigem, nachhaltig gewonnenem FSC\u00ae-zertifiziertem Holz. Entspricht den aktuellen europ\u00e4ischen Sicherheitsstandards. \u00a9 Bigjigs\u00ae Toys [\u00dcbersetzung durch die Redaktion]<\/p>\n<p><strong>Diversit\u00e4tsreflexivit\u00e4t des Produkts<\/strong><\/p>\n<p style=\"font-weight: 400;\">Das zusammenbaubare Spielzeugfeuerwehrauto thematisiert die Diversit\u00e4tskategorie Race* und Gender. Es zeigt zwei Einsatzkr\u00e4fte mit unterschiedlichen Hautfarben, die nicht eindeutig einem Geschlecht zuzuordnen sind. So kann es Stereotype in Bezug auf Geschlechter- und Berufsbilder aufbrechen, Vielfalt als Normalit\u00e4t sichtbar machen und Kinder in ihrer Identit\u00e4t empowern. Um sein diversit\u00e4tsreflexives Potential zu entfalten, ist Wissen \u00fcber Geschlechterstereotype, Zuscheibungen zu T\u00e4tigkeiten z.B. in der Feuerwehr und rassistische Zuschreibungen in der p\u00e4dagogischen Begleitung bedeutsam.<\/p>\n","protected":false},"excerpt":{"rendered":"<p>Beschreibung der Hersteller*innen Viel Spa\u00df mit unserem bunten Feuerwehrauto, das gleichzeitig ein Stapel- und ein Schiebespielzeug ist. Bevor dieses Feuerwehrauto Katzen aus B\u00e4umen retten und Br\u00e4nde l\u00f6schen kann, m\u00fcssen kleine H\u00e4nde zun\u00e4chst alle Teile in der richtigen Reihenfolge stapeln, dann kann der Schiebespa\u00df beginnen! Kleine H\u00e4nde k\u00f6nnen mit diesem Stapelspielzeug aus Holz die richtigen Teile [&hellip;]<\/p>\n","protected":false},"featured_media":1595,"comment_status":"open","ping_status":"closed","template":"","meta":[],"product_brand":[],"product_cat":[285,282],"product_tag":[201],"class_list":{"0":"post-1594","1":"product","2":"type-product","3":"status-publish","4":"has-post-thumbnail","6":"product_cat-gender","7":"product_cat-race","8":"product_tag-normalisierung-und-empowerment","10":"first","11":"instock","12":"shipping-taxable","13":"purchasable","14":"product-type-simple"},"_links":{"self":[{"href":"https:\/\/diversityspace.de\/index.php?rest_route=\/wp\/v2\/product\/1594","targetHints":{"allow":["GET"]}}],"collection":[{"href":"https:\/\/diversityspace.de\/index.php?rest_route=\/wp\/v2\/product"}],"about":[{"href":"https:\/\/diversityspace.de\/index.php?rest_route=\/wp\/v2\/types\/product"}],"replies":[{"embeddable":true,"href":"https:\/\/diversityspace.de\/index.php?rest_route=%2Fwp%2Fv2%2Fcomments&post=1594"}],"wp:featuredmedia":[{"embeddable":true,"href":"https:\/\/diversityspace.de\/index.php?rest_route=\/wp\/v2\/media\/1595"}],"wp:attachment":[{"href":"https:\/\/diversityspace.de\/index.php?rest_route=%2Fwp%2Fv2%2Fmedia&parent=1594"}],"wp:term":[{"taxonomy":"product_brand","embeddable":true,"href":"https:\/\/diversityspace.de\/index.php?rest_route=%2Fwp%2Fv2%2Fproduct_brand&post=1594"},{"taxonomy":"product_cat","embeddable":true,"href":"https:\/\/diversityspace.de\/index.php?rest_route=%2Fwp%2Fv2%2Fproduct_cat&post=1594"},{"taxonomy":"product_tag","embeddable":true,"href":"https:\/\/diversityspace.de\/index.php?rest_route=%2Fwp%2Fv2%2Fproduct_tag&post=1594"}],"curies":[{"name":"wp","href":"https:\/\/api.w.org\/{rel}","templated":true}]}}