{"id":1600,"date":"2025-10-27T09:33:45","date_gmt":"2025-10-27T08:33:45","guid":{"rendered":"https:\/\/diversityspace.de\/?post_type=product&#038;p=1600"},"modified":"2026-02-11T19:55:24","modified_gmt":"2026-02-11T18:55:24","slug":"buch-der-beste-babysitter-bin-ich-von-johanna-von-horn-charlotte-ramel","status":"publish","type":"product","link":"https:\/\/diversityspace.de\/?product=buch-der-beste-babysitter-bin-ich-von-johanna-von-horn-charlotte-ramel","title":{"rendered":"Buch \u2013 Der beste Babysitter bin ich von Johanna von Horn &#038; Charlotte Ramel"},"content":{"rendered":"<p><strong>Verlagsbeschreibung<\/strong><\/p>\n<p>&#8222;Ich wei\u00df zwei Dinge ganz genau: Ich will endlich ein Geschwisterchen! Und ich bin nat\u00fcrlich der beste Babysitter, den es gibt!\u201d Da ist es praktisch, dass im gleichen Haus zuf\u00e4llig ein Baby mit seinen beiden Mamas wohnt, denen man jeden Tag helfen kann. Ob sie wollen oder nicht &#8230; Mit viel Humor in Text und Bild richtet sich dieses Bilderbuch an alle, die schon gro\u00df sein wollen. Und ganz nebenbei wird hier ein modernes Familienbild jenseits von Rollenklischees vermittelt. \u00a9 BELTZ<\/p>\n<p><strong>Diversit\u00e4tsreflexivit\u00e4t des Produkts<\/strong><\/p>\n<div id=\"accordion\" class=\"panel-group product-accordion\">\n<div class=\"panel panel-default\">\n<div class=\"panel-heading\">\n<p style=\"font-weight: 400;\">Das Bilderbuch \u201eDer beste Babysitter bin ich\u201c wird aus der Perspektive eines Kindes erz\u00e4hlt, das geschlechtsneutral gestaltet ist. Die Diversit\u00e4tskategorie Gender wird thematisiert, indem die Erz\u00e4hlung und Bilder gesellschaftlich tradierte Geschelchterzuschreibungen und -rollen nicht reproduziert, sondern geschlechtliche Vielfalt normalisiert. Eine Familie mit zwei M\u00fcttern erscheint so nicht als Besonderheit, sondern selbstverst\u00e4ndlich als eine von mehreren Familienformen. F\u00fcr queere Familien kann das Buch zudem Sichtbarkeit und Empowerment schaffen. Eine dialogische Bilderbuchbetrachtung kann dazu anregen, traditionelle Vorstellungen von Familien zu erweitern und geschlechtliche Vielfalt wertzusch\u00e4tzen, sofern die Fachkraft dies reflexiv begleitet.<\/p>\n<\/div>\n<\/div>\n<\/div>\n","protected":false},"excerpt":{"rendered":"<p>Verlagsbeschreibung &#8222;Ich wei\u00df zwei Dinge ganz genau: Ich will endlich ein Geschwisterchen! Und ich bin nat\u00fcrlich der beste Babysitter, den es gibt!\u201d Da ist es praktisch, dass im gleichen Haus zuf\u00e4llig ein Baby mit seinen beiden Mamas wohnt, denen man jeden Tag helfen kann. Ob sie wollen oder nicht &#8230; Mit viel Humor in Text [&hellip;]<\/p>\n","protected":false},"featured_media":1601,"comment_status":"open","ping_status":"closed","template":"","meta":[],"product_brand":[],"product_cat":[285],"product_tag":[201],"class_list":{"0":"post-1600","1":"product","2":"type-product","3":"status-publish","4":"has-post-thumbnail","6":"product_cat-gender","7":"product_tag-normalisierung-und-empowerment","9":"first","10":"instock","11":"shipping-taxable","12":"purchasable","13":"product-type-simple"},"_links":{"self":[{"href":"https:\/\/diversityspace.de\/index.php?rest_route=\/wp\/v2\/product\/1600","targetHints":{"allow":["GET"]}}],"collection":[{"href":"https:\/\/diversityspace.de\/index.php?rest_route=\/wp\/v2\/product"}],"about":[{"href":"https:\/\/diversityspace.de\/index.php?rest_route=\/wp\/v2\/types\/product"}],"replies":[{"embeddable":true,"href":"https:\/\/diversityspace.de\/index.php?rest_route=%2Fwp%2Fv2%2Fcomments&post=1600"}],"wp:featuredmedia":[{"embeddable":true,"href":"https:\/\/diversityspace.de\/index.php?rest_route=\/wp\/v2\/media\/1601"}],"wp:attachment":[{"href":"https:\/\/diversityspace.de\/index.php?rest_route=%2Fwp%2Fv2%2Fmedia&parent=1600"}],"wp:term":[{"taxonomy":"product_brand","embeddable":true,"href":"https:\/\/diversityspace.de\/index.php?rest_route=%2Fwp%2Fv2%2Fproduct_brand&post=1600"},{"taxonomy":"product_cat","embeddable":true,"href":"https:\/\/diversityspace.de\/index.php?rest_route=%2Fwp%2Fv2%2Fproduct_cat&post=1600"},{"taxonomy":"product_tag","embeddable":true,"href":"https:\/\/diversityspace.de\/index.php?rest_route=%2Fwp%2Fv2%2Fproduct_tag&post=1600"}],"curies":[{"name":"wp","href":"https:\/\/api.w.org\/{rel}","templated":true}]}}