{"id":1602,"date":"2025-10-27T09:33:03","date_gmt":"2025-10-27T08:33:03","guid":{"rendered":"https:\/\/diversityspace.de\/?post_type=product&#038;p=1602"},"modified":"2026-02-11T19:56:46","modified_gmt":"2026-02-11T18:56:46","slug":"buch-wir-alle-im-stadtgewimmel-von-kori-klima-isabelle-goentgen","status":"publish","type":"product","link":"https:\/\/diversityspace.de\/?product=buch-wir-alle-im-stadtgewimmel-von-kori-klima-isabelle-goentgen","title":{"rendered":"Buch \u2013 Wir alle im Stadtgewimmel von Kori Klima &#038; Isabelle G\u00f6ntgen"},"content":{"rendered":"<p><strong>Verlagsbeschreibung<\/strong><\/p>\n<p><em>Wir alle im Stadtgewimmel <\/em>ist ein Wimmelbuch, das der Diversit\u00e4t unserer Gesellschaft Sichtbarkeit verleiht. Damit macht dieses liebevoll gezeichnete und mit gro\u00dfem konzeptionellem Aufwand entwickelte Wimmelbuch einen echten Unterschied. Es bietet verschiedensten Menschen, Lebensrealit\u00e4ten und Familienkonzepten die M\u00f6glichkeit, sich in diesem Buch allein oder gemeinsam wiederzufinden.<\/p>\n<p>Auf den Spuren von vierzehn Hauptfiguren gibt es viel zu entdecken, unter anderem auf dem Marktplatz, im Park, auf dem Sportplatz, in der Stadt und bei den Charakteren zu Hause. In all diesen Szenarien ist die Vielf\u00e4ltigkeit der Menschen und ihres Aussehens, ihrer Lebensweisen und -bedingungen und ihrer Gewohnheiten abgebildet. \u00a9 Orlanda Verlag<\/p>\n<p><strong>Diversit\u00e4tsreflexivit\u00e4t des Produkts<\/strong><\/p>\n<p style=\"font-weight: 400;\">Das Wimmelbuch zeigt Alltagsszenen, in denen Menschen unterschiedlicher Hautfarbe, Alter, Geschlecht und Behinderung sichtbar sind. Damit bezieht das Buch nicht eine spezifische Diversit\u00e4tskategorie ein, sondern beldeuchtet die Kategorien Body, Gender, Race* und Class. In der abgebildeten Vielfalt k\u00f6nnen Kinder \u00c4hnlichkeiten zu eigenen oder bekannten Lebensrealit\u00e4ten in den Szenen wiederfinden. Gleichzeitig l\u00e4dt das Buch ein, eigene Perspektiven zu erweitern. Das Wimmelbuch zeigt die Vielfalt individueller Alltagsgestaltung auf und erm\u00f6glicht so die Normalisierung von Diversit\u00e4t sowie die Dekonstruktion gesellschaftlicher Normen.<br \/>\nDer diversit\u00e4tsreflexive Einsatz kann durch das Sprechen \u00fcber heterogene Familien- und Lebenswelten unterst\u00fctzt werden. Fachkr\u00e4fte sollten hierzu \u00fcber ein Wissen zu reflexiver Gespr\u00e4chsf\u00fchrung verf\u00fcgen.<\/p>\n","protected":false},"excerpt":{"rendered":"<p>Verlagsbeschreibung Wir alle im Stadtgewimmel ist ein Wimmelbuch, das der Diversit\u00e4t unserer Gesellschaft Sichtbarkeit verleiht. Damit macht dieses liebevoll gezeichnete und mit gro\u00dfem konzeptionellem Aufwand entwickelte Wimmelbuch einen echten Unterschied. Es bietet verschiedensten Menschen, Lebensrealit\u00e4ten und Familienkonzepten die M\u00f6glichkeit, sich in diesem Buch allein oder gemeinsam wiederzufinden. Auf den Spuren von vierzehn Hauptfiguren gibt es [&hellip;]<\/p>\n","protected":false},"featured_media":1603,"comment_status":"open","ping_status":"closed","template":"","meta":[],"product_brand":[],"product_cat":[284,283,285,282],"product_tag":[160],"class_list":{"0":"post-1602","1":"product","2":"type-product","3":"status-publish","4":"has-post-thumbnail","6":"product_cat-body","7":"product_cat-class","8":"product_cat-gender","9":"product_cat-race","10":"product_tag-normalisierung-und-dekonstruktion","12":"first","13":"instock","14":"shipping-taxable","15":"purchasable","16":"product-type-simple"},"_links":{"self":[{"href":"https:\/\/diversityspace.de\/index.php?rest_route=\/wp\/v2\/product\/1602","targetHints":{"allow":["GET"]}}],"collection":[{"href":"https:\/\/diversityspace.de\/index.php?rest_route=\/wp\/v2\/product"}],"about":[{"href":"https:\/\/diversityspace.de\/index.php?rest_route=\/wp\/v2\/types\/product"}],"replies":[{"embeddable":true,"href":"https:\/\/diversityspace.de\/index.php?rest_route=%2Fwp%2Fv2%2Fcomments&post=1602"}],"wp:featuredmedia":[{"embeddable":true,"href":"https:\/\/diversityspace.de\/index.php?rest_route=\/wp\/v2\/media\/1603"}],"wp:attachment":[{"href":"https:\/\/diversityspace.de\/index.php?rest_route=%2Fwp%2Fv2%2Fmedia&parent=1602"}],"wp:term":[{"taxonomy":"product_brand","embeddable":true,"href":"https:\/\/diversityspace.de\/index.php?rest_route=%2Fwp%2Fv2%2Fproduct_brand&post=1602"},{"taxonomy":"product_cat","embeddable":true,"href":"https:\/\/diversityspace.de\/index.php?rest_route=%2Fwp%2Fv2%2Fproduct_cat&post=1602"},{"taxonomy":"product_tag","embeddable":true,"href":"https:\/\/diversityspace.de\/index.php?rest_route=%2Fwp%2Fv2%2Fproduct_tag&post=1602"}],"curies":[{"name":"wp","href":"https:\/\/api.w.org\/{rel}","templated":true}]}}