{"id":1606,"date":"2025-10-27T09:32:39","date_gmt":"2025-10-27T08:32:39","guid":{"rendered":"https:\/\/diversityspace.de\/?post_type=product&#038;p=1606"},"modified":"2026-02-11T20:01:10","modified_gmt":"2026-02-11T19:01:10","slug":"buch-stromer-von-sarah-v-claude-k-dubois","status":"publish","type":"product","link":"https:\/\/diversityspace.de\/?product=buch-stromer-von-sarah-v-claude-k-dubois","title":{"rendered":"Buch \u2013 Stromer von Sarah V. &#038; Claude K. Dubois"},"content":{"rendered":"<p><strong>Verlagsbeschreibung<\/strong><\/p>\n<p>WAS MENSCHLICHKEIT BEWIRKEN KANN<br \/>\nStromer ist ein Wohnsitzloser, ein Obdachloser, ein Mann, der auf der Stra\u00dfe lebt. Nach eisigen N\u00e4chten sehnt er sich nach hei\u00dfem Kaffee. Und er hat Hunger. Fr\u00fcher hatte er einmal Post ausgetragen. Das ist lange her. In der W\u00e4rmestube darf er sich f\u00fcr eine warme Mahlzeit anstellen. Dort nach seinem Namen gefragt, kann er sich nicht mehr erinnern, also zieht er weiter: m\u00fcde, frierend und hungrig. Doch dann steht pl\u00f6tzlich ein kleines M\u00e4dchen vor ihm und h\u00e4lt ihm einen Keks hin. Und sie sagt: \u00bbDu siehst ja komisch aus. Wie ein Teddy!\u00ab Dieser Keks ist der beste Keks auf der Welt. Und am Abend in der W\u00e4rmestube wei\u00df Stromer, was er antworten kann. Ein Bilderbuch, das einen Blick auf die Welt von Menschen erm\u00f6glicht, mit denen viele nichts zu tun haben wollen. \u00a9 Moritz-Verlag<\/p>\n<p><strong>Diversit\u00e4tsreflexivit\u00e4t des Produkts<\/strong><\/p>\n<p>Das Bilderbuch schildert den Alltag einer wohnungslosen Person. Stromer ist m\u00e4nnlich, wie eine hohe Anzahl Wohnungsloser, und seine Geschichte wird einf\u00fchlsam erz\u00e4hlt. Damit wird die Diversit\u00e4tskategorie Class thematisiert. Das Buch \u00f6ffnet es den Blick f\u00fcr Lebensrealit\u00e4ten, die sonst kaum gezeigt werden. Gerade mit Blick auf Armut und die Folgen, k\u00f6nnen so Kinder in Annahmen irritiert werden, dass diese selbstverschuldet sei und Empathie f\u00fcr wohnungslose Menschen entwickeln. Mit diesem Ansatz wird Normalisierung und Empowerment verfolgt. Wohnungslose Personen erhalten ein Gesicht, eine Geschichte. Die Dekonstruktion der Gr\u00fcnde f\u00fcr Wohnungslosigkeit und Armut in einem reichen Wohlfahrtssystem erfolgt nicht. Eine Bilderbuchbetrachtung, die auf Wissen \u00fcber soziale Ausgrenzungsprozesse fu\u00dft, kann zum Nachdenken \u00fcber Privilegien, gesellschaftliche Teilhabe und Diskriminierung anregen. P\u00e4dagogische Fachkr\u00e4fte k\u00f6nnen in Gespr\u00e4chen mit Kindern einerseits Empathie, aber auch Verst\u00e4ndnis daf\u00fcr vermitteln, dass nicht immer alles gerecht ist. Gleichzeitig sollten sie zu Selbstwirksamkeit anleiten, wie z.B. Dinge zu teilen, die sie viel besitzen oder auch im Stadtteil mit Einrichtungen kooperieren, um z.B. Spenden zu sammeln.<\/p>\n<p style=\"font-weight: 400;\">\n","protected":false},"excerpt":{"rendered":"<p>Verlagsbeschreibung WAS MENSCHLICHKEIT BEWIRKEN KANN Stromer ist ein Wohnsitzloser, ein Obdachloser, ein Mann, der auf der Stra\u00dfe lebt. Nach eisigen N\u00e4chten sehnt er sich nach hei\u00dfem Kaffee. Und er hat Hunger. Fr\u00fcher hatte er einmal Post ausgetragen. Das ist lange her. In der W\u00e4rmestube darf er sich f\u00fcr eine warme Mahlzeit anstellen. Dort nach seinem [&hellip;]<\/p>\n","protected":false},"featured_media":1607,"comment_status":"open","ping_status":"closed","template":"","meta":[],"product_brand":[],"product_cat":[283],"product_tag":[201],"class_list":{"0":"post-1606","1":"product","2":"type-product","3":"status-publish","4":"has-post-thumbnail","6":"product_cat-class","7":"product_tag-normalisierung-und-empowerment","9":"first","10":"instock","11":"shipping-taxable","12":"purchasable","13":"product-type-simple"},"_links":{"self":[{"href":"https:\/\/diversityspace.de\/index.php?rest_route=\/wp\/v2\/product\/1606","targetHints":{"allow":["GET"]}}],"collection":[{"href":"https:\/\/diversityspace.de\/index.php?rest_route=\/wp\/v2\/product"}],"about":[{"href":"https:\/\/diversityspace.de\/index.php?rest_route=\/wp\/v2\/types\/product"}],"replies":[{"embeddable":true,"href":"https:\/\/diversityspace.de\/index.php?rest_route=%2Fwp%2Fv2%2Fcomments&post=1606"}],"wp:featuredmedia":[{"embeddable":true,"href":"https:\/\/diversityspace.de\/index.php?rest_route=\/wp\/v2\/media\/1607"}],"wp:attachment":[{"href":"https:\/\/diversityspace.de\/index.php?rest_route=%2Fwp%2Fv2%2Fmedia&parent=1606"}],"wp:term":[{"taxonomy":"product_brand","embeddable":true,"href":"https:\/\/diversityspace.de\/index.php?rest_route=%2Fwp%2Fv2%2Fproduct_brand&post=1606"},{"taxonomy":"product_cat","embeddable":true,"href":"https:\/\/diversityspace.de\/index.php?rest_route=%2Fwp%2Fv2%2Fproduct_cat&post=1606"},{"taxonomy":"product_tag","embeddable":true,"href":"https:\/\/diversityspace.de\/index.php?rest_route=%2Fwp%2Fv2%2Fproduct_tag&post=1606"}],"curies":[{"name":"wp","href":"https:\/\/api.w.org\/{rel}","templated":true}]}}