{"id":1608,"date":"2025-10-27T09:31:41","date_gmt":"2025-10-27T08:31:41","guid":{"rendered":"https:\/\/diversityspace.de\/?post_type=product&#038;p=1608"},"modified":"2026-02-11T20:03:37","modified_gmt":"2026-02-11T19:03:37","slug":"das-maedchen-mit-der-perlenkette-die-geschichte-einer-flucht-kamishibai-bildkartenset-von-alexander-jansen-maneis-arbab","status":"publish","type":"product","link":"https:\/\/diversityspace.de\/?product=das-maedchen-mit-der-perlenkette-die-geschichte-einer-flucht-kamishibai-bildkartenset-von-alexander-jansen-maneis-arbab","title":{"rendered":"Das M\u00e4dchen mit der Perlenkette. Die Geschichte einer Flucht \u2013 Kamishibai Bildkartenset von Alexander Jansen &#038; Maneis Arbab"},"content":{"rendered":"<p><strong>Verlagsbeschreibung<\/strong><\/p>\n<p>Angst, Krieg und Hoffnung: Mit dem Kamishibai \u00fcber Flucht und Migration sprechen<\/p>\n<div>In einem Land voller Verbote erz\u00e4hlen die Leute einander fl\u00fcsternd, was Bekannten passiert ist. Auch Rahas Vater ist in Gefahr. Das M\u00e4dchen und seine Familie verlassen ihre Heimat, werden auf der Flucht aber getrennt. Raha und ihre Mutter kommen allein in Deutschland an. Hier anzukommen, f\u00e4llt der Kleinen schwer &#8211; in der neuen Umgebung fehlt ihr Vater noch mehr&#8230; Rahas Geschichte steht stellvertretend f\u00fcr die unz\u00e4hliger Fl\u00fcchtlingskinder, die nach den Schrecken von Krieg und Flucht erst lernen m\u00fcssen, wieder Vertrauen zu fassen.<\/div>\n<div><\/div>\n<div>Die Kamishibai-Geschichte macht die Themen Flucht und Migration f\u00fcr Kinder in Kita und Grundschule greifbar.<\/div>\n<div>\n<ul>\n<li>Migration einfach erkl\u00e4rt f\u00fcr Kinder von f\u00fcnf bis zehn Jahren<\/li>\n<li>13 Farbbilder in DIN A3 Inkl. druckbarem PDF mit Bild\u00fcbersicht, Erz\u00e4hlvorlage, Klanggeschichte und p\u00e4dagogischen Hinweisen<\/li>\n<li>Erz\u00e4hltheater f\u00fcr Kita und Grundschule: Spielerisch emotionale Kompetenzen f\u00f6rdern<\/li>\n<li>Eine Fluchtgeschichte mit Happy End: Rahas perfektes Geburtstagsgeschenk<\/li>\n<\/ul>\n<\/div>\n<div><strong>Zuh\u00f6ren, entdecken, verstehen: Komplexe Themen mit dem Kamishibai vermitteln\u00a0<\/strong><\/div>\n<div>Ein aufstellbarer Rahmen, Bildkarten in DIN-A3, die das Erz\u00e4hlte untermalen \u2013 das Erz\u00e4hltheater eignet sich perfekt auch um schwierige Themen zu vermitteln und mit Kindern zu besprechen.<\/div>\n<div><\/div>\n<div>Rahas Flucht und Ankunft in Deutschland ist ideal als Ansatz f\u00fcr Gespr\u00e4che \u00fcber Kriegsfl\u00fcchtlinge und ihre schlimmen Erlebnisse geeignet. Das Zusatzmaterial zum Bilderbuchkino umfasst Hilfestellungen f\u00fcr P\u00e4dagog:innen und Erzieher:innen zur Thematik Trauma und Flucht. \u00a9 DON BOSCO<\/div>\n<div><\/div>\n<div><strong>Diversit\u00e4tsreflexivit\u00e4t des Produkts<\/strong><\/div>\n<div>Das Kamishibai Bildkartenset erz\u00e4hlt die Flucht\u2011 und Ankunftsgeschichte der sechsj\u00e4hrigen Raha und thematisiert damit Herkunft, Krieg und Flucht. Es l\u00e4dt dazu ein, \u00fcber die Diversit\u00e4tskategorie Race* ins Gespr\u00e4ch zu kommen und dabei auch Aspekte gesellschaftlicher Teilhabe (Class) zu beleuchten. Das Erz\u00e4hlen von Rahas Perspektive schafft Sichtbarkeit f\u00fcr Fluchtgeschichten. Damit kann das Bildkartenset Menschen mit Fluchterfahrungen empowern und zur Normalisierung diverser Lebensrealit\u00e4ten beitragen. Aber auch Kinder, die nicht von Flucht und Vertreibung betroffen sind, erhalten eine Vorstellung davon, was dazugeh\u00f6ren kann zu fliehen. Au\u00dferdem kann ihre Empathie gef\u00f6rdert werden, diese Menschen umso mehr zu unterst\u00fctzen. Deswegen erfordert der Einsatz des Kamishibais Kenntnisse zu Flucht und Vertreibung, eine empathische Grundhaltung, eine Betonung der Individualit\u00e4t von Geschichten sowie die Anleitung zur Selbstwirksamkeit im Umgang mit den eigenen Gef\u00fchlen. Kinder k\u00f6nnen ihre starken Emotionen aus dieser Geschichte verarbeiten, indem sie selbst \u00fcberlegen, was kann Familien mit Fluchterfahrung helfen? Wie wollen wir miteinander umgehen, egal, was die Person erlebt hat? Wie k\u00f6nnen wir uns auch wehren gegen Krieg und Vertreibung? Kenntnisse in politischer Bildung w\u00e4ren hier denkbar. Auf jeden Fall ist die kritische Reflexion von Zuschreibungen in Bezug auf Flucht und Migration und der eigenen Positionierung bedeutsam f\u00fcr den Einsatz des Materials. Eine Dekonstruktion der bestehenden Ordnung erfolgt durch das Material nicht.<\/div>\n","protected":false},"excerpt":{"rendered":"<p>Verlagsbeschreibung Angst, Krieg und Hoffnung: Mit dem Kamishibai \u00fcber Flucht und Migration sprechen In einem Land voller Verbote erz\u00e4hlen die Leute einander fl\u00fcsternd, was Bekannten passiert ist. Auch Rahas Vater ist in Gefahr. Das M\u00e4dchen und seine Familie verlassen ihre Heimat, werden auf der Flucht aber getrennt. Raha und ihre Mutter kommen allein in Deutschland [&hellip;]<\/p>\n","protected":false},"featured_media":1609,"comment_status":"open","ping_status":"closed","template":"","meta":[],"product_brand":[],"product_cat":[283,282],"product_tag":[201],"class_list":{"0":"post-1608","1":"product","2":"type-product","3":"status-publish","4":"has-post-thumbnail","6":"product_cat-class","7":"product_cat-race","8":"product_tag-normalisierung-und-empowerment","10":"first","11":"instock","12":"shipping-taxable","13":"purchasable","14":"product-type-simple"},"_links":{"self":[{"href":"https:\/\/diversityspace.de\/index.php?rest_route=\/wp\/v2\/product\/1608","targetHints":{"allow":["GET"]}}],"collection":[{"href":"https:\/\/diversityspace.de\/index.php?rest_route=\/wp\/v2\/product"}],"about":[{"href":"https:\/\/diversityspace.de\/index.php?rest_route=\/wp\/v2\/types\/product"}],"replies":[{"embeddable":true,"href":"https:\/\/diversityspace.de\/index.php?rest_route=%2Fwp%2Fv2%2Fcomments&post=1608"}],"wp:featuredmedia":[{"embeddable":true,"href":"https:\/\/diversityspace.de\/index.php?rest_route=\/wp\/v2\/media\/1609"}],"wp:attachment":[{"href":"https:\/\/diversityspace.de\/index.php?rest_route=%2Fwp%2Fv2%2Fmedia&parent=1608"}],"wp:term":[{"taxonomy":"product_brand","embeddable":true,"href":"https:\/\/diversityspace.de\/index.php?rest_route=%2Fwp%2Fv2%2Fproduct_brand&post=1608"},{"taxonomy":"product_cat","embeddable":true,"href":"https:\/\/diversityspace.de\/index.php?rest_route=%2Fwp%2Fv2%2Fproduct_cat&post=1608"},{"taxonomy":"product_tag","embeddable":true,"href":"https:\/\/diversityspace.de\/index.php?rest_route=%2Fwp%2Fv2%2Fproduct_tag&post=1608"}],"curies":[{"name":"wp","href":"https:\/\/api.w.org\/{rel}","templated":true}]}}