{"id":1615,"date":"2025-10-25T14:15:33","date_gmt":"2025-10-25T12:15:33","guid":{"rendered":"https:\/\/diversityspace.de\/?post_type=product&#038;p=1615"},"modified":"2026-02-11T20:15:57","modified_gmt":"2026-02-11T19:15:57","slug":"poc-stoffpuppe-sasha","status":"publish","type":"product","link":"https:\/\/diversityspace.de\/?product=poc-stoffpuppe-sasha","title":{"rendered":"PoC-Stoffpuppe Sasha"},"content":{"rendered":"<p><strong>Beschreibung der Hersteller*innen<\/strong><\/p>\n<p>Sasha wird gerne wie ein echtes Baby verh\u00e4tschelt. Das Fl\u00e4schchen geben, wickeln oder ins Bett bringen &#8211; nichts ist so sch\u00f6n, wie eine Puppenmama oder ein Puppenpapa zu sein. \u00a9 Lilliputiens<\/p>\n<p><strong>Diversit\u00e4tsreflexivit\u00e4t des Produktes<\/strong><\/p>\n<p style=\"font-weight: 400;\">Die Babypuppe Sasha stellt ein Schwarzes Baby dar. Die Puppe verf\u00fcgt \u00fcber keine eindeutigen Geschlechtsmerkmale, so dass Geschlecht je nach Wunsch zugeschrieben werden kann oder aber auch nicht. Race* und \u00a0Gender werden als Diversit\u00e4tsdimensionen deswegen sichtbar. So tr\u00e4gt die Puppe empowernd und normalisierend zur Repr\u00e4sentation Schwarzer Personen im p\u00e4dagogischen Alltag bei. Sie erm\u00f6glicht es, Themen wie Hautfarbe, Zugeh\u00f6rigkeit und Familie aufzugreifen. Fachkr\u00e4fte sollten Kenntnisse zu Hautfarben und Zuschreibungen zu Geschlecht haben, um stereotype Aussagen begleiten zu k\u00f6nnen und das Spiel empowernd zu gestalten. Au\u00dferdem ist es m\u00f6glich \u00fcber verschiedene Familienformen und Sorget\u00e4tigkeiten anhand der Puppe ins Gespr\u00e4ch mit Kindern zu kommen.<\/p>\n","protected":false},"excerpt":{"rendered":"<p>Beschreibung der Hersteller*innen Sasha wird gerne wie ein echtes Baby verh\u00e4tschelt. Das Fl\u00e4schchen geben, wickeln oder ins Bett bringen &#8211; nichts ist so sch\u00f6n, wie eine Puppenmama oder ein Puppenpapa zu sein. \u00a9 Lilliputiens Diversit\u00e4tsreflexivit\u00e4t des Produktes Die Babypuppe Sasha stellt ein Schwarzes Baby dar. Die Puppe verf\u00fcgt \u00fcber keine eindeutigen Geschlechtsmerkmale, so dass Geschlecht [&hellip;]<\/p>\n","protected":false},"featured_media":1616,"comment_status":"open","ping_status":"closed","template":"","meta":[],"product_brand":[],"product_cat":[282],"product_tag":[201],"class_list":{"0":"post-1615","1":"product","2":"type-product","3":"status-publish","4":"has-post-thumbnail","6":"product_cat-race","7":"product_tag-normalisierung-und-empowerment","9":"first","10":"instock","11":"shipping-taxable","12":"purchasable","13":"product-type-simple"},"_links":{"self":[{"href":"https:\/\/diversityspace.de\/index.php?rest_route=\/wp\/v2\/product\/1615","targetHints":{"allow":["GET"]}}],"collection":[{"href":"https:\/\/diversityspace.de\/index.php?rest_route=\/wp\/v2\/product"}],"about":[{"href":"https:\/\/diversityspace.de\/index.php?rest_route=\/wp\/v2\/types\/product"}],"replies":[{"embeddable":true,"href":"https:\/\/diversityspace.de\/index.php?rest_route=%2Fwp%2Fv2%2Fcomments&post=1615"}],"wp:featuredmedia":[{"embeddable":true,"href":"https:\/\/diversityspace.de\/index.php?rest_route=\/wp\/v2\/media\/1616"}],"wp:attachment":[{"href":"https:\/\/diversityspace.de\/index.php?rest_route=%2Fwp%2Fv2%2Fmedia&parent=1615"}],"wp:term":[{"taxonomy":"product_brand","embeddable":true,"href":"https:\/\/diversityspace.de\/index.php?rest_route=%2Fwp%2Fv2%2Fproduct_brand&post=1615"},{"taxonomy":"product_cat","embeddable":true,"href":"https:\/\/diversityspace.de\/index.php?rest_route=%2Fwp%2Fv2%2Fproduct_cat&post=1615"},{"taxonomy":"product_tag","embeddable":true,"href":"https:\/\/diversityspace.de\/index.php?rest_route=%2Fwp%2Fv2%2Fproduct_tag&post=1615"}],"curies":[{"name":"wp","href":"https:\/\/api.w.org\/{rel}","templated":true}]}}