{"id":1617,"date":"2025-10-25T14:14:30","date_gmt":"2025-10-25T12:14:30","guid":{"rendered":"https:\/\/diversityspace.de\/?post_type=product&#038;p=1617"},"modified":"2026-02-11T20:18:20","modified_gmt":"2026-02-11T19:18:20","slug":"puzzle-der-menschliche-koerper","status":"publish","type":"product","link":"https:\/\/diversityspace.de\/?product=puzzle-der-menschliche-koerper","title":{"rendered":"Puzzle \u2013 Der menschliche K\u00f6rper"},"content":{"rendered":"<p><strong>Beschreibung der Hersteller*innen<\/strong><\/p>\n<p>Ihr Kind hat viele Fragen \u00fcber den menschlichen K\u00f6rper? Wie atmen wir oder wie bewegen wir unsere Finger? Dieses Set mit 4 riesigen Lernpuzzles erm\u00f6glicht es dem Kind, Antworten auf seine Fragen zu finden und dabei Spa\u00df zu haben. Ab einem Alter von 5 Jahren sind Kinder in der Lage, die k\u00f6rperlichen Unterschiede zwischen M\u00e4dchen und Jungen zu entdecken und zu verstehen, wie ihr eigener K\u00f6rper funktioniert. Das Set besteht aus einem 50-teiligen doppelseitigen Puzzle (M\u00e4dchen\/Junge), einem 75-teiligen Puzzle mit den Organen des menschlichen K\u00f6rpers und einem 100-teiligen phosphoreszierenden Puzzle mit dem Skelett. Jedes der 1 Meter hohen Puzzle ist mit detaillierten Lernkarten ausgestattet, um es den Kindern zu erleichtern, die verschiedenen Teile des menschlichen K\u00f6rpers zu verstehen und zu erkennen. Die enthaltenen Karten sind in 12 Sprachen erh\u00e4ltlich: Franz\u00f6sisch, Englisch, Deutsch, Niederl\u00e4ndisch, Polnisch, Russisch, Spanisch, Portugiesisch, Katalanisch, Baskisch, Slowakisch, Tschechisch \u00a9 Janod<\/p>\n<p><strong>Diversit\u00e4tsreflexivit\u00e4t des Produktes<\/strong><\/p>\n<p style=\"font-weight: 400;\">Das Puzzleset thematisiert den menschlichen K\u00f6rper und bietet einen Einblick in dessen Aufbau. Im Set sind drei Puzzle enthalten, die verschiedenen Ebenen des K\u00f6rpers aufzeigen: Die Haut, die Organe und das Skelett. Es ist beidseitig bedruckt und stellt jeweils einen weiblichen* und einen m\u00e4nnlichen* Kinderk\u00f6rper dar. Eine Seite zeigt eine Schwarze Person, die andere einen wei\u00dfen K\u00f6rper. Die Diversit\u00e4tskategorien Body, Gender und Race* werden auf empowernde und normalisierende Weise dargestellt. Gleichzeitig bleibt die dargestellte Diversit\u00e4t, vor allem in Bezug auf die Diversit\u00e4tskategorie Body, begrenzt. K\u00f6rper mit Behinderung werden beispielsweise nicht sichtbar gemacht. Damit reproduziert das Puzzle Vorstellungen eines stereotypen K\u00f6rpers, die der Realit\u00e4t erst einmal nicht gerecht werden kann. Dies k\u00f6nnte ein Gespr\u00e4chsanlass sein \u00fcber verschiedene K\u00f6rperformen und -ausstattungen zu sprechen. Das Puzzleset kann zum Nachdenken \u00fcber Gemeinsamkeiten und Unterschiede von menschlichen K\u00f6rpern anregen. Es erm\u00f6glicht zudem, \u00fcber K\u00f6rper und Identit\u00e4t nachzudenken sowie Zuschreibungen auf Grundlage \u00e4u\u00dferer Erscheinungsmerkmale (z.B. in Bezug auf Geschlecht) zu reflektieren und diese kritisch zu hinterfragen.<\/p>\n","protected":false},"excerpt":{"rendered":"<p>Beschreibung der Hersteller*innen Ihr Kind hat viele Fragen \u00fcber den menschlichen K\u00f6rper? Wie atmen wir oder wie bewegen wir unsere Finger? Dieses Set mit 4 riesigen Lernpuzzles erm\u00f6glicht es dem Kind, Antworten auf seine Fragen zu finden und dabei Spa\u00df zu haben. Ab einem Alter von 5 Jahren sind Kinder in der Lage, die k\u00f6rperlichen [&hellip;]<\/p>\n","protected":false},"featured_media":1618,"comment_status":"open","ping_status":"closed","template":"","meta":[],"product_brand":[],"product_cat":[284,285,282],"product_tag":[201],"class_list":{"0":"post-1617","1":"product","2":"type-product","3":"status-publish","4":"has-post-thumbnail","6":"product_cat-body","7":"product_cat-gender","8":"product_cat-race","9":"product_tag-normalisierung-und-empowerment","11":"first","12":"instock","13":"shipping-taxable","14":"purchasable","15":"product-type-simple"},"_links":{"self":[{"href":"https:\/\/diversityspace.de\/index.php?rest_route=\/wp\/v2\/product\/1617","targetHints":{"allow":["GET"]}}],"collection":[{"href":"https:\/\/diversityspace.de\/index.php?rest_route=\/wp\/v2\/product"}],"about":[{"href":"https:\/\/diversityspace.de\/index.php?rest_route=\/wp\/v2\/types\/product"}],"replies":[{"embeddable":true,"href":"https:\/\/diversityspace.de\/index.php?rest_route=%2Fwp%2Fv2%2Fcomments&post=1617"}],"wp:featuredmedia":[{"embeddable":true,"href":"https:\/\/diversityspace.de\/index.php?rest_route=\/wp\/v2\/media\/1618"}],"wp:attachment":[{"href":"https:\/\/diversityspace.de\/index.php?rest_route=%2Fwp%2Fv2%2Fmedia&parent=1617"}],"wp:term":[{"taxonomy":"product_brand","embeddable":true,"href":"https:\/\/diversityspace.de\/index.php?rest_route=%2Fwp%2Fv2%2Fproduct_brand&post=1617"},{"taxonomy":"product_cat","embeddable":true,"href":"https:\/\/diversityspace.de\/index.php?rest_route=%2Fwp%2Fv2%2Fproduct_cat&post=1617"},{"taxonomy":"product_tag","embeddable":true,"href":"https:\/\/diversityspace.de\/index.php?rest_route=%2Fwp%2Fv2%2Fproduct_tag&post=1617"}],"curies":[{"name":"wp","href":"https:\/\/api.w.org\/{rel}","templated":true}]}}