{"id":1619,"date":"2025-10-25T14:13:06","date_gmt":"2025-10-25T12:13:06","guid":{"rendered":"https:\/\/diversityspace.de\/?post_type=product&#038;p=1619"},"modified":"2026-02-11T20:19:31","modified_gmt":"2026-02-11T19:19:31","slug":"buch-gefuehle-sind-fuer-alle-da-von-susann-hoffmann","status":"publish","type":"product","link":"https:\/\/diversityspace.de\/?product=buch-gefuehle-sind-fuer-alle-da-von-susann-hoffmann","title":{"rendered":"Buch \u2013 Gef\u00fchle sind f\u00fcr alle da!  von Susann Hoffmann"},"content":{"rendered":"<p><strong>Verlagsbeschreibung<\/strong><\/p>\n<p>Jungs sind mutig und M\u00e4dchen immer lieb? Wir glauben \u2013 N\u00f6! In ihrem neuen Band \u201cGef\u00fchle sind f\u00fcr alle da\u201d zeigt Autorin und Illustratorin Susann Hoffmann die ganze Bandbreite der Emotionen, ohne dabei stereotype Rollenbilder zu bedienen. So verstehen schon die J\u00fcngsten, dass alle Gef\u00fchle wichtig sind und Raum einnehmen d\u00fcrfen. Das neue Pappbilderbuch aus unserer beliebten Reihe ist gewohnt inklusiv und geschlechtergerecht gestaltet, sodass es die Vielfalt von Kindern und ihren Gef\u00fchlen anschaulich abbildet. \u00a9 Zuckers\u00fc\u00df Verlag<\/p>\n<p><strong>Diversit\u00e4tsreflexivit\u00e4t des Materials\u00a0<\/strong><\/p>\n<p style=\"font-weight: 400;\">Im Bilderbuch \u201eGef\u00fchle sind f\u00fcr alle da\u201c werden Stereotype in Bezug auf Gender und Gef\u00fchle dekonstruiert. Das Buch thematisiert verschiedene Gef\u00fchle, ohne sie in Verbindung mit einem Geschlecht zu setzen. Durch den Ausspruch \u201eGef\u00fchle sind f\u00fcr alle da!\u201c wird indirekt vermittelt, dass dem nicht so sein k\u00f6nnte. Vielf\u00e4ltiges Gef\u00fchlserleben wird als menschliche Erfahrung generell dargestellt und so normalisiert. Kinder erhalten Vokabeln f\u00fcr Gef\u00fchle und dass diese begr\u00fcndet und gut sind. Unterst\u00fctzt wird dies durch Illustrationen, die Kinder unterschiedlichen Alters und mit verschiedenen Hautfarben zeigen.<br \/>\nDas Buch kann Anlass bieten, \u00fcber Emotionen zu sprechen und Kinder in ihrem individuellen Gef\u00fchlserleben p\u00e4dagogisch zu begleiten. Daf\u00fcr ist neben Wissen zur emotionalen Entwicklung auch die Reflexion eigener Stereotype, insbesondere der eigenen Erwartungen an erw\u00fcnschtes Verhalten von M\u00e4dchen* und Jungen*, bedeutsam.<\/p>\n","protected":false},"excerpt":{"rendered":"<p>Verlagsbeschreibung Jungs sind mutig und M\u00e4dchen immer lieb? Wir glauben \u2013 N\u00f6! In ihrem neuen Band \u201cGef\u00fchle sind f\u00fcr alle da\u201d zeigt Autorin und Illustratorin Susann Hoffmann die ganze Bandbreite der Emotionen, ohne dabei stereotype Rollenbilder zu bedienen. So verstehen schon die J\u00fcngsten, dass alle Gef\u00fchle wichtig sind und Raum einnehmen d\u00fcrfen. Das neue Pappbilderbuch [&hellip;]<\/p>\n","protected":false},"featured_media":1620,"comment_status":"open","ping_status":"closed","template":"","meta":[],"product_brand":[],"product_cat":[285,282],"product_tag":[160],"class_list":{"0":"post-1619","1":"product","2":"type-product","3":"status-publish","4":"has-post-thumbnail","6":"product_cat-gender","7":"product_cat-race","8":"product_tag-normalisierung-und-dekonstruktion","10":"first","11":"instock","12":"shipping-taxable","13":"purchasable","14":"product-type-simple"},"_links":{"self":[{"href":"https:\/\/diversityspace.de\/index.php?rest_route=\/wp\/v2\/product\/1619","targetHints":{"allow":["GET"]}}],"collection":[{"href":"https:\/\/diversityspace.de\/index.php?rest_route=\/wp\/v2\/product"}],"about":[{"href":"https:\/\/diversityspace.de\/index.php?rest_route=\/wp\/v2\/types\/product"}],"replies":[{"embeddable":true,"href":"https:\/\/diversityspace.de\/index.php?rest_route=%2Fwp%2Fv2%2Fcomments&post=1619"}],"wp:featuredmedia":[{"embeddable":true,"href":"https:\/\/diversityspace.de\/index.php?rest_route=\/wp\/v2\/media\/1620"}],"wp:attachment":[{"href":"https:\/\/diversityspace.de\/index.php?rest_route=%2Fwp%2Fv2%2Fmedia&parent=1619"}],"wp:term":[{"taxonomy":"product_brand","embeddable":true,"href":"https:\/\/diversityspace.de\/index.php?rest_route=%2Fwp%2Fv2%2Fproduct_brand&post=1619"},{"taxonomy":"product_cat","embeddable":true,"href":"https:\/\/diversityspace.de\/index.php?rest_route=%2Fwp%2Fv2%2Fproduct_cat&post=1619"},{"taxonomy":"product_tag","embeddable":true,"href":"https:\/\/diversityspace.de\/index.php?rest_route=%2Fwp%2Fv2%2Fproduct_tag&post=1619"}],"curies":[{"name":"wp","href":"https:\/\/api.w.org\/{rel}","templated":true}]}}