{"id":1621,"date":"2025-10-25T14:12:41","date_gmt":"2025-10-25T12:12:41","guid":{"rendered":"https:\/\/diversityspace.de\/?post_type=product&#038;p=1621"},"modified":"2026-02-11T20:26:23","modified_gmt":"2026-02-11T19:26:23","slug":"buch-spielzeug-ist-fuer-alle-da-von-susann-hoffmann","status":"publish","type":"product","link":"https:\/\/diversityspace.de\/?product=buch-spielzeug-ist-fuer-alle-da-von-susann-hoffmann","title":{"rendered":"Buch \u2013 Spielzeug ist f\u00fcr alle da! von Susann Hoffmann"},"content":{"rendered":"<p><strong>Verlagsbeschreibung<\/strong><\/p>\n<p>Ist Werkzeug nur was f\u00fcr Jungs? Sind Puppen nur was f\u00fcr M\u00e4dchen?<br \/>\nDieses zauberhafte Pappbilderbuch r\u00e4umt schon f\u00fcr Kleinkinder mit \u00fcberholten Rollenbildern auf.<br \/>\n\u201eSpielzeug ist f\u00fcr alle da\u201d l\u00e4dt Kinder ein, sich unabh\u00e4ngig von ihrem Geschlecht frei zu entfalten \u2013 egal mit welchem Spielzeug. Sanft und altersgerecht brechen die bunten Doppelseiten mit tradierten Geschlechterklischees und zeigen uns, dass Kinder vor allem eins sein sollten: sie selbst.<\/p>\n<p>\u2022 Vielf\u00e4ltig, inklusiv und geschlechtergerecht illustriert und geschrieben<br \/>\n\u2022 St\u00e4rkt Selbstbewusstsein und freie Entfaltung schon bei kleinsten Kindern<br \/>\n\u2022 Klimaneutral in Europa produziert \u00a9 Zuckers\u00fc\u00df Verlag<\/p>\n<p><strong>Diversit\u00e4tsreflexivit\u00e4t des Materials\u00a0<\/strong><\/p>\n<p>Das Bilderbuch \u201eSpielzeug ist f\u00fcr alle da!\u201c schlie\u00dft an allt\u00e4gliche Erfahrungen von Kindern an. Es verdeutlicht, dass Spielzeug keine Frage von Gender, sondern von Freude, Neugier und Interesse ist. Individuelle Vorlieben werden normalisiert und Stereotype aufgebrochen (Dekonstruktion), ohne dass bestimmte Gruppen (z.B. Jungen*) adressiert und markiert werden. Empowerment im Sinne einer St\u00e4rkung in der Identit\u00e4t als z.B. weibliche* Person kann das Buch allein nicht leisten. Das Buch kann jedoch als Impuls dienen, um Geschlechterstereotype mit Kindern anhand von Alltagssituationen zu besprechen. Mit dem Fokus auf individuelle Vorlieben kann es zudem zu F\u00f6rderung von Selbstbestimmung beitragen. Kenntnisse zu den eigenen biografischen Erfahrungen in Bezug auf Erwartungen an M\u00e4dchen* und Jungen* sowie die eigenen Vorannahmen k\u00f6nnen f\u00fcr den Einsatz hilfreich sein.<\/p>\n","protected":false},"excerpt":{"rendered":"<p>Verlagsbeschreibung Ist Werkzeug nur was f\u00fcr Jungs? Sind Puppen nur was f\u00fcr M\u00e4dchen? Dieses zauberhafte Pappbilderbuch r\u00e4umt schon f\u00fcr Kleinkinder mit \u00fcberholten Rollenbildern auf. \u201eSpielzeug ist f\u00fcr alle da\u201d l\u00e4dt Kinder ein, sich unabh\u00e4ngig von ihrem Geschlecht frei zu entfalten \u2013 egal mit welchem Spielzeug. Sanft und altersgerecht brechen die bunten Doppelseiten mit tradierten Geschlechterklischees [&hellip;]<\/p>\n","protected":false},"featured_media":1622,"comment_status":"open","ping_status":"closed","template":"","meta":[],"product_brand":[],"product_cat":[285,282],"product_tag":[160],"class_list":{"0":"post-1621","1":"product","2":"type-product","3":"status-publish","4":"has-post-thumbnail","6":"product_cat-gender","7":"product_cat-race","8":"product_tag-normalisierung-und-dekonstruktion","10":"first","11":"instock","12":"shipping-taxable","13":"purchasable","14":"product-type-simple"},"_links":{"self":[{"href":"https:\/\/diversityspace.de\/index.php?rest_route=\/wp\/v2\/product\/1621","targetHints":{"allow":["GET"]}}],"collection":[{"href":"https:\/\/diversityspace.de\/index.php?rest_route=\/wp\/v2\/product"}],"about":[{"href":"https:\/\/diversityspace.de\/index.php?rest_route=\/wp\/v2\/types\/product"}],"replies":[{"embeddable":true,"href":"https:\/\/diversityspace.de\/index.php?rest_route=%2Fwp%2Fv2%2Fcomments&post=1621"}],"wp:featuredmedia":[{"embeddable":true,"href":"https:\/\/diversityspace.de\/index.php?rest_route=\/wp\/v2\/media\/1622"}],"wp:attachment":[{"href":"https:\/\/diversityspace.de\/index.php?rest_route=%2Fwp%2Fv2%2Fmedia&parent=1621"}],"wp:term":[{"taxonomy":"product_brand","embeddable":true,"href":"https:\/\/diversityspace.de\/index.php?rest_route=%2Fwp%2Fv2%2Fproduct_brand&post=1621"},{"taxonomy":"product_cat","embeddable":true,"href":"https:\/\/diversityspace.de\/index.php?rest_route=%2Fwp%2Fv2%2Fproduct_cat&post=1621"},{"taxonomy":"product_tag","embeddable":true,"href":"https:\/\/diversityspace.de\/index.php?rest_route=%2Fwp%2Fv2%2Fproduct_tag&post=1621"}],"curies":[{"name":"wp","href":"https:\/\/api.w.org\/{rel}","templated":true}]}}