{"id":1623,"date":"2025-10-25T14:11:03","date_gmt":"2025-10-25T12:11:03","guid":{"rendered":"https:\/\/diversityspace.de\/?post_type=product&#038;p=1623"},"modified":"2026-02-11T20:28:19","modified_gmt":"2026-02-11T19:28:19","slug":"buch-berufe-sind-fuer-alle-da-von-susann-hoffmann","status":"publish","type":"product","link":"https:\/\/diversityspace.de\/?product=buch-berufe-sind-fuer-alle-da-von-susann-hoffmann","title":{"rendered":"Buch \u2013 Berufe sind f\u00fcr alle da! von Susann Hoffmann"},"content":{"rendered":"<p><strong>Verlagsbeschreibung<\/strong><\/p>\n<p>Jungs werden Feuerwehrm\u00e4nner und M\u00e4dchen stehen auf Tanzen und Mode? Auch im neuen Band \u201cBerufe sind f\u00fcr alle da\u201d r\u00e4umt Autorin und Illustratorin Susann Hoffmann mit stereotypen Rollenbildern auf. Wenn wir unseren Kindern Vielfalt jenseits g\u00e4ngiger Geschlechterrollen nahelegen m\u00f6chten, dann ist Sichtbarkeit der Schl\u00fcssel zum bunten Weltbild der Kleinsten. Das neue Pappbilderbuch aus unserer beliebten Reihe erz\u00e4hlt und zeigt in einfacher Sprache und inklusiven Bildern: Es gibt viele spannende Berufe, von denen jedes Kind tr\u00e4umen kann. \u00a9 Zuckers\u00fc\u00df Verlag<\/p>\n<p><strong>Diversit\u00e4tsreflexivit\u00e4t des Produktes<\/strong><\/p>\n<p style=\"font-weight: 400;\">Im Buch \u201eBerufe sind f\u00fcr alle da!\u201c bietet Kindern Einblick in die Berufswelt. Es zeigt unterschiedliche T\u00e4tigkeiten und Arbeitsbereiche, ohne sie an Gender, Race* oder Body zu koppeln. Vorstellungen von bestimmten Menschen in Berufen werden infrage gestellt, indem die Vielfalt in der Berufswelt als Teil gesellschaftlicher Normalit\u00e4t dargestellt wird. Zur Normalisierung von Unterschieden tragen die Illustrationen bei, die Personen mit unterschiedlichen Hautfarben und sichtbarer Behinderung zeigen. Das Buch kann als Gespr\u00e4chsanlass dienen, um mit Kindern \u00fcber individuelle Interessen, F\u00e4higkeiten und Vorstellungen von Arbeit sowie \u00fcber Vorurteile zu sprechen. Eine kritische Reflexion von struktureller Diskriminierung und Privilegien etwa in Bezug auf Berufszug\u00e4nge nimmt das Buch nicht vor. Biografische Erfahrungen in Bezug auf die eigenen Vorannahmen zu bestimmten Berufen, der Leistungsf\u00e4higkeit von Personen oder Erwartungen an T\u00e4tigkeiten in Berufen sollten vorab von der Fachkraft reflektiert werden sein, um angemessen auf Anfragen der Kinder reagieren zu k\u00f6nnen.<\/p>\n","protected":false},"excerpt":{"rendered":"<p>Verlagsbeschreibung Jungs werden Feuerwehrm\u00e4nner und M\u00e4dchen stehen auf Tanzen und Mode? Auch im neuen Band \u201cBerufe sind f\u00fcr alle da\u201d r\u00e4umt Autorin und Illustratorin Susann Hoffmann mit stereotypen Rollenbildern auf. Wenn wir unseren Kindern Vielfalt jenseits g\u00e4ngiger Geschlechterrollen nahelegen m\u00f6chten, dann ist Sichtbarkeit der Schl\u00fcssel zum bunten Weltbild der Kleinsten. Das neue Pappbilderbuch aus unserer [&hellip;]<\/p>\n","protected":false},"featured_media":1624,"comment_status":"open","ping_status":"closed","template":"","meta":[],"product_brand":[],"product_cat":[284,285,282],"product_tag":[160],"class_list":{"0":"post-1623","1":"product","2":"type-product","3":"status-publish","4":"has-post-thumbnail","6":"product_cat-body","7":"product_cat-gender","8":"product_cat-race","9":"product_tag-normalisierung-und-dekonstruktion","11":"first","12":"instock","13":"shipping-taxable","14":"purchasable","15":"product-type-simple"},"_links":{"self":[{"href":"https:\/\/diversityspace.de\/index.php?rest_route=\/wp\/v2\/product\/1623","targetHints":{"allow":["GET"]}}],"collection":[{"href":"https:\/\/diversityspace.de\/index.php?rest_route=\/wp\/v2\/product"}],"about":[{"href":"https:\/\/diversityspace.de\/index.php?rest_route=\/wp\/v2\/types\/product"}],"replies":[{"embeddable":true,"href":"https:\/\/diversityspace.de\/index.php?rest_route=%2Fwp%2Fv2%2Fcomments&post=1623"}],"wp:featuredmedia":[{"embeddable":true,"href":"https:\/\/diversityspace.de\/index.php?rest_route=\/wp\/v2\/media\/1624"}],"wp:attachment":[{"href":"https:\/\/diversityspace.de\/index.php?rest_route=%2Fwp%2Fv2%2Fmedia&parent=1623"}],"wp:term":[{"taxonomy":"product_brand","embeddable":true,"href":"https:\/\/diversityspace.de\/index.php?rest_route=%2Fwp%2Fv2%2Fproduct_brand&post=1623"},{"taxonomy":"product_cat","embeddable":true,"href":"https:\/\/diversityspace.de\/index.php?rest_route=%2Fwp%2Fv2%2Fproduct_cat&post=1623"},{"taxonomy":"product_tag","embeddable":true,"href":"https:\/\/diversityspace.de\/index.php?rest_route=%2Fwp%2Fv2%2Fproduct_tag&post=1623"}],"curies":[{"name":"wp","href":"https:\/\/api.w.org\/{rel}","templated":true}]}}