{"id":1625,"date":"2025-10-25T14:10:30","date_gmt":"2025-10-25T12:10:30","guid":{"rendered":"https:\/\/diversityspace.de\/?post_type=product&#038;p=1625"},"modified":"2026-02-11T20:28:56","modified_gmt":"2026-02-11T19:28:56","slug":"buch-wer-holt-dich-von-der-kita-ab-von-anna-taube-und-meike-toepperwien","status":"publish","type":"product","link":"https:\/\/diversityspace.de\/?product=buch-wer-holt-dich-von-der-kita-ab-von-anna-taube-und-meike-toepperwien","title":{"rendered":"Buch \u2013 Wer holt dich von der Kita ab? von Anna Taube und Meike T\u00f6pperwien"},"content":{"rendered":"<p><strong>Verlagsbeschreibung<\/strong><\/p>\n<p>&#8222;Wer holt dich von der Kita ab?&#8220; von Anna Taube ist ein farbenfrohes und lebendiges Buch, das Kinder durch den Alltag in der Kita begleitet. Wenn der aufregende Tag in der Kita zu Ende geht, beginnt die Spannung in der Garderobe, wo die Kinder gespannt darauf warten, von ihren Familien abgeholt zu werden. Das Buch stellt auf unterhaltsame Weise die Vielfalt der Familienkonstellationen vor, die die Kinder abholen \u2013 von Mamas und Papas \u00fcber Geschwister bis hin zu Patchwork-, Regenbogen-, Gro\u00df- und Kleinstfamilien. Diese Darstellung tr\u00e4gt dazu bei, Kindern auf einf\u00fchlsame Weise die unterschiedlichen Formen von Familien n\u00e4herzubringen, die in ihrer eigenen Gruppe oder ihrem Umfeld vorkommen k\u00f6nnen.<\/p>\n<p>Neben der Thematisierung von Familienvielfalt zeichnet sich das Buch durch seine wimmeligen Illustrationen und kindgerechten Suchaufgaben aus, die direkt aus dem Kita-Alltag gegriffen sind. Die witzigen Illustrationen und Figuren machen Spa\u00df und laden zum Entdecken und Verweilen auf den Seiten ein. &#8222;Wer holt dich von der Kita ab?&#8220; ist nicht nur ein Spiegelbild der bunten und vielf\u00e4ltigen Realit\u00e4t, sondern auch ein wertvolles Werkzeug f\u00fcr Eltern und Erzieher, um mit Kindern \u00fcber die Vielfalt der Lebensformen zu sprechen und Toleranz sowie Offenheit zu f\u00f6rdern.<\/p>\n<ul>\n<li>Vielf\u00e4ltige Darstellung von Familien: Ein kindgerechter Einblick in die unterschiedlichen Familienformen, die die gesellschaftliche Realit\u00e4t widerspiegeln.<\/li>\n<li>Wimmelbuch mit Suchaufgaben: Kombiniert den Kita-Alltag mit dem beliebten Konzept der Wimmelbilder und f\u00f6rdert so spielerisch die Beobachtungsgabe und Konzentration der Kinder.<\/li>\n<li>Witzige und ansprechende Illustrationen: Die Illustrationen sind nicht nur humorvoll, sondern auch so gestaltet, dass sie die Kinder zum Lachen bringen und zum genauen Hinschauen anregen.<\/li>\n<li>F\u00f6rderung von Toleranz und Offenheit: Unterst\u00fctzt Eltern und Erzieher dabei, mit Kindern ab 2 Jahren \u00fcber Vielfalt zu sprechen und ein Verst\u00e4ndnis f\u00fcr unterschiedliche Lebensformen zu entwickeln.<\/li>\n<li>Empfohlen von Stiftung Lesen: Ein Qualit\u00e4tsmerkmal, das Eltern versichert, dass sie mit diesem Buch eine p\u00e4dagogisch wertvolle Wahl treffen.<\/li>\n<li>Positive Kritikerstimmen: Gelobt f\u00fcr die leichte und humorvolle Darstellung von Vielfalt, bietet das Buch eine unbeschwerte M\u00f6glichkeit, wichtige Gespr\u00e4che zu f\u00fchren. \u00a9 Verlagsgruppe Oetinger<\/li>\n<\/ul>\n<p><strong>Diversit\u00e4tsreflexivit\u00e4t des Produktes<\/strong><\/p>\n<p style=\"font-weight: 400;\">Das Bilderbuch \u201eWer holt sich von der Kita ab?\u201c stellt Abholsituationen in einer Kita dar. Es thematisiert dabei Vielfalt von Familienformen, ankn\u00fcpfend an allt\u00e4gliche Erfahrungen von Kita-Kindern. Verschiedene Abholsituationen werden normalisiert und so ein stereotypes, traditionelles Bild von Familie erweitert. Verschiedene Familienformen und die zugeh\u00f6rigen Kinder werden empowert. Diversit\u00e4tsaspekte wie unterschiedliche Hautfarben und sichtbare Behinderungen werden in den Illustrationen ber\u00fccksichtigt. Das Buch erm\u00f6glicht \u00fcber Familienformen in der Kita und dar\u00fcber hinaus, z.B. \u00fcber Gewohnheiten und Rituale der Familien, ins Gespr\u00e4ch zu kommen. P\u00e4dagogische Fachkr\u00e4fte sollten Kenntnisse zu famili\u00e4ren Praktiken und deren Bedeutung f\u00fcr den Alltag der Kinder haben und eigene Annahmen zu \u201eguter\u201c Elternschaft reflektieren k\u00f6nnen. Eine offene und zugewandte Gespr\u00e4chsf\u00fchrung ohne Bewertung erm\u00f6glicht Kindern andere Lebensweisen anzuerkennen ohne diese werten zu m\u00fcssen.<\/p>\n","protected":false},"excerpt":{"rendered":"<p>Verlagsbeschreibung &#8222;Wer holt dich von der Kita ab?&#8220; von Anna Taube ist ein farbenfrohes und lebendiges Buch, das Kinder durch den Alltag in der Kita begleitet. Wenn der aufregende Tag in der Kita zu Ende geht, beginnt die Spannung in der Garderobe, wo die Kinder gespannt darauf warten, von ihren Familien abgeholt zu werden. Das [&hellip;]<\/p>\n","protected":false},"featured_media":1626,"comment_status":"open","ping_status":"closed","template":"","meta":[],"product_brand":[],"product_cat":[284,285,282],"product_tag":[201],"class_list":{"0":"post-1625","1":"product","2":"type-product","3":"status-publish","4":"has-post-thumbnail","6":"product_cat-body","7":"product_cat-gender","8":"product_cat-race","9":"product_tag-normalisierung-und-empowerment","11":"first","12":"instock","13":"shipping-taxable","14":"purchasable","15":"product-type-simple"},"_links":{"self":[{"href":"https:\/\/diversityspace.de\/index.php?rest_route=\/wp\/v2\/product\/1625","targetHints":{"allow":["GET"]}}],"collection":[{"href":"https:\/\/diversityspace.de\/index.php?rest_route=\/wp\/v2\/product"}],"about":[{"href":"https:\/\/diversityspace.de\/index.php?rest_route=\/wp\/v2\/types\/product"}],"replies":[{"embeddable":true,"href":"https:\/\/diversityspace.de\/index.php?rest_route=%2Fwp%2Fv2%2Fcomments&post=1625"}],"wp:featuredmedia":[{"embeddable":true,"href":"https:\/\/diversityspace.de\/index.php?rest_route=\/wp\/v2\/media\/1626"}],"wp:attachment":[{"href":"https:\/\/diversityspace.de\/index.php?rest_route=%2Fwp%2Fv2%2Fmedia&parent=1625"}],"wp:term":[{"taxonomy":"product_brand","embeddable":true,"href":"https:\/\/diversityspace.de\/index.php?rest_route=%2Fwp%2Fv2%2Fproduct_brand&post=1625"},{"taxonomy":"product_cat","embeddable":true,"href":"https:\/\/diversityspace.de\/index.php?rest_route=%2Fwp%2Fv2%2Fproduct_cat&post=1625"},{"taxonomy":"product_tag","embeddable":true,"href":"https:\/\/diversityspace.de\/index.php?rest_route=%2Fwp%2Fv2%2Fproduct_tag&post=1625"}],"curies":[{"name":"wp","href":"https:\/\/api.w.org\/{rel}","templated":true}]}}